{"id":1007,"date":"2021-11-18T13:26:50","date_gmt":"2021-11-18T12:26:50","guid":{"rendered":"http:\/\/florence.voisin.cc\/?page_id=1007"},"modified":"2025-05-04T22:49:47","modified_gmt":"2025-05-04T20:49:47","slug":"inventaire","status":"publish","type":"page","link":"https:\/\/florence.voisin.cc\/index.php\/etabli\/inventaire\/","title":{"rendered":"Inventaire"},"content":{"rendered":"\n<p class=\"has-barlow-font-family has-custom-font\" style=\"font-family:Barlow;font-size:13px\">Pont de Montvert, Juillet 2021<br>Toutes les heures, du haut de la tour, son d&#8217;une casserole tap\u00e9e avec un ustensile en bois, r\u00e9sonne dans la vall\u00e9e.<\/p>\n\n\n\n<p><\/p>\n\n\n\n<p class=\"has-barlow-font-family has-custom-font\" style=\"font-family:Barlow;font-size:13px\">Pont de Normandie, ao\u00fbt 2021<br>Xylop\u00e9age, vent. Tubes en m\u00e9tal peinture &#8220;rubalise&#8221;.<\/p>\n\n\n\n<p><\/p>\n\n\n\n<p>Douarnenez, ao\u00fbt 2021, cimeti\u00e8re du Tr\u00e9boul, 8h<br>Souffleuse \u00e0 r\u00e9veiller les morts.<\/p>\n\n\n\n<p><\/p>\n\n\n\n<p class=\"has-barlow-font-family has-custom-font\" style=\"font-family:Barlow;font-size:13px\">Paris, novembre 2021, 1 Rue Turbigo, 8h37, 9h12<br>Sir\u00e8nes. Fr\u00e9quences multiples. Appels \u00e0 immersion dans les profondeurs du m\u00e9tro par des dizaines de sifflements aigus en canon.<\/p>\n\n\n\n<p><\/p>\n\n\n\n<p class=\"has-barlow-font-family has-custom-font has-custom-letterspacing\" style=\"font-family:Barlow;letter-spacing:1px;font-size:13px\">Paris, novembre 2021, Chaligny<br>Manifestations intempestives, sans logique connue, ou reconnue, de tapements ressemblants \u00e0 ceux d&#8217;une machine \u00e0 \u00e9crire, provenants d&#8217;une bo\u00eete imp\u00e9n\u00e9trable en plastique beige-gris, dans l&#8217;entr\u00e9e de la chambre d&#8217;h\u00f4tel.<\/p>\n\n\n\n<p><\/p>\n\n\n\n<p class=\"has-barlow-font-family has-custom-font\" style=\"font-family:Barlow;font-size:13px\">Paris, novembre 2021, Chaligny<br>Demi sommeil color\u00e9 par les cris d&#8217;une bande de mouettes. R\u00eave en maillot de bain.<\/p>\n\n\n\n<p><\/p>\n\n\n\n<p class=\"has-barlow-font-family has-custom-font has-custom-letterspacing\" style=\"font-family:Barlow;letter-spacing:1px;font-size:13px\">Le Havre, d\u00e9cembre 2021, grande plage 23h30<br>Vagues qui se fracassent en se fondant dans la digue. Font rouler les gros galets en se retirant. Rauque.<\/p>\n\n\n\n<p><\/p>\n\n\n\n<p class=\"has-barlow-font-family has-custom-font has-custom-letterspacing\" style=\"font-family:Barlow;letter-spacing:1px;font-size:13px\">Le Havre, d\u00e9cembre 2021, rue Delavigne, quand la lumi\u00e8re du salon est allum\u00e9e<br>Fr\u00e9quence aigu\u00eb, continue, gr\u00e9sillement.<\/p>\n\n\n\n<p><\/p>\n\n\n\n<p class=\"has-barlow-font-family has-custom-font has-custom-letterspacing\" style=\"font-family:Barlow;letter-spacing:1px;font-size:13px\">Longaulnay, d\u00e9cembre 2021, la b\u00eache, nuit<br>A l&#8217;aff\u00fbt du cri de l&#8217;Effraie. Silence.<\/p>\n\n\n\n<p><\/p>\n\n\n\n<p class=\"has-barlow-font-family has-custom-font has-custom-letterspacing\" style=\"font-family:Barlow;letter-spacing:1px;font-size:13px\">Agde, janvier 2022, 9h02<br>R\u00e9veil robot aspirateur automatique. Voix journalistique f\u00e9minine.<br>&#8220;Le robot est pr\u00eat \u00e0 commencer un nouveau nettoyage.<br>Veuillez repositionner l&#8217;appareil<br>Le repositionnement \u00e0 \u00e9chou\u00e9<br>Veuillez nettoyer la roue gauche du robot&#8221;<br><\/p>\n\n\n\n<p class=\"has-barlow-font-family has-custom-font\" style=\"font-family:Barlow;font-size:13px\">Vivier-sur-mer, janvier 2022, mar\u00e9e basse<br>Cr\u00e9pitements aigus provenant de mes empreintes dans la vase.<\/p>\n\n\n\n<p><\/p>\n\n\n\n<p class=\"has-barlow-font-family has-custom-font has-custom-lineheight has-custom-letterspacing\" style=\"font-family:Barlow;line-height:1.44;letter-spacing:1px;font-size:13px\">Rennes, janvier 2022, dimanche, 5h15<br>Chants d&#8217;oiseaux clairs, r\u00e9verb\u00e9r\u00e9s dans les rues vid\u00e9es des vies humaines.<\/p>\n\n\n\n<p><\/p>\n\n\n\n<p class=\"has-barlow-font-family has-custom-font has-custom-letterspacing\" style=\"font-family:Barlow;letter-spacing:1px;font-size:13px\">Angoul\u00eame, f\u00e9vrier 2022, Waldeck<br>Plancher qui craque, comme les souvenirs qui r\u00e9sonnent entre les murs roses.<\/p>\n\n\n\n<p><\/p>\n\n\n\n<p class=\"has-barlow-font-family has-custom-font has-custom-letterspacing\" style=\"font-family:Barlow;letter-spacing:1px;font-size:13px\">Dou\u00e9, f\u00e9vrier 2022, Le Pressoir<br>Vibration du c\u00e2ble m\u00e9tallique tendu par le tire-fort lors de la chute.<\/p>\n\n\n\n<p><\/p>\n\n\n\n<p class=\"has-barlow-font-family has-custom-font has-custom-letterspacing\" style=\"font-family:Barlow;letter-spacing:1px;font-size:13px\">Dou\u00e9, f\u00e9vrier 2022, Le Pressoir<br>Percussion du pied droit qui atteint la cloison OSB quand je suis presqu&#8217;en\u00e9quilibre.<\/p>\n\n\n\n<p><\/p>\n\n\n\n<p class=\"has-barlow-font-family has-custom-font\" style=\"font-family:Barlow;font-size:13px\">St-Thual, mars 2022<br>Zonage \u00e0 v\u00e9lo dans quartier de campagne, cliquetis du d\u00e9railleur quand le p\u00e9dalier est \u00e0 l&#8217;arr\u00eat.<\/p>\n\n\n\n<p><\/p>\n\n\n\n<p class=\"has-barlow-font-family has-custom-font has-custom-letterspacing\" style=\"font-family:Barlow;letter-spacing:1px;font-size:13px\">Centuri, avril 2022, salle d&#8217;eau<br>Jour de temp\u00eate. Bourdon provenant de la fen\u00eatre.<\/p>\n\n\n\n<p><\/p>\n\n\n\n<p class=\"has-barlow-font-family has-custom-font has-custom-letterspacing\" style=\"font-family:Barlow;letter-spacing:1px;font-size:13px\">Morsiglia, avril 2022, maquis bord de mer<br>Hirondelles, s&#8217;\u00e9lancent \u00e0 flanc de montagne, fendent l&#8217;air au dessus de ma t\u00eate en criant.<\/p>\n\n\n\n<p><\/p>\n\n\n\n<p class=\"has-barlow-font-family has-custom-font has-custom-letterspacing\" style=\"font-family:Barlow;letter-spacing:1px;font-size:13px\">Centuri, avril 2022, salle d&#8217;eau<br>Grognements de chien provenant de l&#8217;\u00e9vacuation de la douche.<\/p>\n\n\n\n<p><\/p>\n\n\n\n<p class=\"has-barlow-font-family has-custom-font has-custom-letterspacing\" style=\"font-family:Barlow;letter-spacing:1px;font-size:13px\">Morsiglia, avril 2022, Pino, maquis ch\u00e2taigniers <br>Je ne saurais pas dire si c&#8217;est remarquable&#8230; si ce que j&#8217;ai entendu est pr\u00e9cieux ou pas. rare ou pas. je sais que je l&#8217;ai entendu comme je ne l&#8217;ai jamais entendu avant. j&#8217;aimerais pouvoir le reconna\u00eetre. maintenant que je ne l&#8217;entends plus j&#8217;ai peur de ne plus jamais le rencontrer. j&#8217;ai d\u00e9j\u00e0 oubli\u00e9.<\/p>\n\n\n\n<p><\/p>\n\n\n\n<p class=\"has-barlow-font-family has-custom-font has-custom-letterspacing\" style=\"font-family:Barlow;letter-spacing:1px;font-size:13px\">Longaulnay, mai-juin 2022, la b\u00eache, 2h34, 3h03, 4h46&#8230;<br>Chant? d\u00e9r\u00e9gl\u00e9 d&#8217;un coq pub\u00e8re.<\/p>\n\n\n\n<p><\/p>\n\n\n\n<p>Longaulnay, juin 2022, la b\u00eache, 10h15<br>Hurlements plaintifs de la tron\u00e7onneuse.<\/p>\n\n\n\n<p><\/p>\n\n\n\n<p>Bazouges-la-P\u00e9rouse, ao\u00fbt 2022, For\u00eat de Villecartier, 17h23<br>Mouche. Bourdon \u00e0 panoramique variable.<\/p>\n\n\n\n<p><\/p>\n\n\n\n<p>Maurepas, septembre 2022, Tr\u00e9cesson Bat 1, 10h22<br>Couinements r\u00e9guliers de l&#8217;ascenseur bloqu\u00e9 au RDC.<\/p>\n\n\n\n<p><\/p>\n\n\n\n<p>Pac\u00e9, octobre 2022, spectacle \u00e0 la MJC, 20h<br>Commentaires du rang de derri\u00e8re.<\/p>\n\n\n\n<div class=\"wp-block-columns is-layout-flex wp-container-core-columns-is-layout-1 wp-block-columns-is-layout-flex\">\n<div class=\"wp-block-column is-layout-flow wp-block-column-is-layout-flow\">\n<p>&#8220;oh l\u00e0 c\u2019est quoi \u00e7a ?<\/p>\n<\/div>\n\n\n\n<div class=\"wp-block-column is-layout-flow wp-block-column-is-layout-flow\"><\/div>\n\n\n\n<div class=\"wp-block-column is-layout-flow wp-block-column-is-layout-flow\">\n<p>c\u2019est une tente.<\/p>\n<\/div>\n<\/div>\n\n\n\n<div class=\"wp-block-columns is-layout-flex wp-container-core-columns-is-layout-2 wp-block-columns-is-layout-flex\">\n<div class=\"wp-block-column is-layout-flow wp-block-column-is-layout-flow\">\n<p>c\u2019est un cheval !    <\/p>\n<\/div>\n\n\n\n<div class=\"wp-block-column is-layout-flow wp-block-column-is-layout-flow\">\n<p>ah ouais un cheval !<\/p>\n<\/div>\n\n\n\n<div class=\"wp-block-column is-layout-flow wp-block-column-is-layout-flow\"><\/div>\n<\/div>\n\n\n\n<div class=\"wp-block-columns is-layout-flex wp-container-core-columns-is-layout-3 wp-block-columns-is-layout-flex\">\n<div class=\"wp-block-column is-layout-flow wp-block-column-is-layout-flow\">\n<p>tu crois qu\u2019y sont plusieurs ?<\/p>\n<\/div>\n\n\n\n<div class=\"wp-block-column is-layout-flow wp-block-column-is-layout-flow\"><\/div>\n\n\n\n<div class=\"wp-block-column is-layout-flow wp-block-column-is-layout-flow\">\n<p>c\u2019est une tortue en fait<\/p>\n<\/div>\n<\/div>\n\n\n\n<div class=\"wp-block-columns is-layout-flex wp-container-core-columns-is-layout-4 wp-block-columns-is-layout-flex\">\n<div class=\"wp-block-column is-layout-flow wp-block-column-is-layout-flow\"><\/div>\n\n\n\n<div class=\"wp-block-column is-layout-flow wp-block-column-is-layout-flow\">\n<p>ah ouais c&#8217;est une tortue en fait !<\/p>\n<\/div>\n\n\n\n<div class=\"wp-block-column is-layout-flow wp-block-column-is-layout-flow\"><\/div>\n<\/div>\n\n\n\n<div class=\"wp-block-columns is-layout-flex wp-container-core-columns-is-layout-5 wp-block-columns-is-layout-flex\">\n<div class=\"wp-block-column is-layout-flow wp-block-column-is-layout-flow\">\n<p>y&#8217;a quelqu&#8217;un qui sort !<\/p>\n<\/div>\n\n\n\n<div class=\"wp-block-column is-layout-flow wp-block-column-is-layout-flow\">\n<p>c&#8217;est une sauterelle !<\/p>\n<\/div>\n\n\n\n<div class=\"wp-block-column is-layout-flow wp-block-column-is-layout-flow\">\n<p>Woah c&#8217;est styl\u00e9 !&#8221;<\/p>\n<\/div>\n<\/div>\n\n\n\n<p><\/p>\n\n\n\n<p>Mouaz\u00e9, octobre 2022, r\u00e9veil<br>Mon nez siffle en La b\u00e9mol.<\/p>\n\n\n\n<p><\/p>\n\n\n\n<p>Mouaz\u00e9, r\u00e9guli\u00e8rement la nuit apr\u00e8s minuit<br>Ankou dans la cour, brouette grince sur les graviers.<\/p>\n\n\n\n<p><\/p>\n\n\n\n<p>F\u00e9camp, novembre 2022, rue des Forts, 07h13<br>Passage camion suivie de passage voiture sans permis en direction d&#8217;Yvetot, porte claque derri\u00e8re le mur.<\/p>\n\n\n\n<p><\/p>\n\n\n\n<p>St-Brieuc, novembre 2022, Le l\u00e9gu\u00e9, 11h17<br>Petite cuill\u00e8re sur serviette en papier prise dans le vent, tape sur plateau. irr\u00e9gulier.<\/p>\n\n\n\n<p><\/p>\n\n\n\n<p>Centuri, novembre 2022, cuisine, 23h45<br>Eau frizzante renvers\u00e9e sur la table. bulles qui \u00e9clatent sur le bois.<\/p>\n\n\n\n<p><\/p>\n\n\n\n<p>De la Jannais \u00e0 la Cheslais, novembre 2022, t\u00e9l\u00e9phone oreille gauche, 10h32<br>Bruits de clavier entre 2 et 4 kHz<\/p>\n\n\n\n<p><\/p>\n\n\n\n<p>Paris, janvier 2023, Fnac des Halles, 15h03<br>Alarme au rayon Apple. Tweeteurs en boucle infinie. La vie continue.<\/p>\n\n\n\n<p><\/p>\n\n\n\n<p>Saint-Rivoal, mars 2023, coloc de l&#8217;Ankou, heures douches ou vaisselles.<br>Orgue-Canalisations. Siffle quand l&#8217;eau chaude est tir\u00e9e.<\/p>\n\n\n\n<p><\/p>\n\n\n\n<p>Rouen, mai 2023, 19h20<br>ATAAAAABLEU<\/p>\n\n\n\n<p><\/p>\n\n\n\n<p>Chenommet, juillet 2023, chambre d&#8217;amies, 3h25<br>Les griffes de Java glissent sur le parquet quand elle tente une incursion sur le lit.<\/p>\n\n\n\n<p><\/p>\n\n\n\n<p>Rennes, juillet 2023, parking relay m\u00e9tro Gayeulles, 13h59<br>Tringle de pendrillon de 3m percut\u00e9e sur le trottoir. Son de cloche prolong\u00e9 par une note aigu\u00eb dans le tunnel en alu.<\/p>\n\n\n\n<p><\/p>\n\n\n\n<p>St-Quay-Portieux, juillet 2023, port, 11h58<br>Grincements des flip flops du plaisancier qui sort de la douche.<\/p>\n\n\n\n<p><\/p>\n\n\n\n<p>Angoul\u00eame, 9 mars 2024, 8h21-9h10<br>Sons de pas de course sur le bitume, \u00e0 2, 4 ou 6 pieds, r\u00e9guli\u00e8rement ponctu\u00e9s par la r\u00e9sonance de la bouche d&#8217;\u00e9gout. <\/p>\n\n\n\n<p><\/p>\n\n\n\n<p>Bastia, 9 avril 2025, 8h00<br>Concert de lev\u00e9 de rideaux de fer.<\/p>\n\n\n\n<p><\/p>\n\n\n\n<p>Port du Rosmer, 4 mai 2025, 10H44<br>St\u00e9r\u00e9o panoramique droit haubans, st\u00e9r\u00e9o gauche, cuill\u00e8res qui claquent<\/p>\n\n\n\n<p class=\"has-lora-font-family has-custom-font has-custom-letterspacing\" style=\"font-family:Lora;letter-spacing:1px;font-size:13px\"><br><\/p>\n","protected":false},"excerpt":{"rendered":"<p>Pont de Montvert, Juillet 2021Toutes les heures, du haut de la tour, son d&#8217;une casserole tap\u00e9e avec un ustensile en bois, r\u00e9sonne dans la vall\u00e9e. Pont de Normandie, ao\u00fbt 2021Xylop\u00e9age, vent. Tubes en m\u00e9tal peinture &#8220;rubalise&#8221;. Douarnenez, ao\u00fbt 2021, cimeti\u00e8re du Tr\u00e9boul, 8hSouffleuse \u00e0 r\u00e9veiller les morts. Paris, novembre 2021, 1 Rue Turbigo, 8h37, 9h12Sir\u00e8nes. [&hellip;]<\/p>\n","protected":false},"author":1,"featured_media":0,"parent":503,"menu_order":0,"comment_status":"closed","ping_status":"closed","template":"","meta":{"advgb_blocks_editor_width":"","advgb_blocks_columns_visual_guide":"","_coblocks_attr":"Arvo,Faustina,Noto Sans,Roboto,Montserrat,Asap,Karla,Fira Sans,Heebo,Anton,Abril Fatface,Barlow,Lato,Lora","_coblocks_dimensions":"","_coblocks_responsive_height":"","_coblocks_accordion_ie_support":"","_monsterinsights_skip_tracking":false,"_monsterinsights_sitenote_active":false,"_monsterinsights_sitenote_note":"","_monsterinsights_sitenote_category":0,"episode_type":"","audio_file":"","cover_image":"","cover_image_id":"","duration":"","filesize":"","date_recorded":"","explicit":"","block":"","filesize_raw":"","footnotes":""},"class_list":["post-1007","page","type-page","status-publish","hentry","entry"],"yoast_head":"<!-- This site is optimized with the Yoast SEO plugin v18.9 - https:\/\/yoast.com\/wordpress\/plugins\/seo\/ -->\n<title>Inventaire - Y<\/title>\n<meta name=\"description\" content=\"inventaire sonore. points d&#039;ou\u00efr\" \/>\n<meta name=\"robots\" content=\"index, follow, max-snippet:-1, max-image-preview:large, max-video-preview:-1\" \/>\n<link rel=\"canonical\" href=\"https:\/\/florence.voisin.cc\/index.php\/etabli\/inventaire\/\" \/>\n<meta property=\"og:locale\" content=\"fr_FR\" \/>\n<meta property=\"og:type\" content=\"article\" \/>\n<meta property=\"og:title\" content=\"Inventaire - Y\" \/>\n<meta property=\"og:description\" content=\"inventaire sonore. points d&#039;ou\u00efr\" \/>\n<meta property=\"og:url\" content=\"https:\/\/florence.voisin.cc\/index.php\/etabli\/inventaire\/\" \/>\n<meta property=\"og:site_name\" content=\"Y\" \/>\n<meta property=\"article:modified_time\" content=\"2025-05-04T20:49:47+00:00\" \/>\n<meta name=\"twitter:card\" content=\"summary_large_image\" \/>\n<meta name=\"twitter:label1\" content=\"Dur\u00e9e de lecture estim\u00e9e\" \/>\n\t<meta name=\"twitter:data1\" content=\"4 minutes\" \/>\n<script type=\"application\/ld+json\" class=\"yoast-schema-graph\">{\"@context\":\"https:\/\/schema.org\",\"@graph\":[{\"@type\":[\"Person\",\"Organization\"],\"@id\":\"https:\/\/florence.voisin.cc\/#\/schema\/person\/20f8006dfa5919b1c79c978dd1a0f3d7\",\"name\":\"florence\",\"logo\":{\"@id\":\"https:\/\/florence.voisin.cc\/#\/schema\/person\/image\/\"}},{\"@type\":\"WebSite\",\"@id\":\"https:\/\/florence.voisin.cc\/#website\",\"url\":\"https:\/\/florence.voisin.cc\/\",\"name\":\"Florence Voisin\",\"description\":\"\",\"publisher\":{\"@id\":\"https:\/\/florence.voisin.cc\/#\/schema\/person\/20f8006dfa5919b1c79c978dd1a0f3d7\"},\"potentialAction\":[{\"@type\":\"SearchAction\",\"target\":{\"@type\":\"EntryPoint\",\"urlTemplate\":\"https:\/\/florence.voisin.cc\/?s={search_term_string}\"},\"query-input\":\"required name=search_term_string\"}],\"inLanguage\":\"fr-FR\"},{\"@type\":\"WebPage\",\"@id\":\"https:\/\/florence.voisin.cc\/index.php\/etabli\/inventaire\/#webpage\",\"url\":\"https:\/\/florence.voisin.cc\/index.php\/etabli\/inventaire\/\",\"name\":\"Inventaire - Y\",\"isPartOf\":{\"@id\":\"https:\/\/florence.voisin.cc\/#website\"},\"datePublished\":\"2021-11-18T12:26:50+00:00\",\"dateModified\":\"2025-05-04T20:49:47+00:00\",\"description\":\"inventaire sonore. points d'ou\u00efr\",\"breadcrumb\":{\"@id\":\"https:\/\/florence.voisin.cc\/index.php\/etabli\/inventaire\/#breadcrumb\"},\"inLanguage\":\"fr-FR\",\"potentialAction\":[{\"@type\":\"ReadAction\",\"target\":[\"https:\/\/florence.voisin.cc\/index.php\/etabli\/inventaire\/\"]}]},{\"@type\":\"BreadcrumbList\",\"@id\":\"https:\/\/florence.voisin.cc\/index.php\/etabli\/inventaire\/#breadcrumb\",\"itemListElement\":[{\"@type\":\"ListItem\",\"position\":1,\"name\":\"Accueil\",\"item\":\"https:\/\/florence.voisin.cc\/\"},{\"@type\":\"ListItem\",\"position\":2,\"name\":\"[cr\u00e9ations]\",\"item\":\"https:\/\/florence.voisin.cc\/index.php\/etabli\/\"},{\"@type\":\"ListItem\",\"position\":3,\"name\":\"Inventaire\"}]}]}<\/script>\n<!-- \/ Yoast SEO plugin. -->","yoast_head_json":{"title":"Inventaire - Y","description":"inventaire sonore. points d'ou\u00efr","robots":{"index":"index","follow":"follow","max-snippet":"max-snippet:-1","max-image-preview":"max-image-preview:large","max-video-preview":"max-video-preview:-1"},"canonical":"https:\/\/florence.voisin.cc\/index.php\/etabli\/inventaire\/","og_locale":"fr_FR","og_type":"article","og_title":"Inventaire - Y","og_description":"inventaire sonore. points d'ou\u00efr","og_url":"https:\/\/florence.voisin.cc\/index.php\/etabli\/inventaire\/","og_site_name":"Y","article_modified_time":"2025-05-04T20:49:47+00:00","twitter_card":"summary_large_image","twitter_misc":{"Dur\u00e9e de lecture estim\u00e9e":"4 minutes"},"schema":{"@context":"https:\/\/schema.org","@graph":[{"@type":["Person","Organization"],"@id":"https:\/\/florence.voisin.cc\/#\/schema\/person\/20f8006dfa5919b1c79c978dd1a0f3d7","name":"florence","logo":{"@id":"https:\/\/florence.voisin.cc\/#\/schema\/person\/image\/"}},{"@type":"WebSite","@id":"https:\/\/florence.voisin.cc\/#website","url":"https:\/\/florence.voisin.cc\/","name":"Florence Voisin","description":"","publisher":{"@id":"https:\/\/florence.voisin.cc\/#\/schema\/person\/20f8006dfa5919b1c79c978dd1a0f3d7"},"potentialAction":[{"@type":"SearchAction","target":{"@type":"EntryPoint","urlTemplate":"https:\/\/florence.voisin.cc\/?s={search_term_string}"},"query-input":"required name=search_term_string"}],"inLanguage":"fr-FR"},{"@type":"WebPage","@id":"https:\/\/florence.voisin.cc\/index.php\/etabli\/inventaire\/#webpage","url":"https:\/\/florence.voisin.cc\/index.php\/etabli\/inventaire\/","name":"Inventaire - Y","isPartOf":{"@id":"https:\/\/florence.voisin.cc\/#website"},"datePublished":"2021-11-18T12:26:50+00:00","dateModified":"2025-05-04T20:49:47+00:00","description":"inventaire sonore. points d'ou\u00efr","breadcrumb":{"@id":"https:\/\/florence.voisin.cc\/index.php\/etabli\/inventaire\/#breadcrumb"},"inLanguage":"fr-FR","potentialAction":[{"@type":"ReadAction","target":["https:\/\/florence.voisin.cc\/index.php\/etabli\/inventaire\/"]}]},{"@type":"BreadcrumbList","@id":"https:\/\/florence.voisin.cc\/index.php\/etabli\/inventaire\/#breadcrumb","itemListElement":[{"@type":"ListItem","position":1,"name":"Accueil","item":"https:\/\/florence.voisin.cc\/"},{"@type":"ListItem","position":2,"name":"[cr\u00e9ations]","item":"https:\/\/florence.voisin.cc\/index.php\/etabli\/"},{"@type":"ListItem","position":3,"name":"Inventaire"}]}]}},"coauthors":[],"author_meta":{"author_link":"https:\/\/florence.voisin.cc\/index.php\/author\/florence\/","display_name":"florence"},"relative_dates":{"created":"Publi\u00e9 4 ans il y a","modified":"Mis \u00e0 jour 12 mois il y a"},"absolute_dates":{"created":"Publi\u00e9 le 18 novembre 2021","modified":"Mise \u00e0 jour le 4 mai 2025"},"absolute_dates_time":{"created":"Publi\u00e9 le 18 novembre 2021 13 h 26 min","modified":"Mise \u00e0 jour le 4 mai 2025 22 h 49 min"},"featured_img_caption":"","featured_img":false,"uagb_featured_image_src":{"full":false,"thumbnail":false,"medium":false,"medium_large":false,"large":false,"1536x1536":false,"2048x2048":false},"uagb_author_info":{"display_name":"florence","author_link":"https:\/\/florence.voisin.cc\/index.php\/author\/florence\/"},"uagb_comment_info":0,"uagb_excerpt":"Pont de Montvert, Juillet 2021Toutes les heures, du haut de la tour, son d&#8217;une casserole tap\u00e9e avec un ustensile en bois, r\u00e9sonne dans la vall\u00e9e. Pont de Normandie, ao\u00fbt 2021Xylop\u00e9age, vent. Tubes en m\u00e9tal peinture &#8220;rubalise&#8221;. Douarnenez, ao\u00fbt 2021, cimeti\u00e8re du Tr\u00e9boul, 8hSouffleuse \u00e0 r\u00e9veiller les morts. Paris, novembre 2021, 1 Rue Turbigo, 8h37, 9h12Sir\u00e8nes.\u2026","_links":{"self":[{"href":"https:\/\/florence.voisin.cc\/index.php\/wp-json\/wp\/v2\/pages\/1007"}],"collection":[{"href":"https:\/\/florence.voisin.cc\/index.php\/wp-json\/wp\/v2\/pages"}],"about":[{"href":"https:\/\/florence.voisin.cc\/index.php\/wp-json\/wp\/v2\/types\/page"}],"author":[{"embeddable":true,"href":"https:\/\/florence.voisin.cc\/index.php\/wp-json\/wp\/v2\/users\/1"}],"replies":[{"embeddable":true,"href":"https:\/\/florence.voisin.cc\/index.php\/wp-json\/wp\/v2\/comments?post=1007"}],"version-history":[{"count":57,"href":"https:\/\/florence.voisin.cc\/index.php\/wp-json\/wp\/v2\/pages\/1007\/revisions"}],"predecessor-version":[{"id":3085,"href":"https:\/\/florence.voisin.cc\/index.php\/wp-json\/wp\/v2\/pages\/1007\/revisions\/3085"}],"up":[{"embeddable":true,"href":"https:\/\/florence.voisin.cc\/index.php\/wp-json\/wp\/v2\/pages\/503"}],"wp:attachment":[{"href":"https:\/\/florence.voisin.cc\/index.php\/wp-json\/wp\/v2\/media?parent=1007"}],"curies":[{"name":"wp","href":"https:\/\/api.w.org\/{rel}","templated":true}]}}