{"id":109,"date":"2020-05-18T22:44:40","date_gmt":"2020-05-18T20:44:40","guid":{"rendered":"http:\/\/florence.voisin.cc\/?page_id=109"},"modified":"2024-08-27T22:46:48","modified_gmt":"2024-08-27T20:46:48","slug":"accueil-florence-voisin","status":"publish","type":"page","link":"https:\/\/florence.voisin.cc\/","title":{"rendered":""},"content":{"rendered":"\t\t<div data-elementor-type=\"wp-page\" data-elementor-id=\"109\" class=\"elementor elementor-109\">\n\t\t\t\t\t\t<div class=\"elementor-inner\">\n\t\t\t\t<div class=\"elementor-section-wrap\">\n\t\t\t\t\t\t\t\t\t<section class=\"elementor-section elementor-top-section elementor-element elementor-element-f680b1d elementor-section-boxed elementor-section-height-default elementor-section-height-default\" data-id=\"f680b1d\" data-element_type=\"section\">\n\t\t\t\t\t\t<div class=\"elementor-container elementor-column-gap-default\">\n\t\t\t\t\t\t\t<div class=\"elementor-row\">\n\t\t\t\t\t<div class=\"elementor-column elementor-col-25 elementor-top-column elementor-element elementor-element-72dee9f\" data-id=\"72dee9f\" data-element_type=\"column\">\n\t\t\t<div class=\"elementor-column-wrap\">\n\t\t\t\t\t\t\t<div class=\"elementor-widget-wrap\">\n\t\t\t\t\t\t\t\t<\/div>\n\t\t\t\t\t<\/div>\n\t\t<\/div>\n\t\t\t\t<div class=\"elementor-column elementor-col-25 elementor-top-column elementor-element elementor-element-06696ad\" data-id=\"06696ad\" data-element_type=\"column\">\n\t\t\t<div class=\"elementor-column-wrap\">\n\t\t\t\t\t\t\t<div class=\"elementor-widget-wrap\">\n\t\t\t\t\t\t\t\t<\/div>\n\t\t\t\t\t<\/div>\n\t\t<\/div>\n\t\t\t\t<div class=\"elementor-column elementor-col-25 elementor-top-column elementor-element elementor-element-46effe6\" data-id=\"46effe6\" data-element_type=\"column\">\n\t\t\t<div class=\"elementor-column-wrap elementor-element-populated\">\n\t\t\t\t\t\t\t<div class=\"elementor-widget-wrap\">\n\t\t\t\t\t\t<div class=\"elementor-element elementor-element-7052550 elementor-widget elementor-widget-image\" data-id=\"7052550\" data-element_type=\"widget\" data-widget_type=\"image.default\">\n\t\t\t\t<div class=\"elementor-widget-container\">\n\t\t\t\t\t\t\t\t<div class=\"elementor-image\">\n\t\t\t\t\t\t\t\t\t\t\t\t\t<a href=\"http:\/\/florence.voisin.cc\/index.php\/etabli\/inventaire\/\">\n\t\t\t\t\t\t\t<img loading=\"lazy\" decoding=\"async\" width=\"800\" height=\"1120\" src=\"https:\/\/florence.voisin.cc\/wp-content\/uploads\/2023\/03\/e\u0301quilibre-6.1-scaled-e1724791491872.jpg\" class=\"attachment-full size-full wp-image-1893\" alt=\"\" \/>\t\t\t\t\t\t\t\t<\/a>\n\t\t\t\t\t\t\t\t\t\t\t\t\t\t<\/div>\n\t\t\t\t\t\t<\/div>\n\t\t\t\t<\/div>\n\t\t\t\t\t\t<\/div>\n\t\t\t\t\t<\/div>\n\t\t<\/div>\n\t\t\t\t<div class=\"elementor-column elementor-col-25 elementor-top-column elementor-element elementor-element-bfec6e5\" data-id=\"bfec6e5\" data-element_type=\"column\">\n\t\t\t<div class=\"elementor-column-wrap\">\n\t\t\t\t\t\t\t<div class=\"elementor-widget-wrap\">\n\t\t\t\t\t\t\t\t<\/div>\n\t\t\t\t\t<\/div>\n\t\t<\/div>\n\t\t\t\t\t\t\t\t<\/div>\n\t\t\t\t\t<\/div>\n\t\t<\/section>\n\t\t\t\t\t\t\t\t\t<\/div>\n\t\t\t<\/div>\n\t\t\t\t\t<\/div>\n\t\t","protected":false},"excerpt":{"rendered":"","protected":false},"author":1,"featured_media":453,"parent":0,"menu_order":0,"comment_status":"closed","ping_status":"closed","template":"","meta":{"advgb_blocks_editor_width":"full","advgb_blocks_columns_visual_guide":"","_coblocks_attr":"","_coblocks_dimensions":"","_coblocks_responsive_height":"","_coblocks_accordion_ie_support":"","_monsterinsights_skip_tracking":false,"_monsterinsights_sitenote_active":false,"_monsterinsights_sitenote_note":"","_monsterinsights_sitenote_category":0,"episode_type":"","audio_file":"","cover_image":"","cover_image_id":"","duration":"","filesize":"","date_recorded":"","explicit":"","block":"","filesize_raw":"","footnotes":""},"class_list":["post-109","page","type-page","status-publish","has-post-thumbnail","hentry","entry","has-media"],"yoast_head":"<!-- This site is optimized with the Yoast SEO plugin v18.9 - https:\/\/yoast.com\/wordpress\/plugins\/seo\/ -->\n<title>- Y<\/title>\n<meta name=\"description\" content=\"Florence Voisin - cr\u00e9ations sonores -Fr\u00e9quences m\u00e9dium \u00e0 graves, du chuintement de l&#039;Effraie aux craquements des Bandes Magn\u00e9tiques en passant par les roulements des moyeux tambours de la caravane radiophonique (Caradoc)\" \/>\n<meta name=\"robots\" content=\"index, follow, max-snippet:-1, max-image-preview:large, max-video-preview:-1\" \/>\n<link rel=\"canonical\" href=\"https:\/\/florence.voisin.cc\/\" \/>\n<meta property=\"og:locale\" content=\"fr_FR\" \/>\n<meta property=\"og:type\" content=\"article\" \/>\n<meta property=\"og:title\" content=\"- Y\" \/>\n<meta property=\"og:description\" content=\"Florence Voisin - cr\u00e9ations sonores -Fr\u00e9quences m\u00e9dium \u00e0 graves, du chuintement de l&#039;Effraie aux craquements des Bandes Magn\u00e9tiques en passant par les roulements des moyeux tambours de la caravane radiophonique (Caradoc)\" \/>\n<meta property=\"og:url\" content=\"https:\/\/florence.voisin.cc\/\" \/>\n<meta property=\"og:site_name\" content=\"Y\" \/>\n<meta property=\"article:modified_time\" content=\"2024-08-27T20:46:48+00:00\" \/>\n<meta property=\"og:image\" content=\"https:\/\/florence.voisin.cc\/wp-content\/uploads\/2020\/06\/bonsomes-caradoc-prp-scaled.jpg\" \/>\n\t<meta property=\"og:image:width\" content=\"2308\" \/>\n\t<meta property=\"og:image:height\" content=\"2560\" \/>\n\t<meta property=\"og:image:type\" content=\"image\/jpeg\" \/>\n<meta name=\"twitter:card\" content=\"summary_large_image\" \/>\n<meta name=\"twitter:label1\" content=\"Dur\u00e9e de lecture estim\u00e9e\" \/>\n\t<meta name=\"twitter:data1\" content=\"1 minute\" \/>\n<script type=\"application\/ld+json\" class=\"yoast-schema-graph\">{\"@context\":\"https:\/\/schema.org\",\"@graph\":[{\"@type\":[\"Person\",\"Organization\"],\"@id\":\"https:\/\/florence.voisin.cc\/#\/schema\/person\/20f8006dfa5919b1c79c978dd1a0f3d7\",\"name\":\"florence\",\"logo\":{\"@id\":\"https:\/\/florence.voisin.cc\/#\/schema\/person\/image\/\"}},{\"@type\":\"WebSite\",\"@id\":\"https:\/\/florence.voisin.cc\/#website\",\"url\":\"https:\/\/florence.voisin.cc\/\",\"name\":\"Florence Voisin\",\"description\":\"\",\"publisher\":{\"@id\":\"https:\/\/florence.voisin.cc\/#\/schema\/person\/20f8006dfa5919b1c79c978dd1a0f3d7\"},\"potentialAction\":[{\"@type\":\"SearchAction\",\"target\":{\"@type\":\"EntryPoint\",\"urlTemplate\":\"https:\/\/florence.voisin.cc\/?s={search_term_string}\"},\"query-input\":\"required name=search_term_string\"}],\"inLanguage\":\"fr-FR\"},{\"@type\":\"ImageObject\",\"inLanguage\":\"fr-FR\",\"@id\":\"https:\/\/florence.voisin.cc\/#primaryimage\",\"url\":\"https:\/\/florence.voisin.cc\/wp-content\/uploads\/2020\/06\/bonsomes-caradoc-prp-scaled.jpg\",\"contentUrl\":\"https:\/\/florence.voisin.cc\/wp-content\/uploads\/2020\/06\/bonsomes-caradoc-prp-scaled.jpg\",\"width\":2308,\"height\":2560},{\"@type\":\"WebPage\",\"@id\":\"https:\/\/florence.voisin.cc\/#webpage\",\"url\":\"https:\/\/florence.voisin.cc\/\",\"name\":\"- Y\",\"isPartOf\":{\"@id\":\"https:\/\/florence.voisin.cc\/#website\"},\"primaryImageOfPage\":{\"@id\":\"https:\/\/florence.voisin.cc\/#primaryimage\"},\"datePublished\":\"2020-05-18T20:44:40+00:00\",\"dateModified\":\"2024-08-27T20:46:48+00:00\",\"description\":\"Florence Voisin - cr\u00e9ations sonores -Fr\u00e9quences m\u00e9dium \u00e0 graves, du chuintement de l'Effraie aux craquements des Bandes Magn\u00e9tiques en passant par les roulements des moyeux tambours de la caravane radiophonique (Caradoc)\",\"breadcrumb\":{\"@id\":\"https:\/\/florence.voisin.cc\/#breadcrumb\"},\"inLanguage\":\"fr-FR\",\"potentialAction\":[{\"@type\":\"ReadAction\",\"target\":[\"https:\/\/florence.voisin.cc\/\"]}]},{\"@type\":\"BreadcrumbList\",\"@id\":\"https:\/\/florence.voisin.cc\/#breadcrumb\",\"itemListElement\":[{\"@type\":\"ListItem\",\"position\":1,\"name\":\"Accueil\",\"item\":\"https:\/\/florence.voisin.cc\/\"},{\"@type\":\"ListItem\",\"position\":2,\"name\":\"\"}]}]}<\/script>\n<!-- \/ Yoast SEO plugin. -->","yoast_head_json":{"title":"- Y","description":"Florence Voisin - cr\u00e9ations sonores -Fr\u00e9quences m\u00e9dium \u00e0 graves, du chuintement de l'Effraie aux craquements des Bandes Magn\u00e9tiques en passant par les roulements des moyeux tambours de la caravane radiophonique (Caradoc)","robots":{"index":"index","follow":"follow","max-snippet":"max-snippet:-1","max-image-preview":"max-image-preview:large","max-video-preview":"max-video-preview:-1"},"canonical":"https:\/\/florence.voisin.cc\/","og_locale":"fr_FR","og_type":"article","og_title":"- Y","og_description":"Florence Voisin - cr\u00e9ations sonores -Fr\u00e9quences m\u00e9dium \u00e0 graves, du chuintement de l'Effraie aux craquements des Bandes Magn\u00e9tiques en passant par les roulements des moyeux tambours de la caravane radiophonique (Caradoc)","og_url":"https:\/\/florence.voisin.cc\/","og_site_name":"Y","article_modified_time":"2024-08-27T20:46:48+00:00","og_image":[{"width":2308,"height":2560,"url":"https:\/\/florence.voisin.cc\/wp-content\/uploads\/2020\/06\/bonsomes-caradoc-prp-scaled.jpg","type":"image\/jpeg"}],"twitter_card":"summary_large_image","twitter_misc":{"Dur\u00e9e de lecture estim\u00e9e":"1 minute"},"schema":{"@context":"https:\/\/schema.org","@graph":[{"@type":["Person","Organization"],"@id":"https:\/\/florence.voisin.cc\/#\/schema\/person\/20f8006dfa5919b1c79c978dd1a0f3d7","name":"florence","logo":{"@id":"https:\/\/florence.voisin.cc\/#\/schema\/person\/image\/"}},{"@type":"WebSite","@id":"https:\/\/florence.voisin.cc\/#website","url":"https:\/\/florence.voisin.cc\/","name":"Florence Voisin","description":"","publisher":{"@id":"https:\/\/florence.voisin.cc\/#\/schema\/person\/20f8006dfa5919b1c79c978dd1a0f3d7"},"potentialAction":[{"@type":"SearchAction","target":{"@type":"EntryPoint","urlTemplate":"https:\/\/florence.voisin.cc\/?s={search_term_string}"},"query-input":"required name=search_term_string"}],"inLanguage":"fr-FR"},{"@type":"ImageObject","inLanguage":"fr-FR","@id":"https:\/\/florence.voisin.cc\/#primaryimage","url":"https:\/\/florence.voisin.cc\/wp-content\/uploads\/2020\/06\/bonsomes-caradoc-prp-scaled.jpg","contentUrl":"https:\/\/florence.voisin.cc\/wp-content\/uploads\/2020\/06\/bonsomes-caradoc-prp-scaled.jpg","width":2308,"height":2560},{"@type":"WebPage","@id":"https:\/\/florence.voisin.cc\/#webpage","url":"https:\/\/florence.voisin.cc\/","name":"- Y","isPartOf":{"@id":"https:\/\/florence.voisin.cc\/#website"},"primaryImageOfPage":{"@id":"https:\/\/florence.voisin.cc\/#primaryimage"},"datePublished":"2020-05-18T20:44:40+00:00","dateModified":"2024-08-27T20:46:48+00:00","description":"Florence Voisin - cr\u00e9ations sonores -Fr\u00e9quences m\u00e9dium \u00e0 graves, du chuintement de l'Effraie aux craquements des Bandes Magn\u00e9tiques en passant par les roulements des moyeux tambours de la caravane radiophonique (Caradoc)","breadcrumb":{"@id":"https:\/\/florence.voisin.cc\/#breadcrumb"},"inLanguage":"fr-FR","potentialAction":[{"@type":"ReadAction","target":["https:\/\/florence.voisin.cc\/"]}]},{"@type":"BreadcrumbList","@id":"https:\/\/florence.voisin.cc\/#breadcrumb","itemListElement":[{"@type":"ListItem","position":1,"name":"Accueil","item":"https:\/\/florence.voisin.cc\/"},{"@type":"ListItem","position":2,"name":""}]}]}},"coauthors":[],"author_meta":{"author_link":"https:\/\/florence.voisin.cc\/index.php\/author\/florence\/","display_name":"florence"},"relative_dates":{"created":"Publi\u00e9 6 ans il y a","modified":"Mis \u00e0 jour 2 ans il y a"},"absolute_dates":{"created":"Publi\u00e9 le 18 mai 2020","modified":"Mise \u00e0 jour le 27 ao\u00fbt 2024"},"absolute_dates_time":{"created":"Publi\u00e9 le 18 mai 2020 22 h 44 min","modified":"Mise \u00e0 jour le 27 ao\u00fbt 2024 22 h 46 min"},"featured_img_caption":"","featured_img":"https:\/\/florence.voisin.cc\/wp-content\/uploads\/2020\/06\/bonsomes-caradoc-prp-scaled.jpg","uagb_featured_image_src":{"full":["https:\/\/florence.voisin.cc\/wp-content\/uploads\/2020\/06\/bonsomes-caradoc-prp-scaled.jpg",2308,2560,false],"thumbnail":["https:\/\/florence.voisin.cc\/wp-content\/uploads\/2020\/06\/bonsomes-caradoc-prp-150x150.jpg",150,150,true],"medium":["https:\/\/florence.voisin.cc\/wp-content\/uploads\/2020\/06\/bonsomes-caradoc-prp-270x300.jpg",270,300,true],"medium_large":["https:\/\/florence.voisin.cc\/wp-content\/uploads\/2020\/06\/bonsomes-caradoc-prp-768x852.jpg",768,852,true],"large":["https:\/\/florence.voisin.cc\/wp-content\/uploads\/2020\/06\/bonsomes-caradoc-prp-923x1024.jpg",923,1024,true],"1536x1536":["https:\/\/florence.voisin.cc\/wp-content\/uploads\/2020\/06\/bonsomes-caradoc-prp-1385x1536.jpg",1385,1536,true],"2048x2048":["https:\/\/florence.voisin.cc\/wp-content\/uploads\/2020\/06\/bonsomes-caradoc-prp-1846x2048.jpg",1846,2048,true]},"uagb_author_info":{"display_name":"florence","author_link":"https:\/\/florence.voisin.cc\/index.php\/author\/florence\/"},"uagb_comment_info":0,"uagb_excerpt":null,"_links":{"self":[{"href":"https:\/\/florence.voisin.cc\/index.php\/wp-json\/wp\/v2\/pages\/109"}],"collection":[{"href":"https:\/\/florence.voisin.cc\/index.php\/wp-json\/wp\/v2\/pages"}],"about":[{"href":"https:\/\/florence.voisin.cc\/index.php\/wp-json\/wp\/v2\/types\/page"}],"author":[{"embeddable":true,"href":"https:\/\/florence.voisin.cc\/index.php\/wp-json\/wp\/v2\/users\/1"}],"replies":[{"embeddable":true,"href":"https:\/\/florence.voisin.cc\/index.php\/wp-json\/wp\/v2\/comments?post=109"}],"version-history":[{"count":228,"href":"https:\/\/florence.voisin.cc\/index.php\/wp-json\/wp\/v2\/pages\/109\/revisions"}],"predecessor-version":[{"id":2948,"href":"https:\/\/florence.voisin.cc\/index.php\/wp-json\/wp\/v2\/pages\/109\/revisions\/2948"}],"wp:featuredmedia":[{"embeddable":true,"href":"https:\/\/florence.voisin.cc\/index.php\/wp-json\/wp\/v2\/media\/453"}],"wp:attachment":[{"href":"https:\/\/florence.voisin.cc\/index.php\/wp-json\/wp\/v2\/media?parent=109"}],"curies":[{"name":"wp","href":"https:\/\/api.w.org\/{rel}","templated":true}]}}