{"id":1858,"date":"2023-03-24T19:00:15","date_gmt":"2023-03-24T18:00:15","guid":{"rendered":"http:\/\/florence.voisin.cc\/?page_id=1858"},"modified":"2023-11-15T20:56:15","modified_gmt":"2023-11-15T19:56:15","slug":"residences","status":"publish","type":"page","link":"https:\/\/florence.voisin.cc\/index.php\/residences\/","title":{"rendered":"[r\u00e9sidences]"},"content":{"rendered":"\t\t<div data-elementor-type=\"wp-page\" data-elementor-id=\"1858\" class=\"elementor elementor-1858\">\n\t\t\t\t\t\t<div class=\"elementor-inner\">\n\t\t\t\t<div class=\"elementor-section-wrap\">\n\t\t\t\t\t\t\t\t\t<section class=\"elementor-section elementor-top-section elementor-element elementor-element-9a4cc92 elementor-section-boxed elementor-section-height-default elementor-section-height-default\" data-id=\"9a4cc92\" data-element_type=\"section\">\n\t\t\t\t\t\t<div class=\"elementor-container elementor-column-gap-default\">\n\t\t\t\t\t\t\t<div class=\"elementor-row\">\n\t\t\t\t\t<div class=\"elementor-column elementor-col-25 elementor-top-column elementor-element elementor-element-5001ef4\" data-id=\"5001ef4\" data-element_type=\"column\">\n\t\t\t<div class=\"elementor-column-wrap elementor-element-populated\">\n\t\t\t\t\t\t\t<div class=\"elementor-widget-wrap\">\n\t\t\t\t\t\t<div class=\"elementor-element elementor-element-f81f8c8 elementor-widget elementor-widget-text-editor\" data-id=\"f81f8c8\" data-element_type=\"widget\" data-widget_type=\"text-editor.default\">\n\t\t\t\t<div class=\"elementor-widget-container\">\n\t\t\t\t\t\t\t\t<div class=\"elementor-text-editor elementor-clearfix\">\n\t\t\t\t<p><a class=\"maxbutton-4 maxbutton maxbutton-ateliers\" target=\"_blank\" rel=\"noopener\" href=\"http:\/\/florence.voisin.cc\/index.php\/residences\/utopie-sonore\/\"><span class='mb-text'>utopie sonore<\/span><\/a><\/p>\t\t\t\t\t<\/div>\n\t\t\t\t\t\t<\/div>\n\t\t\t\t<\/div>\n\t\t\t\t\t\t<\/div>\n\t\t\t\t\t<\/div>\n\t\t<\/div>\n\t\t\t\t<div class=\"elementor-column elementor-col-25 elementor-top-column elementor-element elementor-element-a68a8e1\" data-id=\"a68a8e1\" data-element_type=\"column\">\n\t\t\t<div class=\"elementor-column-wrap\">\n\t\t\t\t\t\t\t<div class=\"elementor-widget-wrap\">\n\t\t\t\t\t\t\t\t<\/div>\n\t\t\t\t\t<\/div>\n\t\t<\/div>\n\t\t\t\t<div class=\"elementor-column elementor-col-50 elementor-top-column elementor-element elementor-element-dedfcb1\" data-id=\"dedfcb1\" data-element_type=\"column\">\n\t\t\t<div class=\"elementor-column-wrap elementor-element-populated\">\n\t\t\t\t\t\t\t<div class=\"elementor-widget-wrap\">\n\t\t\t\t\t\t<div class=\"elementor-element elementor-element-dfc0fda elementor-widget elementor-widget-text-editor\" data-id=\"dfc0fda\" data-element_type=\"widget\" data-widget_type=\"text-editor.default\">\n\t\t\t\t<div class=\"elementor-widget-container\">\n\t\t\t\t\t\t\t\t<div class=\"elementor-text-editor elementor-clearfix\">\n\t\t\t\t<p><a class=\"maxbutton-4 maxbutton maxbutton-ateliers\" target=\"_blank\" rel=\"noopener\" href=\"http:\/\/leffraie.com\/bivouac\/\"><span class='mb-text'>perch\u00e9!<\/span><\/a><\/p>\t\t\t\t\t<\/div>\n\t\t\t\t\t\t<\/div>\n\t\t\t\t<\/div>\n\t\t\t\t\t\t<\/div>\n\t\t\t\t\t<\/div>\n\t\t<\/div>\n\t\t\t\t\t\t\t\t<\/div>\n\t\t\t\t\t<\/div>\n\t\t<\/section>\n\t\t\t\t<section class=\"elementor-section elementor-top-section elementor-element elementor-element-20947ad elementor-section-boxed elementor-section-height-default elementor-section-height-default\" data-id=\"20947ad\" data-element_type=\"section\">\n\t\t\t\t\t\t<div class=\"elementor-container elementor-column-gap-default\">\n\t\t\t\t\t\t\t<div class=\"elementor-row\">\n\t\t\t\t\t<div class=\"elementor-column elementor-col-20 elementor-top-column elementor-element elementor-element-0d43a71\" data-id=\"0d43a71\" data-element_type=\"column\">\n\t\t\t<div class=\"elementor-column-wrap\">\n\t\t\t\t\t\t\t<div class=\"elementor-widget-wrap\">\n\t\t\t\t\t\t\t\t<\/div>\n\t\t\t\t\t<\/div>\n\t\t<\/div>\n\t\t\t\t<div class=\"elementor-column elementor-col-20 elementor-top-column elementor-element elementor-element-4279243\" data-id=\"4279243\" data-element_type=\"column\">\n\t\t\t<div class=\"elementor-column-wrap elementor-element-populated\">\n\t\t\t\t\t\t\t<div class=\"elementor-widget-wrap\">\n\t\t\t\t\t\t<div class=\"elementor-element elementor-element-bc90814 elementor-widget elementor-widget-text-editor\" data-id=\"bc90814\" data-element_type=\"widget\" data-widget_type=\"text-editor.default\">\n\t\t\t\t<div class=\"elementor-widget-container\">\n\t\t\t\t\t\t\t\t<div class=\"elementor-text-editor elementor-clearfix\">\n\t\t\t\t<p><a class=\"maxbutton-4 maxbutton maxbutton-ateliers\" target=\"_blank\" rel=\"noopener\" href=\"http:\/\/florence.voisin.cc\/index.php\/ecoute-2\"><span class='mb-text'>\u00e9coute<\/span><\/a><\/p>\t\t\t\t\t<\/div>\n\t\t\t\t\t\t<\/div>\n\t\t\t\t<\/div>\n\t\t\t\t\t\t<\/div>\n\t\t\t\t\t<\/div>\n\t\t<\/div>\n\t\t\t\t<div class=\"elementor-column elementor-col-20 elementor-top-column elementor-element elementor-element-a94854e\" data-id=\"a94854e\" data-element_type=\"column\">\n\t\t\t<div class=\"elementor-column-wrap\">\n\t\t\t\t\t\t\t<div class=\"elementor-widget-wrap\">\n\t\t\t\t\t\t\t\t<\/div>\n\t\t\t\t\t<\/div>\n\t\t<\/div>\n\t\t\t\t<div class=\"elementor-column elementor-col-20 elementor-top-column elementor-element elementor-element-c5e4396\" data-id=\"c5e4396\" data-element_type=\"column\">\n\t\t\t<div class=\"elementor-column-wrap\">\n\t\t\t\t\t\t\t<div class=\"elementor-widget-wrap\">\n\t\t\t\t\t\t\t\t<\/div>\n\t\t\t\t\t<\/div>\n\t\t<\/div>\n\t\t\t\t<div class=\"elementor-column elementor-col-20 elementor-top-column elementor-element elementor-element-b17de22\" data-id=\"b17de22\" data-element_type=\"column\">\n\t\t\t<div class=\"elementor-column-wrap elementor-element-populated\">\n\t\t\t\t\t\t\t<div class=\"elementor-widget-wrap\">\n\t\t\t\t\t\t<div class=\"elementor-element elementor-element-5575421 elementor-widget elementor-widget-text-editor\" data-id=\"5575421\" data-element_type=\"widget\" data-widget_type=\"text-editor.default\">\n\t\t\t\t<div class=\"elementor-widget-container\">\n\t\t\t\t\t\t\t\t<div class=\"elementor-text-editor elementor-clearfix\">\n\t\t\t\t<p><a class=\"maxbutton-4 maxbutton maxbutton-ateliers\" target=\"_blank\" rel=\"noopener\" href=\"http:\/\/florence.voisin.cc\/index.php\/etabli\/realisations-collectif-caradoc\/caradoc-ma-campagne\/\"><span class='mb-text'>tipi<\/span><\/a><\/p>\t\t\t\t\t<\/div>\n\t\t\t\t\t\t<\/div>\n\t\t\t\t<\/div>\n\t\t\t\t\t\t<\/div>\n\t\t\t\t\t<\/div>\n\t\t<\/div>\n\t\t\t\t\t\t\t\t<\/div>\n\t\t\t\t\t<\/div>\n\t\t<\/section>\n\t\t\t\t<section class=\"elementor-section elementor-top-section elementor-element elementor-element-8091997 elementor-section-boxed elementor-section-height-default elementor-section-height-default\" data-id=\"8091997\" data-element_type=\"section\">\n\t\t\t\t\t\t<div class=\"elementor-container elementor-column-gap-default\">\n\t\t\t\t\t\t\t<div class=\"elementor-row\">\n\t\t\t\t\t<div class=\"elementor-column elementor-col-33 elementor-top-column elementor-element elementor-element-0d30e97\" data-id=\"0d30e97\" data-element_type=\"column\">\n\t\t\t<div class=\"elementor-column-wrap\">\n\t\t\t\t\t\t\t<div class=\"elementor-widget-wrap\">\n\t\t\t\t\t\t\t\t<\/div>\n\t\t\t\t\t<\/div>\n\t\t<\/div>\n\t\t\t\t<div class=\"elementor-column elementor-col-33 elementor-top-column elementor-element elementor-element-277615a\" data-id=\"277615a\" data-element_type=\"column\">\n\t\t\t<div class=\"elementor-column-wrap\">\n\t\t\t\t\t\t\t<div class=\"elementor-widget-wrap\">\n\t\t\t\t\t\t\t\t<\/div>\n\t\t\t\t\t<\/div>\n\t\t<\/div>\n\t\t\t\t<div class=\"elementor-column elementor-col-33 elementor-top-column elementor-element elementor-element-f193ee0\" data-id=\"f193ee0\" data-element_type=\"column\">\n\t\t\t<div class=\"elementor-column-wrap\">\n\t\t\t\t\t\t\t<div class=\"elementor-widget-wrap\">\n\t\t\t\t\t\t\t\t<\/div>\n\t\t\t\t\t<\/div>\n\t\t<\/div>\n\t\t\t\t\t\t\t\t<\/div>\n\t\t\t\t\t<\/div>\n\t\t<\/section>\n\t\t\t\t<section class=\"elementor-section elementor-top-section elementor-element elementor-element-72d9248 elementor-section-boxed elementor-section-height-default elementor-section-height-default\" data-id=\"72d9248\" data-element_type=\"section\">\n\t\t\t\t\t\t<div class=\"elementor-container elementor-column-gap-default\">\n\t\t\t\t\t\t\t<div class=\"elementor-row\">\n\t\t\t\t\t<div class=\"elementor-column elementor-col-25 elementor-top-column elementor-element elementor-element-f02f841\" data-id=\"f02f841\" data-element_type=\"column\">\n\t\t\t<div class=\"elementor-column-wrap elementor-element-populated\">\n\t\t\t\t\t\t\t<div class=\"elementor-widget-wrap\">\n\t\t\t\t\t\t<div class=\"elementor-element elementor-element-e8f0e84 elementor-widget elementor-widget-text-editor\" data-id=\"e8f0e84\" data-element_type=\"widget\" data-widget_type=\"text-editor.default\">\n\t\t\t\t<div class=\"elementor-widget-container\">\n\t\t\t\t\t\t\t\t<div class=\"elementor-text-editor elementor-clearfix\">\n\t\t\t\t<p><a class=\"maxbutton-4 maxbutton maxbutton-ateliers\" target=\"_blank\" rel=\"noopener\" href=\"https:\/\/bandesmagnetiques.com\/creation\/stage-podcast-documentaire\/\"><span class='mb-text'>\u00f4 micro<\/span><\/a><\/p>\t\t\t\t\t<\/div>\n\t\t\t\t\t\t<\/div>\n\t\t\t\t<\/div>\n\t\t\t\t\t\t<\/div>\n\t\t\t\t\t<\/div>\n\t\t<\/div>\n\t\t\t\t<div class=\"elementor-column elementor-col-25 elementor-top-column elementor-element elementor-element-ce04a5b\" data-id=\"ce04a5b\" data-element_type=\"column\">\n\t\t\t<div class=\"elementor-column-wrap\">\n\t\t\t\t\t\t\t<div class=\"elementor-widget-wrap\">\n\t\t\t\t\t\t\t\t<\/div>\n\t\t\t\t\t<\/div>\n\t\t<\/div>\n\t\t\t\t<div class=\"elementor-column elementor-col-25 elementor-top-column elementor-element elementor-element-d7c45a4\" data-id=\"d7c45a4\" data-element_type=\"column\">\n\t\t\t<div class=\"elementor-column-wrap elementor-element-populated\">\n\t\t\t\t\t\t\t<div class=\"elementor-widget-wrap\">\n\t\t\t\t\t\t<div class=\"elementor-element elementor-element-d069227 elementor-widget elementor-widget-text-editor\" data-id=\"d069227\" data-element_type=\"widget\" data-widget_type=\"text-editor.default\">\n\t\t\t\t<div class=\"elementor-widget-container\">\n\t\t\t\t\t\t\t\t<div class=\"elementor-text-editor elementor-clearfix\">\n\t\t\t\t<p><a class=\"maxbutton-4 maxbutton maxbutton-ateliers\" target=\"_blank\" rel=\"noopener\" href=\"http:\/\/leffraie.com\/sonar\/\"><span class='mb-text'>sonar<\/span><\/a><\/p>\t\t\t\t\t<\/div>\n\t\t\t\t\t\t<\/div>\n\t\t\t\t<\/div>\n\t\t\t\t\t\t<\/div>\n\t\t\t\t\t<\/div>\n\t\t<\/div>\n\t\t\t\t<div class=\"elementor-column elementor-col-25 elementor-top-column elementor-element elementor-element-c3d92a4\" data-id=\"c3d92a4\" data-element_type=\"column\">\n\t\t\t<div class=\"elementor-column-wrap\">\n\t\t\t\t\t\t\t<div class=\"elementor-widget-wrap\">\n\t\t\t\t\t\t\t\t<\/div>\n\t\t\t\t\t<\/div>\n\t\t<\/div>\n\t\t\t\t\t\t\t\t<\/div>\n\t\t\t\t\t<\/div>\n\t\t<\/section>\n\t\t\t\t<section class=\"elementor-section elementor-top-section elementor-element elementor-element-5dfe57d elementor-section-boxed elementor-section-height-default elementor-section-height-default\" data-id=\"5dfe57d\" data-element_type=\"section\">\n\t\t\t\t\t\t<div class=\"elementor-container elementor-column-gap-default\">\n\t\t\t\t\t\t\t<div class=\"elementor-row\">\n\t\t\t\t\t<div class=\"elementor-column elementor-col-20 elementor-top-column elementor-element elementor-element-df60c9c\" data-id=\"df60c9c\" data-element_type=\"column\">\n\t\t\t<div class=\"elementor-column-wrap\">\n\t\t\t\t\t\t\t<div class=\"elementor-widget-wrap\">\n\t\t\t\t\t\t\t\t<\/div>\n\t\t\t\t\t<\/div>\n\t\t<\/div>\n\t\t\t\t<div class=\"elementor-column elementor-col-20 elementor-top-column elementor-element elementor-element-d776d21\" data-id=\"d776d21\" data-element_type=\"column\">\n\t\t\t<div class=\"elementor-column-wrap elementor-element-populated\">\n\t\t\t\t\t\t\t<div class=\"elementor-widget-wrap\">\n\t\t\t\t\t\t<div class=\"elementor-element elementor-element-dfc1ffa elementor-widget elementor-widget-text-editor\" data-id=\"dfc1ffa\" data-element_type=\"widget\" data-widget_type=\"text-editor.default\">\n\t\t\t\t<div class=\"elementor-widget-container\">\n\t\t\t\t\t\t\t\t<div class=\"elementor-text-editor elementor-clearfix\">\n\t\t\t\t<p><a class=\"maxbutton-4 maxbutton maxbutton-ateliers\" target=\"_blank\" rel=\"noopener\" href=\"http:\/\/florence.voisin.cc\/index.php\/etabli\/emissions\/radio-nid-de-poule-au-parc-des-gayeulles\/\"><span class='mb-text'>nid&#039;poule<\/span><\/a><\/p>\t\t\t\t\t<\/div>\n\t\t\t\t\t\t<\/div>\n\t\t\t\t<\/div>\n\t\t\t\t\t\t<\/div>\n\t\t\t\t\t<\/div>\n\t\t<\/div>\n\t\t\t\t<div class=\"elementor-column elementor-col-20 elementor-top-column elementor-element elementor-element-ac4d81e\" data-id=\"ac4d81e\" data-element_type=\"column\">\n\t\t\t<div class=\"elementor-column-wrap\">\n\t\t\t\t\t\t\t<div class=\"elementor-widget-wrap\">\n\t\t\t\t\t\t\t\t<\/div>\n\t\t\t\t\t<\/div>\n\t\t<\/div>\n\t\t\t\t<div class=\"elementor-column elementor-col-20 elementor-top-column elementor-element elementor-element-7955e0e\" data-id=\"7955e0e\" data-element_type=\"column\">\n\t\t\t<div class=\"elementor-column-wrap\">\n\t\t\t\t\t\t\t<div class=\"elementor-widget-wrap\">\n\t\t\t\t\t\t\t\t<\/div>\n\t\t\t\t\t<\/div>\n\t\t<\/div>\n\t\t\t\t<div class=\"elementor-column elementor-col-20 elementor-top-column elementor-element elementor-element-4179e92\" data-id=\"4179e92\" data-element_type=\"column\">\n\t\t\t<div class=\"elementor-column-wrap elementor-element-populated\">\n\t\t\t\t\t\t\t<div class=\"elementor-widget-wrap\">\n\t\t\t\t\t\t<div class=\"elementor-element elementor-element-e773470 elementor-widget elementor-widget-text-editor\" data-id=\"e773470\" data-element_type=\"widget\" data-widget_type=\"text-editor.default\">\n\t\t\t\t<div class=\"elementor-widget-container\">\n\t\t\t\t\t\t\t\t<div class=\"elementor-text-editor elementor-clearfix\">\n\t\t\t\t<p><a class=\"maxbutton-4 maxbutton maxbutton-ateliers\" target=\"_blank\" rel=\"noopener\" href=\"http:\/\/florence.voisin.cc\/index.php\/etabli\/realisations-collectif-caradoc\/\"><span class='mb-text'>caradoc<\/span><\/a><\/p>\t\t\t\t\t<\/div>\n\t\t\t\t\t\t<\/div>\n\t\t\t\t<\/div>\n\t\t\t\t\t\t<\/div>\n\t\t\t\t\t<\/div>\n\t\t<\/div>\n\t\t\t\t\t\t\t\t<\/div>\n\t\t\t\t\t<\/div>\n\t\t<\/section>\n\t\t\t\t<section class=\"elementor-section elementor-top-section elementor-element elementor-element-f610adf elementor-section-boxed elementor-section-height-default elementor-section-height-default\" data-id=\"f610adf\" data-element_type=\"section\">\n\t\t\t\t\t\t<div class=\"elementor-container elementor-column-gap-default\">\n\t\t\t\t\t\t\t<div class=\"elementor-row\">\n\t\t\t\t\t<div class=\"elementor-column elementor-col-66 elementor-top-column elementor-element elementor-element-f95ec07\" data-id=\"f95ec07\" data-element_type=\"column\">\n\t\t\t<div class=\"elementor-column-wrap\">\n\t\t\t\t\t\t\t<div class=\"elementor-widget-wrap\">\n\t\t\t\t\t\t\t\t<\/div>\n\t\t\t\t\t<\/div>\n\t\t<\/div>\n\t\t\t\t<div class=\"elementor-column elementor-col-33 elementor-top-column elementor-element elementor-element-c791d87\" data-id=\"c791d87\" data-element_type=\"column\">\n\t\t\t<div class=\"elementor-column-wrap\">\n\t\t\t\t\t\t\t<div class=\"elementor-widget-wrap\">\n\t\t\t\t\t\t\t\t<\/div>\n\t\t\t\t\t<\/div>\n\t\t<\/div>\n\t\t\t\t\t\t\t\t<\/div>\n\t\t\t\t\t<\/div>\n\t\t<\/section>\n\t\t\t\t\t\t\t\t\t<\/div>\n\t\t\t<\/div>\n\t\t\t\t\t<\/div>\n\t\t","protected":false},"excerpt":{"rendered":"","protected":false},"author":1,"featured_media":0,"parent":0,"menu_order":0,"comment_status":"closed","ping_status":"closed","template":"","meta":{"advgb_blocks_editor_width":"","advgb_blocks_columns_visual_guide":"","_coblocks_attr":"","_coblocks_dimensions":"","_coblocks_responsive_height":"","_coblocks_accordion_ie_support":"","_monsterinsights_skip_tracking":false,"_monsterinsights_sitenote_active":false,"_monsterinsights_sitenote_note":"","_monsterinsights_sitenote_category":0,"episode_type":"","audio_file":"","cover_image":"","cover_image_id":"","duration":"","filesize":"","date_recorded":"","explicit":"","block":"","filesize_raw":"","footnotes":""},"class_list":["post-1858","page","type-page","status-publish","hentry","entry"],"yoast_head":"<!-- This site is optimized with the Yoast SEO plugin v18.9 - https:\/\/yoast.com\/wordpress\/plugins\/seo\/ -->\n<title>[r\u00e9sidences] - Y<\/title>\n<meta name=\"robots\" content=\"index, follow, max-snippet:-1, max-image-preview:large, max-video-preview:-1\" \/>\n<link rel=\"canonical\" href=\"https:\/\/florence.voisin.cc\/index.php\/residences\/\" \/>\n<meta property=\"og:locale\" content=\"fr_FR\" \/>\n<meta property=\"og:type\" content=\"article\" \/>\n<meta property=\"og:title\" content=\"[r\u00e9sidences] - Y\" \/>\n<meta property=\"og:url\" content=\"https:\/\/florence.voisin.cc\/index.php\/residences\/\" \/>\n<meta property=\"og:site_name\" content=\"Y\" \/>\n<meta property=\"article:modified_time\" content=\"2023-11-15T19:56:15+00:00\" \/>\n<meta name=\"twitter:card\" content=\"summary_large_image\" \/>\n<meta name=\"twitter:label1\" content=\"Dur\u00e9e de lecture estim\u00e9e\" \/>\n\t<meta name=\"twitter:data1\" content=\"1 minute\" \/>\n<script type=\"application\/ld+json\" class=\"yoast-schema-graph\">{\"@context\":\"https:\/\/schema.org\",\"@graph\":[{\"@type\":[\"Person\",\"Organization\"],\"@id\":\"https:\/\/florence.voisin.cc\/#\/schema\/person\/20f8006dfa5919b1c79c978dd1a0f3d7\",\"name\":\"florence\",\"logo\":{\"@id\":\"https:\/\/florence.voisin.cc\/#\/schema\/person\/image\/\"}},{\"@type\":\"WebSite\",\"@id\":\"https:\/\/florence.voisin.cc\/#website\",\"url\":\"https:\/\/florence.voisin.cc\/\",\"name\":\"Florence Voisin\",\"description\":\"\",\"publisher\":{\"@id\":\"https:\/\/florence.voisin.cc\/#\/schema\/person\/20f8006dfa5919b1c79c978dd1a0f3d7\"},\"potentialAction\":[{\"@type\":\"SearchAction\",\"target\":{\"@type\":\"EntryPoint\",\"urlTemplate\":\"https:\/\/florence.voisin.cc\/?s={search_term_string}\"},\"query-input\":\"required name=search_term_string\"}],\"inLanguage\":\"fr-FR\"},{\"@type\":\"WebPage\",\"@id\":\"https:\/\/florence.voisin.cc\/index.php\/residences\/#webpage\",\"url\":\"https:\/\/florence.voisin.cc\/index.php\/residences\/\",\"name\":\"[r\u00e9sidences] - Y\",\"isPartOf\":{\"@id\":\"https:\/\/florence.voisin.cc\/#website\"},\"datePublished\":\"2023-03-24T18:00:15+00:00\",\"dateModified\":\"2023-11-15T19:56:15+00:00\",\"breadcrumb\":{\"@id\":\"https:\/\/florence.voisin.cc\/index.php\/residences\/#breadcrumb\"},\"inLanguage\":\"fr-FR\",\"potentialAction\":[{\"@type\":\"ReadAction\",\"target\":[\"https:\/\/florence.voisin.cc\/index.php\/residences\/\"]}]},{\"@type\":\"BreadcrumbList\",\"@id\":\"https:\/\/florence.voisin.cc\/index.php\/residences\/#breadcrumb\",\"itemListElement\":[{\"@type\":\"ListItem\",\"position\":1,\"name\":\"Accueil\",\"item\":\"https:\/\/florence.voisin.cc\/\"},{\"@type\":\"ListItem\",\"position\":2,\"name\":\"[r\u00e9sidences]\"}]}]}<\/script>\n<!-- \/ Yoast SEO plugin. -->","yoast_head_json":{"title":"[r\u00e9sidences] - Y","robots":{"index":"index","follow":"follow","max-snippet":"max-snippet:-1","max-image-preview":"max-image-preview:large","max-video-preview":"max-video-preview:-1"},"canonical":"https:\/\/florence.voisin.cc\/index.php\/residences\/","og_locale":"fr_FR","og_type":"article","og_title":"[r\u00e9sidences] - Y","og_url":"https:\/\/florence.voisin.cc\/index.php\/residences\/","og_site_name":"Y","article_modified_time":"2023-11-15T19:56:15+00:00","twitter_card":"summary_large_image","twitter_misc":{"Dur\u00e9e de lecture estim\u00e9e":"1 minute"},"schema":{"@context":"https:\/\/schema.org","@graph":[{"@type":["Person","Organization"],"@id":"https:\/\/florence.voisin.cc\/#\/schema\/person\/20f8006dfa5919b1c79c978dd1a0f3d7","name":"florence","logo":{"@id":"https:\/\/florence.voisin.cc\/#\/schema\/person\/image\/"}},{"@type":"WebSite","@id":"https:\/\/florence.voisin.cc\/#website","url":"https:\/\/florence.voisin.cc\/","name":"Florence Voisin","description":"","publisher":{"@id":"https:\/\/florence.voisin.cc\/#\/schema\/person\/20f8006dfa5919b1c79c978dd1a0f3d7"},"potentialAction":[{"@type":"SearchAction","target":{"@type":"EntryPoint","urlTemplate":"https:\/\/florence.voisin.cc\/?s={search_term_string}"},"query-input":"required name=search_term_string"}],"inLanguage":"fr-FR"},{"@type":"WebPage","@id":"https:\/\/florence.voisin.cc\/index.php\/residences\/#webpage","url":"https:\/\/florence.voisin.cc\/index.php\/residences\/","name":"[r\u00e9sidences] - Y","isPartOf":{"@id":"https:\/\/florence.voisin.cc\/#website"},"datePublished":"2023-03-24T18:00:15+00:00","dateModified":"2023-11-15T19:56:15+00:00","breadcrumb":{"@id":"https:\/\/florence.voisin.cc\/index.php\/residences\/#breadcrumb"},"inLanguage":"fr-FR","potentialAction":[{"@type":"ReadAction","target":["https:\/\/florence.voisin.cc\/index.php\/residences\/"]}]},{"@type":"BreadcrumbList","@id":"https:\/\/florence.voisin.cc\/index.php\/residences\/#breadcrumb","itemListElement":[{"@type":"ListItem","position":1,"name":"Accueil","item":"https:\/\/florence.voisin.cc\/"},{"@type":"ListItem","position":2,"name":"[r\u00e9sidences]"}]}]}},"coauthors":[],"author_meta":{"author_link":"https:\/\/florence.voisin.cc\/index.php\/author\/florence\/","display_name":"florence"},"relative_dates":{"created":"Publi\u00e9 3 ans il y a","modified":"Mis \u00e0 jour 2 ans il y a"},"absolute_dates":{"created":"Publi\u00e9 le 24 mars 2023","modified":"Mise \u00e0 jour le 15 novembre 2023"},"absolute_dates_time":{"created":"Publi\u00e9 le 24 mars 2023 19 h 00 min","modified":"Mise \u00e0 jour le 15 novembre 2023 20 h 56 min"},"featured_img_caption":"","featured_img":false,"uagb_featured_image_src":{"full":false,"thumbnail":false,"medium":false,"medium_large":false,"large":false,"1536x1536":false,"2048x2048":false},"uagb_author_info":{"display_name":"florence","author_link":"https:\/\/florence.voisin.cc\/index.php\/author\/florence\/"},"uagb_comment_info":0,"uagb_excerpt":null,"_links":{"self":[{"href":"https:\/\/florence.voisin.cc\/index.php\/wp-json\/wp\/v2\/pages\/1858"}],"collection":[{"href":"https:\/\/florence.voisin.cc\/index.php\/wp-json\/wp\/v2\/pages"}],"about":[{"href":"https:\/\/florence.voisin.cc\/index.php\/wp-json\/wp\/v2\/types\/page"}],"author":[{"embeddable":true,"href":"https:\/\/florence.voisin.cc\/index.php\/wp-json\/wp\/v2\/users\/1"}],"replies":[{"embeddable":true,"href":"https:\/\/florence.voisin.cc\/index.php\/wp-json\/wp\/v2\/comments?post=1858"}],"version-history":[{"count":91,"href":"https:\/\/florence.voisin.cc\/index.php\/wp-json\/wp\/v2\/pages\/1858\/revisions"}],"predecessor-version":[{"id":2697,"href":"https:\/\/florence.voisin.cc\/index.php\/wp-json\/wp\/v2\/pages\/1858\/revisions\/2697"}],"wp:attachment":[{"href":"https:\/\/florence.voisin.cc\/index.php\/wp-json\/wp\/v2\/media?parent=1858"}],"curies":[{"name":"wp","href":"https:\/\/api.w.org\/{rel}","templated":true}]}}