{"id":196,"date":"2020-05-19T13:27:52","date_gmt":"2020-05-19T11:27:52","guid":{"rendered":"http:\/\/florence.voisin.cc\/?page_id=196"},"modified":"2022-05-19T12:01:14","modified_gmt":"2022-05-19T10:01:14","slug":"caradoc","status":"publish","type":"page","link":"https:\/\/florence.voisin.cc\/index.php\/etabli\/realisations-collectif-caradoc\/caradoc\/","title":{"rendered":"Caradoc, Les langues \u00e0 la Source"},"content":{"rendered":"\t\t<div data-elementor-type=\"wp-page\" data-elementor-id=\"196\" class=\"elementor elementor-196\">\n\t\t\t\t\t\t<div class=\"elementor-inner\">\n\t\t\t\t<div class=\"elementor-section-wrap\">\n\t\t\t\t\t\t\t\t\t<section class=\"elementor-section elementor-top-section elementor-element elementor-element-a592feb elementor-section-boxed elementor-section-height-default elementor-section-height-default\" data-id=\"a592feb\" data-element_type=\"section\">\n\t\t\t\t\t\t<div class=\"elementor-container elementor-column-gap-default\">\n\t\t\t\t\t\t\t<div class=\"elementor-row\">\n\t\t\t\t\t<div class=\"elementor-column elementor-col-33 elementor-top-column elementor-element elementor-element-b3bf6d6\" data-id=\"b3bf6d6\" data-element_type=\"column\">\n\t\t\t<div class=\"elementor-column-wrap elementor-element-populated\">\n\t\t\t\t\t\t\t<div class=\"elementor-widget-wrap\">\n\t\t\t\t\t\t<div class=\"elementor-element elementor-element-4554845 elementor-widget elementor-widget-text-editor\" data-id=\"4554845\" data-element_type=\"widget\" data-widget_type=\"text-editor.default\">\n\t\t\t\t<div class=\"elementor-widget-container\">\n\t\t\t\t\t\t\t\t<div class=\"elementor-text-editor elementor-clearfix\">\n\t\t\t\t<p>D\u00e9but d\u00e9cembre 2019, Radio Campus Orl\u00e9ans nous a invit\u00e9 pour ses 25 ans. Nous avons install\u00e9 notre caravane quelques jours dans le quartier de la Source \u00e0 Orl\u00e9ans pour rencontrer des habitants et discuter de leur rapport aux origines et \u00e0 langue, pour d\u00e9couvrir les horizons multiples qui se cachent derri\u00e8re de grand murs. Nous avons propos\u00e9 une \u00e9mission de deux heures, en direct.<\/p>\t\t\t\t\t<\/div>\n\t\t\t\t\t\t<\/div>\n\t\t\t\t<\/div>\n\t\t\t\t\t\t<\/div>\n\t\t\t\t\t<\/div>\n\t\t<\/div>\n\t\t\t\t<div class=\"elementor-column elementor-col-66 elementor-top-column elementor-element elementor-element-5bf0788\" data-id=\"5bf0788\" data-element_type=\"column\">\n\t\t\t<div class=\"elementor-column-wrap elementor-element-populated\">\n\t\t\t\t\t\t\t<div class=\"elementor-widget-wrap\">\n\t\t\t\t\t\t<div class=\"elementor-element elementor-element-ef48f51 elementor-widget elementor-widget-image\" data-id=\"ef48f51\" data-element_type=\"widget\" data-widget_type=\"image.default\">\n\t\t\t\t<div class=\"elementor-widget-container\">\n\t\t\t\t\t\t\t\t<div class=\"elementor-image\">\n\t\t\t\t\t\t\t\t\t\t\t\t<img loading=\"lazy\" decoding=\"async\" width=\"1024\" height=\"684\" src=\"https:\/\/florence.voisin.cc\/wp-content\/uploads\/2022\/05\/les-langues-1024x684.jpg\" class=\"attachment-large size-large wp-image-1243\" alt=\"\" srcset=\"https:\/\/florence.voisin.cc\/wp-content\/uploads\/2022\/05\/les-langues-1024x684.jpg 1024w, https:\/\/florence.voisin.cc\/wp-content\/uploads\/2022\/05\/les-langues-300x200.jpg 300w, https:\/\/florence.voisin.cc\/wp-content\/uploads\/2022\/05\/les-langues-768x513.jpg 768w, https:\/\/florence.voisin.cc\/wp-content\/uploads\/2022\/05\/les-langues-1536x1025.jpg 1536w, https:\/\/florence.voisin.cc\/wp-content\/uploads\/2022\/05\/les-langues.jpg 2048w\" sizes=\"(max-width: 1024px) 100vw, 1024px\" \/>\t\t\t\t\t\t\t\t\t\t\t\t\t\t<\/div>\n\t\t\t\t\t\t<\/div>\n\t\t\t\t<\/div>\n\t\t\t\t\t\t<\/div>\n\t\t\t\t\t<\/div>\n\t\t<\/div>\n\t\t\t\t\t\t\t\t<\/div>\n\t\t\t\t\t<\/div>\n\t\t<\/section>\n\t\t\t\t<section class=\"elementor-section elementor-top-section elementor-element elementor-element-dca1f37 elementor-section-boxed elementor-section-height-default elementor-section-height-default\" data-id=\"dca1f37\" data-element_type=\"section\">\n\t\t\t\t\t\t<div class=\"elementor-container elementor-column-gap-default\">\n\t\t\t\t\t\t\t<div class=\"elementor-row\">\n\t\t\t\t\t<div class=\"elementor-column elementor-col-33 elementor-top-column elementor-element elementor-element-656aae9\" data-id=\"656aae9\" data-element_type=\"column\">\n\t\t\t<div class=\"elementor-column-wrap\">\n\t\t\t\t\t\t\t<div class=\"elementor-widget-wrap\">\n\t\t\t\t\t\t\t\t<\/div>\n\t\t\t\t\t<\/div>\n\t\t<\/div>\n\t\t\t\t<div class=\"elementor-column elementor-col-33 elementor-top-column elementor-element elementor-element-c893d5e\" data-id=\"c893d5e\" data-element_type=\"column\">\n\t\t\t<div class=\"elementor-column-wrap elementor-element-populated\">\n\t\t\t\t\t\t\t<div class=\"elementor-widget-wrap\">\n\t\t\t\t\t\t<div class=\"elementor-element elementor-element-2355887 elementor-widget elementor-widget-text-editor\" data-id=\"2355887\" data-element_type=\"widget\" data-widget_type=\"text-editor.default\">\n\t\t\t\t<div class=\"elementor-widget-container\">\n\t\t\t\t\t\t\t\t<div class=\"elementor-text-editor elementor-clearfix\">\n\t\t\t\t<p><!--[if lt IE 9]><script>document.createElement('audio');<\/script><![endif]-->\n\t<div class=\"wp-playlist wp-audio-playlist wp-playlist-light\">\n\t\t\t<div class=\"wp-playlist-current-item\"><\/div>\n\t\t<audio controls=\"controls\" preload=\"none\" width=\"1178\"\n\t\t\t><\/audio>\n\t<div class=\"wp-playlist-next\"><\/div>\n\t<div class=\"wp-playlist-prev\"><\/div>\n\t<noscript>\n\t<ol>\n\t\t<li><a href='https:\/\/florence.voisin.cc\/wp-content\/uploads\/2020\/05\/Aziza-la-source.mp3'>Aziza-la-source<\/a><\/li>\t<\/ol>\n\t<\/noscript>\n\t<script type=\"application\/json\" class=\"wp-playlist-script\">{\"type\":\"audio\",\"tracklist\":false,\"tracknumbers\":true,\"images\":false,\"artists\":false,\"tracks\":[{\"src\":\"https:\\\/\\\/florence.voisin.cc\\\/wp-content\\\/uploads\\\/2020\\\/05\\\/Aziza-la-source.mp3\",\"type\":\"audio\\\/mpeg\",\"title\":\"\",\"caption\":\"\",\"description\":\"<i>Aziza la source<\\\/i>.\",\"meta\":{\"length_formatted\":\"17:46\"},\"image\":{\"src\":\"https:\\\/\\\/florence.voisin.cc\\\/wp-includes\\\/images\\\/media\\\/audio.svg\",\"width\":48,\"height\":64},\"thumb\":{\"src\":\"https:\\\/\\\/florence.voisin.cc\\\/wp-includes\\\/images\\\/media\\\/audio.svg\",\"width\":48,\"height\":64}}]}<\/script>\n<\/div>\n\t<\/p>\t\t\t\t\t<\/div>\n\t\t\t\t\t\t<\/div>\n\t\t\t\t<\/div>\n\t\t\t\t\t\t<\/div>\n\t\t\t\t\t<\/div>\n\t\t<\/div>\n\t\t\t\t<div class=\"elementor-column elementor-col-33 elementor-top-column elementor-element elementor-element-011ecb9\" data-id=\"011ecb9\" data-element_type=\"column\">\n\t\t\t<div class=\"elementor-column-wrap elementor-element-populated\">\n\t\t\t\t\t\t\t<div class=\"elementor-widget-wrap\">\n\t\t\t\t\t\t<div class=\"elementor-element elementor-element-e367949 elementor-widget elementor-widget-text-editor\" data-id=\"e367949\" data-element_type=\"widget\" data-widget_type=\"text-editor.default\">\n\t\t\t\t<div class=\"elementor-widget-container\">\n\t\t\t\t\t\t\t\t<div class=\"elementor-text-editor elementor-clearfix\">\n\t\t\t\t<p><em>J&#8217;ai rencontr\u00e9 Aziza lors de notre installation \u00e0 la Source \u00e0 Orl\u00e9ans. J&#8217;ai pu passer du temps \u00e0 apprendre l&#8217;arabe avec elle et sa fille dans son appartement. Dans cet extrait Aziza est sur le plateau en direct avec nous. Elle nous parle de son rapport \u00e0 la France et \u00e0 son pays d&#8217;origine : le Maroc.<\/em><\/p>\t\t\t\t\t<\/div>\n\t\t\t\t\t\t<\/div>\n\t\t\t\t<\/div>\n\t\t\t\t\t\t<\/div>\n\t\t\t\t\t<\/div>\n\t\t<\/div>\n\t\t\t\t\t\t\t\t<\/div>\n\t\t\t\t\t<\/div>\n\t\t<\/section>\n\t\t\t\t\t\t\t\t\t<\/div>\n\t\t\t<\/div>\n\t\t\t\t\t<\/div>\n\t\t","protected":false},"excerpt":{"rendered":"<p>D\u00e9but d\u00e9cembre 2019, Radio Campus Orl\u00e9ans nous a invit\u00e9 pour ses 25 ans. Nous avons install\u00e9 notre caravane quelques jours dans le quartier de la Source \u00e0 Orl\u00e9ans pour rencontrer des habitants et discuter de leur rapport aux origines et \u00e0 langue, pour d\u00e9couvrir les horizons multiples qui se cachent derri\u00e8re de grand murs. Nous [&hellip;]<\/p>\n","protected":false},"author":1,"featured_media":0,"parent":179,"menu_order":0,"comment_status":"closed","ping_status":"closed","template":"","meta":{"advgb_blocks_editor_width":"","advgb_blocks_columns_visual_guide":"","_coblocks_attr":"","_coblocks_dimensions":"","_coblocks_responsive_height":"","_coblocks_accordion_ie_support":"","_monsterinsights_skip_tracking":false,"_monsterinsights_sitenote_active":false,"_monsterinsights_sitenote_note":"","_monsterinsights_sitenote_category":0,"episode_type":"","audio_file":"","cover_image":"","cover_image_id":"","duration":"","filesize":"","date_recorded":"","explicit":"","block":"","filesize_raw":"","footnotes":""},"class_list":["post-196","page","type-page","status-publish","hentry","entry"],"yoast_head":"<!-- This site is optimized with the Yoast SEO plugin v18.9 - https:\/\/yoast.com\/wordpress\/plugins\/seo\/ -->\n<title>Caradoc, Les langues \u00e0 la Source - Y<\/title>\n<meta name=\"robots\" content=\"index, follow, max-snippet:-1, max-image-preview:large, max-video-preview:-1\" \/>\n<link rel=\"canonical\" href=\"https:\/\/florence.voisin.cc\/index.php\/etabli\/realisations-collectif-caradoc\/caradoc\/\" \/>\n<meta property=\"og:locale\" content=\"fr_FR\" \/>\n<meta property=\"og:type\" content=\"article\" \/>\n<meta property=\"og:title\" content=\"Caradoc, Les langues \u00e0 la Source - Y\" \/>\n<meta property=\"og:description\" content=\"D\u00e9but d\u00e9cembre 2019, Radio Campus Orl\u00e9ans nous a invit\u00e9 pour ses 25 ans. Nous avons install\u00e9 notre caravane quelques jours dans le quartier de la Source \u00e0 Orl\u00e9ans pour rencontrer des habitants et discuter de leur rapport aux origines et \u00e0 langue, pour d\u00e9couvrir les horizons multiples qui se cachent derri\u00e8re de grand murs. Nous [&hellip;]\" \/>\n<meta property=\"og:url\" content=\"https:\/\/florence.voisin.cc\/index.php\/etabli\/realisations-collectif-caradoc\/caradoc\/\" \/>\n<meta property=\"og:site_name\" content=\"Y\" \/>\n<meta property=\"article:modified_time\" content=\"2022-05-19T10:01:14+00:00\" \/>\n<meta property=\"og:image\" content=\"http:\/\/florence.voisin.cc\/wp-content\/uploads\/2022\/05\/les-langues-1024x684.jpg\" \/>\n<meta name=\"twitter:card\" content=\"summary_large_image\" \/>\n<meta name=\"twitter:label1\" content=\"Dur\u00e9e de lecture estim\u00e9e\" \/>\n\t<meta name=\"twitter:data1\" content=\"1 minute\" \/>\n<script type=\"application\/ld+json\" class=\"yoast-schema-graph\">{\"@context\":\"https:\/\/schema.org\",\"@graph\":[{\"@type\":[\"Person\",\"Organization\"],\"@id\":\"https:\/\/florence.voisin.cc\/#\/schema\/person\/20f8006dfa5919b1c79c978dd1a0f3d7\",\"name\":\"florence\",\"logo\":{\"@id\":\"https:\/\/florence.voisin.cc\/#\/schema\/person\/image\/\"}},{\"@type\":\"WebSite\",\"@id\":\"https:\/\/florence.voisin.cc\/#website\",\"url\":\"https:\/\/florence.voisin.cc\/\",\"name\":\"Florence Voisin\",\"description\":\"\",\"publisher\":{\"@id\":\"https:\/\/florence.voisin.cc\/#\/schema\/person\/20f8006dfa5919b1c79c978dd1a0f3d7\"},\"potentialAction\":[{\"@type\":\"SearchAction\",\"target\":{\"@type\":\"EntryPoint\",\"urlTemplate\":\"https:\/\/florence.voisin.cc\/?s={search_term_string}\"},\"query-input\":\"required name=search_term_string\"}],\"inLanguage\":\"fr-FR\"},{\"@type\":\"ImageObject\",\"inLanguage\":\"fr-FR\",\"@id\":\"https:\/\/florence.voisin.cc\/index.php\/etabli\/realisations-collectif-caradoc\/caradoc\/#primaryimage\",\"url\":\"https:\/\/florence.voisin.cc\/wp-content\/uploads\/2022\/05\/les-langues.jpg\",\"contentUrl\":\"https:\/\/florence.voisin.cc\/wp-content\/uploads\/2022\/05\/les-langues.jpg\",\"width\":2048,\"height\":1367},{\"@type\":\"WebPage\",\"@id\":\"https:\/\/florence.voisin.cc\/index.php\/etabli\/realisations-collectif-caradoc\/caradoc\/#webpage\",\"url\":\"https:\/\/florence.voisin.cc\/index.php\/etabli\/realisations-collectif-caradoc\/caradoc\/\",\"name\":\"Caradoc, Les langues \u00e0 la Source - Y\",\"isPartOf\":{\"@id\":\"https:\/\/florence.voisin.cc\/#website\"},\"primaryImageOfPage\":{\"@id\":\"https:\/\/florence.voisin.cc\/index.php\/etabli\/realisations-collectif-caradoc\/caradoc\/#primaryimage\"},\"datePublished\":\"2020-05-19T11:27:52+00:00\",\"dateModified\":\"2022-05-19T10:01:14+00:00\",\"breadcrumb\":{\"@id\":\"https:\/\/florence.voisin.cc\/index.php\/etabli\/realisations-collectif-caradoc\/caradoc\/#breadcrumb\"},\"inLanguage\":\"fr-FR\",\"potentialAction\":[{\"@type\":\"ReadAction\",\"target\":[\"https:\/\/florence.voisin.cc\/index.php\/etabli\/realisations-collectif-caradoc\/caradoc\/\"]}]},{\"@type\":\"BreadcrumbList\",\"@id\":\"https:\/\/florence.voisin.cc\/index.php\/etabli\/realisations-collectif-caradoc\/caradoc\/#breadcrumb\",\"itemListElement\":[{\"@type\":\"ListItem\",\"position\":1,\"name\":\"Accueil\",\"item\":\"https:\/\/florence.voisin.cc\/\"},{\"@type\":\"ListItem\",\"position\":2,\"name\":\"[cr\u00e9ations]\",\"item\":\"https:\/\/florence.voisin.cc\/index.php\/etabli\/\"},{\"@type\":\"ListItem\",\"position\":3,\"name\":\"Caradoc\",\"item\":\"https:\/\/florence.voisin.cc\/index.php\/etabli\/realisations-collectif-caradoc\/\"},{\"@type\":\"ListItem\",\"position\":4,\"name\":\"Caradoc, Les langues \u00e0 la Source\"}]}]}<\/script>\n<!-- \/ Yoast SEO plugin. -->","yoast_head_json":{"title":"Caradoc, Les langues \u00e0 la Source - Y","robots":{"index":"index","follow":"follow","max-snippet":"max-snippet:-1","max-image-preview":"max-image-preview:large","max-video-preview":"max-video-preview:-1"},"canonical":"https:\/\/florence.voisin.cc\/index.php\/etabli\/realisations-collectif-caradoc\/caradoc\/","og_locale":"fr_FR","og_type":"article","og_title":"Caradoc, Les langues \u00e0 la Source - Y","og_description":"D\u00e9but d\u00e9cembre 2019, Radio Campus Orl\u00e9ans nous a invit\u00e9 pour ses 25 ans. Nous avons install\u00e9 notre caravane quelques jours dans le quartier de la Source \u00e0 Orl\u00e9ans pour rencontrer des habitants et discuter de leur rapport aux origines et \u00e0 langue, pour d\u00e9couvrir les horizons multiples qui se cachent derri\u00e8re de grand murs. Nous [&hellip;]","og_url":"https:\/\/florence.voisin.cc\/index.php\/etabli\/realisations-collectif-caradoc\/caradoc\/","og_site_name":"Y","article_modified_time":"2022-05-19T10:01:14+00:00","og_image":[{"url":"http:\/\/florence.voisin.cc\/wp-content\/uploads\/2022\/05\/les-langues-1024x684.jpg"}],"twitter_card":"summary_large_image","twitter_misc":{"Dur\u00e9e de lecture estim\u00e9e":"1 minute"},"schema":{"@context":"https:\/\/schema.org","@graph":[{"@type":["Person","Organization"],"@id":"https:\/\/florence.voisin.cc\/#\/schema\/person\/20f8006dfa5919b1c79c978dd1a0f3d7","name":"florence","logo":{"@id":"https:\/\/florence.voisin.cc\/#\/schema\/person\/image\/"}},{"@type":"WebSite","@id":"https:\/\/florence.voisin.cc\/#website","url":"https:\/\/florence.voisin.cc\/","name":"Florence Voisin","description":"","publisher":{"@id":"https:\/\/florence.voisin.cc\/#\/schema\/person\/20f8006dfa5919b1c79c978dd1a0f3d7"},"potentialAction":[{"@type":"SearchAction","target":{"@type":"EntryPoint","urlTemplate":"https:\/\/florence.voisin.cc\/?s={search_term_string}"},"query-input":"required name=search_term_string"}],"inLanguage":"fr-FR"},{"@type":"ImageObject","inLanguage":"fr-FR","@id":"https:\/\/florence.voisin.cc\/index.php\/etabli\/realisations-collectif-caradoc\/caradoc\/#primaryimage","url":"https:\/\/florence.voisin.cc\/wp-content\/uploads\/2022\/05\/les-langues.jpg","contentUrl":"https:\/\/florence.voisin.cc\/wp-content\/uploads\/2022\/05\/les-langues.jpg","width":2048,"height":1367},{"@type":"WebPage","@id":"https:\/\/florence.voisin.cc\/index.php\/etabli\/realisations-collectif-caradoc\/caradoc\/#webpage","url":"https:\/\/florence.voisin.cc\/index.php\/etabli\/realisations-collectif-caradoc\/caradoc\/","name":"Caradoc, Les langues \u00e0 la Source - Y","isPartOf":{"@id":"https:\/\/florence.voisin.cc\/#website"},"primaryImageOfPage":{"@id":"https:\/\/florence.voisin.cc\/index.php\/etabli\/realisations-collectif-caradoc\/caradoc\/#primaryimage"},"datePublished":"2020-05-19T11:27:52+00:00","dateModified":"2022-05-19T10:01:14+00:00","breadcrumb":{"@id":"https:\/\/florence.voisin.cc\/index.php\/etabli\/realisations-collectif-caradoc\/caradoc\/#breadcrumb"},"inLanguage":"fr-FR","potentialAction":[{"@type":"ReadAction","target":["https:\/\/florence.voisin.cc\/index.php\/etabli\/realisations-collectif-caradoc\/caradoc\/"]}]},{"@type":"BreadcrumbList","@id":"https:\/\/florence.voisin.cc\/index.php\/etabli\/realisations-collectif-caradoc\/caradoc\/#breadcrumb","itemListElement":[{"@type":"ListItem","position":1,"name":"Accueil","item":"https:\/\/florence.voisin.cc\/"},{"@type":"ListItem","position":2,"name":"[cr\u00e9ations]","item":"https:\/\/florence.voisin.cc\/index.php\/etabli\/"},{"@type":"ListItem","position":3,"name":"Caradoc","item":"https:\/\/florence.voisin.cc\/index.php\/etabli\/realisations-collectif-caradoc\/"},{"@type":"ListItem","position":4,"name":"Caradoc, Les langues \u00e0 la Source"}]}]}},"coauthors":[],"author_meta":{"author_link":"https:\/\/florence.voisin.cc\/index.php\/author\/florence\/","display_name":"florence"},"relative_dates":{"created":"Publi\u00e9 6 ans il y a","modified":"Mis \u00e0 jour 4 ans il y a"},"absolute_dates":{"created":"Publi\u00e9 le 19 mai 2020","modified":"Mise \u00e0 jour le 19 mai 2022"},"absolute_dates_time":{"created":"Publi\u00e9 le 19 mai 2020 13 h 27 min","modified":"Mise \u00e0 jour le 19 mai 2022 12 h 01 min"},"featured_img_caption":"","featured_img":false,"uagb_featured_image_src":{"full":false,"thumbnail":false,"medium":false,"medium_large":false,"large":false,"1536x1536":false,"2048x2048":false},"uagb_author_info":{"display_name":"florence","author_link":"https:\/\/florence.voisin.cc\/index.php\/author\/florence\/"},"uagb_comment_info":0,"uagb_excerpt":"D\u00e9but d\u00e9cembre 2019, Radio Campus Orl\u00e9ans nous a invit\u00e9 pour ses 25 ans. Nous avons install\u00e9 notre caravane quelques jours dans le quartier de la Source \u00e0 Orl\u00e9ans pour rencontrer des habitants et discuter de leur rapport aux origines et \u00e0 langue, pour d\u00e9couvrir les horizons multiples qui se cachent derri\u00e8re de grand murs. Nous\u2026","_links":{"self":[{"href":"https:\/\/florence.voisin.cc\/index.php\/wp-json\/wp\/v2\/pages\/196"}],"collection":[{"href":"https:\/\/florence.voisin.cc\/index.php\/wp-json\/wp\/v2\/pages"}],"about":[{"href":"https:\/\/florence.voisin.cc\/index.php\/wp-json\/wp\/v2\/types\/page"}],"author":[{"embeddable":true,"href":"https:\/\/florence.voisin.cc\/index.php\/wp-json\/wp\/v2\/users\/1"}],"replies":[{"embeddable":true,"href":"https:\/\/florence.voisin.cc\/index.php\/wp-json\/wp\/v2\/comments?post=196"}],"version-history":[{"count":34,"href":"https:\/\/florence.voisin.cc\/index.php\/wp-json\/wp\/v2\/pages\/196\/revisions"}],"predecessor-version":[{"id":1262,"href":"https:\/\/florence.voisin.cc\/index.php\/wp-json\/wp\/v2\/pages\/196\/revisions\/1262"}],"up":[{"embeddable":true,"href":"https:\/\/florence.voisin.cc\/index.php\/wp-json\/wp\/v2\/pages\/179"}],"wp:attachment":[{"href":"https:\/\/florence.voisin.cc\/index.php\/wp-json\/wp\/v2\/media?parent=196"}],"curies":[{"name":"wp","href":"https:\/\/api.w.org\/{rel}","templated":true}]}}