{"id":207,"date":"2020-05-19T14:16:52","date_gmt":"2020-05-19T12:16:52","guid":{"rendered":"http:\/\/florence.voisin.cc\/?page_id=207"},"modified":"2022-05-16T22:44:33","modified_gmt":"2022-05-16T20:44:33","slug":"caradoc-2","status":"publish","type":"page","link":"https:\/\/florence.voisin.cc\/index.php\/etabli\/realisations-collectif-caradoc\/caradoc-2\/","title":{"rendered":"Caradoc, Ce sera mieux demain"},"content":{"rendered":"\n<div class=\"wp-block-columns is-layout-flex wp-container-core-columns-is-layout-1 wp-block-columns-is-layout-flex\">\n<div class=\"wp-block-column is-layout-flow wp-block-column-is-layout-flow\">\n<p>Nous \u00e9tions sur le festival <em>Ce sera mieux demain<\/em>, organis\u00e9 par Saxifraga, \u00e0 Angoul\u00eame \u00e0 la fin d&#8217;ao\u00fbt 2019.<\/p>\n\n\n\n<p>Pendant trois jours, nous avons diffus\u00e9 sur une fr\u00e9quence \u00e9ph\u00e9m\u00e8re. Nous avons propos\u00e9 des \u00e9missions sur les th\u00e8mes de l&#8217;utopie et de la jeunesse. On a refait le monde ensemble en parlant environnement, travail et vie collective.<\/p>\n\n\n\n<p>   <\/p>\n\n\n\n<p><\/p>\n\n\n\n<p><\/p>\n\n\n\n<p>   <\/p>\n\n\n\n<figure class=\"wp-block-audio\"><audio controls src=\"http:\/\/florence.voisin.cc\/wp-content\/uploads\/2020\/05\/utopie1.mp3\"><\/audio><figcaption><em>Extrait de l&#8217;\u00e9mission Utopie en pr\u00e9sence du public et des invit\u00e9s : repr\u00e9sentants des gilets jaunes d&#8217;Angoul\u00eame et Emmanuelle Cournarie.<\/em><\/figcaption><\/figure>\n<\/div>\n\n\n\n<div class=\"wp-block-column is-layout-flow wp-block-column-is-layout-flow\">\n<figure class=\"wp-block-image size-large is-resized\"><img loading=\"lazy\" decoding=\"async\" src=\"http:\/\/florence.voisin.cc\/wp-content\/uploads\/2020\/06\/radio-mobile-Thomas-csmd.jpg\" alt=\"\" class=\"wp-image-599\" width=\"425\" height=\"283\" srcset=\"https:\/\/florence.voisin.cc\/wp-content\/uploads\/2020\/06\/radio-mobile-Thomas-csmd.jpg 960w, https:\/\/florence.voisin.cc\/wp-content\/uploads\/2020\/06\/radio-mobile-Thomas-csmd-300x200.jpg 300w, https:\/\/florence.voisin.cc\/wp-content\/uploads\/2020\/06\/radio-mobile-Thomas-csmd-768x512.jpg 768w\" sizes=\"(max-width: 425px) 100vw, 425px\" \/><figcaption>radio sur roues diffusant les \u00e9missions du festival. Cr\u00e9dit photo : Thomas Diaz<\/figcaption><\/figure>\n<\/div>\n<\/div>\n\n\n\n<div class=\"wp-block-columns is-layout-flex wp-container-core-columns-is-layout-2 wp-block-columns-is-layout-flex\">\n<div class=\"wp-block-column is-layout-flow wp-block-column-is-layout-flow\" style=\"flex-basis:66.66%\">\n<figure class=\"wp-block-image\"><img decoding=\"async\" src=\"http:\/\/florence.voisin.cc\/wp-content\/uploads\/2020\/06\/plateau-1.jpg\" alt=\"Cette image a un attribut alt vide\u00a0; le nom du fichier est plateau-1.jpg\"\/><figcaption>Cr\u00e9dit photo : Thomas Diaz<\/figcaption><\/figure>\n<\/div>\n\n\n\n<div class=\"wp-block-column is-layout-flow wp-block-column-is-layout-flow\" style=\"flex-basis:33.33%\"><\/div>\n<\/div>\n","protected":false},"excerpt":{"rendered":"<p>Nous \u00e9tions sur le festival Ce sera mieux demain, organis\u00e9 par Saxifraga, \u00e0 Angoul\u00eame \u00e0 la fin d&#8217;ao\u00fbt 2019. Pendant trois jours, nous avons diffus\u00e9 sur une fr\u00e9quence \u00e9ph\u00e9m\u00e8re. Nous avons propos\u00e9 des \u00e9missions sur les th\u00e8mes de l&#8217;utopie et de la jeunesse. On a refait le monde ensemble en parlant environnement, travail et vie [&hellip;]<\/p>\n","protected":false},"author":1,"featured_media":0,"parent":179,"menu_order":0,"comment_status":"closed","ping_status":"closed","template":"","meta":{"advgb_blocks_editor_width":"","advgb_blocks_columns_visual_guide":"","_coblocks_attr":"","_coblocks_dimensions":"","_coblocks_responsive_height":"","_coblocks_accordion_ie_support":"","_monsterinsights_skip_tracking":false,"_monsterinsights_sitenote_active":false,"_monsterinsights_sitenote_note":"","_monsterinsights_sitenote_category":0,"episode_type":"","audio_file":"","cover_image":"","cover_image_id":"","duration":"","filesize":"","date_recorded":"","explicit":"","block":"","filesize_raw":"","footnotes":""},"class_list":["post-207","page","type-page","status-publish","hentry","entry"],"yoast_head":"<!-- This site is optimized with the Yoast SEO plugin v18.9 - https:\/\/yoast.com\/wordpress\/plugins\/seo\/ -->\n<title>Caradoc, Ce sera mieux demain - Y<\/title>\n<meta name=\"robots\" content=\"index, follow, max-snippet:-1, max-image-preview:large, max-video-preview:-1\" \/>\n<link rel=\"canonical\" href=\"https:\/\/florence.voisin.cc\/index.php\/etabli\/realisations-collectif-caradoc\/caradoc-2\/\" \/>\n<meta property=\"og:locale\" content=\"fr_FR\" \/>\n<meta property=\"og:type\" content=\"article\" \/>\n<meta property=\"og:title\" content=\"Caradoc, Ce sera mieux demain - Y\" \/>\n<meta property=\"og:description\" content=\"Nous \u00e9tions sur le festival Ce sera mieux demain, organis\u00e9 par Saxifraga, \u00e0 Angoul\u00eame \u00e0 la fin d&#8217;ao\u00fbt 2019. Pendant trois jours, nous avons diffus\u00e9 sur une fr\u00e9quence \u00e9ph\u00e9m\u00e8re. Nous avons propos\u00e9 des \u00e9missions sur les th\u00e8mes de l&#8217;utopie et de la jeunesse. On a refait le monde ensemble en parlant environnement, travail et vie [&hellip;]\" \/>\n<meta property=\"og:url\" content=\"https:\/\/florence.voisin.cc\/index.php\/etabli\/realisations-collectif-caradoc\/caradoc-2\/\" \/>\n<meta property=\"og:site_name\" content=\"Y\" \/>\n<meta property=\"article:modified_time\" content=\"2022-05-16T20:44:33+00:00\" \/>\n<meta property=\"og:image\" content=\"http:\/\/florence.voisin.cc\/wp-content\/uploads\/2020\/06\/radio-mobile-Thomas-csmd.jpg\" \/>\n<meta name=\"twitter:card\" content=\"summary_large_image\" \/>\n<meta name=\"twitter:label1\" content=\"Dur\u00e9e de lecture estim\u00e9e\" \/>\n\t<meta name=\"twitter:data1\" content=\"1 minute\" \/>\n<script type=\"application\/ld+json\" class=\"yoast-schema-graph\">{\"@context\":\"https:\/\/schema.org\",\"@graph\":[{\"@type\":[\"Person\",\"Organization\"],\"@id\":\"https:\/\/florence.voisin.cc\/#\/schema\/person\/20f8006dfa5919b1c79c978dd1a0f3d7\",\"name\":\"florence\",\"logo\":{\"@id\":\"https:\/\/florence.voisin.cc\/#\/schema\/person\/image\/\"}},{\"@type\":\"WebSite\",\"@id\":\"https:\/\/florence.voisin.cc\/#website\",\"url\":\"https:\/\/florence.voisin.cc\/\",\"name\":\"Florence Voisin\",\"description\":\"\",\"publisher\":{\"@id\":\"https:\/\/florence.voisin.cc\/#\/schema\/person\/20f8006dfa5919b1c79c978dd1a0f3d7\"},\"potentialAction\":[{\"@type\":\"SearchAction\",\"target\":{\"@type\":\"EntryPoint\",\"urlTemplate\":\"https:\/\/florence.voisin.cc\/?s={search_term_string}\"},\"query-input\":\"required name=search_term_string\"}],\"inLanguage\":\"fr-FR\"},{\"@type\":\"ImageObject\",\"inLanguage\":\"fr-FR\",\"@id\":\"https:\/\/florence.voisin.cc\/index.php\/etabli\/realisations-collectif-caradoc\/caradoc-2\/#primaryimage\",\"url\":\"https:\/\/florence.voisin.cc\/wp-content\/uploads\/2020\/06\/radio-mobile-Thomas-csmd.jpg\",\"contentUrl\":\"https:\/\/florence.voisin.cc\/wp-content\/uploads\/2020\/06\/radio-mobile-Thomas-csmd.jpg\",\"width\":960,\"height\":640},{\"@type\":\"WebPage\",\"@id\":\"https:\/\/florence.voisin.cc\/index.php\/etabli\/realisations-collectif-caradoc\/caradoc-2\/#webpage\",\"url\":\"https:\/\/florence.voisin.cc\/index.php\/etabli\/realisations-collectif-caradoc\/caradoc-2\/\",\"name\":\"Caradoc, Ce sera mieux demain - Y\",\"isPartOf\":{\"@id\":\"https:\/\/florence.voisin.cc\/#website\"},\"primaryImageOfPage\":{\"@id\":\"https:\/\/florence.voisin.cc\/index.php\/etabli\/realisations-collectif-caradoc\/caradoc-2\/#primaryimage\"},\"datePublished\":\"2020-05-19T12:16:52+00:00\",\"dateModified\":\"2022-05-16T20:44:33+00:00\",\"breadcrumb\":{\"@id\":\"https:\/\/florence.voisin.cc\/index.php\/etabli\/realisations-collectif-caradoc\/caradoc-2\/#breadcrumb\"},\"inLanguage\":\"fr-FR\",\"potentialAction\":[{\"@type\":\"ReadAction\",\"target\":[\"https:\/\/florence.voisin.cc\/index.php\/etabli\/realisations-collectif-caradoc\/caradoc-2\/\"]}]},{\"@type\":\"BreadcrumbList\",\"@id\":\"https:\/\/florence.voisin.cc\/index.php\/etabli\/realisations-collectif-caradoc\/caradoc-2\/#breadcrumb\",\"itemListElement\":[{\"@type\":\"ListItem\",\"position\":1,\"name\":\"Accueil\",\"item\":\"https:\/\/florence.voisin.cc\/\"},{\"@type\":\"ListItem\",\"position\":2,\"name\":\"[cr\u00e9ations]\",\"item\":\"https:\/\/florence.voisin.cc\/index.php\/etabli\/\"},{\"@type\":\"ListItem\",\"position\":3,\"name\":\"Caradoc\",\"item\":\"https:\/\/florence.voisin.cc\/index.php\/etabli\/realisations-collectif-caradoc\/\"},{\"@type\":\"ListItem\",\"position\":4,\"name\":\"Caradoc, Ce sera mieux demain\"}]}]}<\/script>\n<!-- \/ Yoast SEO plugin. -->","yoast_head_json":{"title":"Caradoc, Ce sera mieux demain - Y","robots":{"index":"index","follow":"follow","max-snippet":"max-snippet:-1","max-image-preview":"max-image-preview:large","max-video-preview":"max-video-preview:-1"},"canonical":"https:\/\/florence.voisin.cc\/index.php\/etabli\/realisations-collectif-caradoc\/caradoc-2\/","og_locale":"fr_FR","og_type":"article","og_title":"Caradoc, Ce sera mieux demain - Y","og_description":"Nous \u00e9tions sur le festival Ce sera mieux demain, organis\u00e9 par Saxifraga, \u00e0 Angoul\u00eame \u00e0 la fin d&#8217;ao\u00fbt 2019. Pendant trois jours, nous avons diffus\u00e9 sur une fr\u00e9quence \u00e9ph\u00e9m\u00e8re. Nous avons propos\u00e9 des \u00e9missions sur les th\u00e8mes de l&#8217;utopie et de la jeunesse. On a refait le monde ensemble en parlant environnement, travail et vie [&hellip;]","og_url":"https:\/\/florence.voisin.cc\/index.php\/etabli\/realisations-collectif-caradoc\/caradoc-2\/","og_site_name":"Y","article_modified_time":"2022-05-16T20:44:33+00:00","og_image":[{"url":"http:\/\/florence.voisin.cc\/wp-content\/uploads\/2020\/06\/radio-mobile-Thomas-csmd.jpg"}],"twitter_card":"summary_large_image","twitter_misc":{"Dur\u00e9e de lecture estim\u00e9e":"1 minute"},"schema":{"@context":"https:\/\/schema.org","@graph":[{"@type":["Person","Organization"],"@id":"https:\/\/florence.voisin.cc\/#\/schema\/person\/20f8006dfa5919b1c79c978dd1a0f3d7","name":"florence","logo":{"@id":"https:\/\/florence.voisin.cc\/#\/schema\/person\/image\/"}},{"@type":"WebSite","@id":"https:\/\/florence.voisin.cc\/#website","url":"https:\/\/florence.voisin.cc\/","name":"Florence Voisin","description":"","publisher":{"@id":"https:\/\/florence.voisin.cc\/#\/schema\/person\/20f8006dfa5919b1c79c978dd1a0f3d7"},"potentialAction":[{"@type":"SearchAction","target":{"@type":"EntryPoint","urlTemplate":"https:\/\/florence.voisin.cc\/?s={search_term_string}"},"query-input":"required name=search_term_string"}],"inLanguage":"fr-FR"},{"@type":"ImageObject","inLanguage":"fr-FR","@id":"https:\/\/florence.voisin.cc\/index.php\/etabli\/realisations-collectif-caradoc\/caradoc-2\/#primaryimage","url":"https:\/\/florence.voisin.cc\/wp-content\/uploads\/2020\/06\/radio-mobile-Thomas-csmd.jpg","contentUrl":"https:\/\/florence.voisin.cc\/wp-content\/uploads\/2020\/06\/radio-mobile-Thomas-csmd.jpg","width":960,"height":640},{"@type":"WebPage","@id":"https:\/\/florence.voisin.cc\/index.php\/etabli\/realisations-collectif-caradoc\/caradoc-2\/#webpage","url":"https:\/\/florence.voisin.cc\/index.php\/etabli\/realisations-collectif-caradoc\/caradoc-2\/","name":"Caradoc, Ce sera mieux demain - Y","isPartOf":{"@id":"https:\/\/florence.voisin.cc\/#website"},"primaryImageOfPage":{"@id":"https:\/\/florence.voisin.cc\/index.php\/etabli\/realisations-collectif-caradoc\/caradoc-2\/#primaryimage"},"datePublished":"2020-05-19T12:16:52+00:00","dateModified":"2022-05-16T20:44:33+00:00","breadcrumb":{"@id":"https:\/\/florence.voisin.cc\/index.php\/etabli\/realisations-collectif-caradoc\/caradoc-2\/#breadcrumb"},"inLanguage":"fr-FR","potentialAction":[{"@type":"ReadAction","target":["https:\/\/florence.voisin.cc\/index.php\/etabli\/realisations-collectif-caradoc\/caradoc-2\/"]}]},{"@type":"BreadcrumbList","@id":"https:\/\/florence.voisin.cc\/index.php\/etabli\/realisations-collectif-caradoc\/caradoc-2\/#breadcrumb","itemListElement":[{"@type":"ListItem","position":1,"name":"Accueil","item":"https:\/\/florence.voisin.cc\/"},{"@type":"ListItem","position":2,"name":"[cr\u00e9ations]","item":"https:\/\/florence.voisin.cc\/index.php\/etabli\/"},{"@type":"ListItem","position":3,"name":"Caradoc","item":"https:\/\/florence.voisin.cc\/index.php\/etabli\/realisations-collectif-caradoc\/"},{"@type":"ListItem","position":4,"name":"Caradoc, Ce sera mieux demain"}]}]}},"coauthors":[],"author_meta":{"author_link":"https:\/\/florence.voisin.cc\/index.php\/author\/florence\/","display_name":"florence"},"relative_dates":{"created":"Publi\u00e9 6 ans il y a","modified":"Mis \u00e0 jour 4 ans il y a"},"absolute_dates":{"created":"Publi\u00e9 le 19 mai 2020","modified":"Mise \u00e0 jour le 16 mai 2022"},"absolute_dates_time":{"created":"Publi\u00e9 le 19 mai 2020 14 h 16 min","modified":"Mise \u00e0 jour le 16 mai 2022 22 h 44 min"},"featured_img_caption":"","featured_img":false,"uagb_featured_image_src":{"full":false,"thumbnail":false,"medium":false,"medium_large":false,"large":false,"1536x1536":false,"2048x2048":false},"uagb_author_info":{"display_name":"florence","author_link":"https:\/\/florence.voisin.cc\/index.php\/author\/florence\/"},"uagb_comment_info":0,"uagb_excerpt":"Nous \u00e9tions sur le festival Ce sera mieux demain, organis\u00e9 par Saxifraga, \u00e0 Angoul\u00eame \u00e0 la fin d&#8217;ao\u00fbt 2019. Pendant trois jours, nous avons diffus\u00e9 sur une fr\u00e9quence \u00e9ph\u00e9m\u00e8re. Nous avons propos\u00e9 des \u00e9missions sur les th\u00e8mes de l&#8217;utopie et de la jeunesse. On a refait le monde ensemble en parlant environnement, travail et vie\u2026","_links":{"self":[{"href":"https:\/\/florence.voisin.cc\/index.php\/wp-json\/wp\/v2\/pages\/207"}],"collection":[{"href":"https:\/\/florence.voisin.cc\/index.php\/wp-json\/wp\/v2\/pages"}],"about":[{"href":"https:\/\/florence.voisin.cc\/index.php\/wp-json\/wp\/v2\/types\/page"}],"author":[{"embeddable":true,"href":"https:\/\/florence.voisin.cc\/index.php\/wp-json\/wp\/v2\/users\/1"}],"replies":[{"embeddable":true,"href":"https:\/\/florence.voisin.cc\/index.php\/wp-json\/wp\/v2\/comments?post=207"}],"version-history":[{"count":25,"href":"https:\/\/florence.voisin.cc\/index.php\/wp-json\/wp\/v2\/pages\/207\/revisions"}],"predecessor-version":[{"id":871,"href":"https:\/\/florence.voisin.cc\/index.php\/wp-json\/wp\/v2\/pages\/207\/revisions\/871"}],"up":[{"embeddable":true,"href":"https:\/\/florence.voisin.cc\/index.php\/wp-json\/wp\/v2\/pages\/179"}],"wp:attachment":[{"href":"https:\/\/florence.voisin.cc\/index.php\/wp-json\/wp\/v2\/media?parent=207"}],"curies":[{"name":"wp","href":"https:\/\/api.w.org\/{rel}","templated":true}]}}