{"id":2373,"date":"2023-09-25T21:05:33","date_gmt":"2023-09-25T19:05:33","guid":{"rendered":"http:\/\/florence.voisin.cc\/?page_id=2373"},"modified":"2026-02-12T22:45:51","modified_gmt":"2026-02-12T21:45:51","slug":"la-ville-en-nous","status":"publish","type":"page","link":"https:\/\/florence.voisin.cc\/index.php\/contributions\/la-ville-en-nous\/","title":{"rendered":"La Ville en Nous"},"content":{"rendered":"\t\t<div data-elementor-type=\"wp-page\" data-elementor-id=\"2373\" class=\"elementor elementor-2373\">\n\t\t\t\t\t\t<div class=\"elementor-inner\">\n\t\t\t\t<div class=\"elementor-section-wrap\">\n\t\t\t\t\t\t\t\t\t<section class=\"elementor-section elementor-top-section elementor-element elementor-element-f6897d9 elementor-section-boxed elementor-section-height-default elementor-section-height-default\" data-id=\"f6897d9\" data-element_type=\"section\">\n\t\t\t\t\t\t<div class=\"elementor-container elementor-column-gap-default\">\n\t\t\t\t\t\t\t<div class=\"elementor-row\">\n\t\t\t\t\t<div class=\"elementor-column elementor-col-50 elementor-top-column elementor-element elementor-element-2f9c744\" data-id=\"2f9c744\" data-element_type=\"column\">\n\t\t\t<div class=\"elementor-column-wrap elementor-element-populated\">\n\t\t\t\t\t\t\t<div class=\"elementor-widget-wrap\">\n\t\t\t\t\t\t<div class=\"elementor-element elementor-element-e22840a elementor-widget elementor-widget-image\" data-id=\"e22840a\" data-element_type=\"widget\" data-widget_type=\"image.default\">\n\t\t\t\t<div class=\"elementor-widget-container\">\n\t\t\t\t\t\t\t\t<div class=\"elementor-image\">\n\t\t\t\t\t\t\t\t\t\t\t\t<img loading=\"lazy\" decoding=\"async\" width=\"768\" height=\"1024\" src=\"https:\/\/florence.voisin.cc\/wp-content\/uploads\/2023\/09\/347250045_744014487725806_918773553913873129_n-768x1024.jpg\" class=\"attachment-large size-large wp-image-2379\" alt=\"Au premier plan, un flyer avec le titre &quot; les trois p&#039;tites tours&quot;. Au second plan, des personnes v\u00eatues d&#039;un gilet jaune et de casques, de dos, assises face \u00e0 un \u00e9cran dans un soubassement d&#039;un immeuble en travaux\" srcset=\"https:\/\/florence.voisin.cc\/wp-content\/uploads\/2023\/09\/347250045_744014487725806_918773553913873129_n-768x1024.jpg 768w, https:\/\/florence.voisin.cc\/wp-content\/uploads\/2023\/09\/347250045_744014487725806_918773553913873129_n-225x300.jpg 225w, https:\/\/florence.voisin.cc\/wp-content\/uploads\/2023\/09\/347250045_744014487725806_918773553913873129_n-1152x1536.jpg 1152w, https:\/\/florence.voisin.cc\/wp-content\/uploads\/2023\/09\/347250045_744014487725806_918773553913873129_n.jpg 1200w\" sizes=\"(max-width: 768px) 100vw, 768px\" \/>\t\t\t\t\t\t\t\t\t\t\t\t\t\t<\/div>\n\t\t\t\t\t\t<\/div>\n\t\t\t\t<\/div>\n\t\t\t\t\t\t<\/div>\n\t\t\t\t\t<\/div>\n\t\t<\/div>\n\t\t\t\t<div class=\"elementor-column elementor-col-50 elementor-top-column elementor-element elementor-element-560bd18\" data-id=\"560bd18\" data-element_type=\"column\">\n\t\t\t<div class=\"elementor-column-wrap elementor-element-populated\">\n\t\t\t\t\t\t\t<div class=\"elementor-widget-wrap\">\n\t\t\t\t\t\t<div class=\"elementor-element elementor-element-16e6fa2 elementor-widget elementor-widget-heading\" data-id=\"16e6fa2\" data-element_type=\"widget\" data-widget_type=\"heading.default\">\n\t\t\t\t<div class=\"elementor-widget-container\">\n\t\t\t<h2 class=\"elementor-heading-title elementor-size-default\">LA VILLE EN NOUS<\/h2>\t\t<\/div>\n\t\t\t\t<\/div>\n\t\t\t\t<div class=\"elementor-element elementor-element-5fe1f22 elementor-widget elementor-widget-text-editor\" data-id=\"5fe1f22\" data-element_type=\"widget\" data-widget_type=\"text-editor.default\">\n\t\t\t\t<div class=\"elementor-widget-container\">\n\t\t\t\t\t\t\t\t<div class=\"elementor-text-editor elementor-clearfix\">\n\t\t\t\t<p><em>La Ville en Nous<\/em> est un film documentaire issu d&#8217;une r\u00e9sidence dans un quartier en r\u00e9habilitation.<\/p>\n<p>Pendant 3 ans, les Trois P&#8217;tites Tours ont sillonn\u00e9 le quartier \u00e0 la rencontre de ses habitant\u2022es. Parmi elles, Lucie Rivoalen r\u00e9alise <em>La<\/em> <em>Ville en Nous<\/em>. A l&#8217;\u00e9preuve de ces gestes quotidiens, souvent r\u00e9p\u00e9titifs, la ville semble muter de mani\u00e8re autonome, tandis que chacun\u2022e dessine et d\u00e9limite une pi\u00e8ce \u00e0 soi. Daniel d\u00e9m\u00e9nage, et ce n&#8217;est pas une mince organisation. Mireille subit cet environnement bruyant et encombr\u00e9, ses respirations sont po\u00e9tiques, collectives et v\u00e9g\u00e9tales. Mohammad s&#8217;installe ; pour la premi\u00e8re fois, il est chez lui.<\/p>\n<p>Depuis 2021 j&#8217;ai accompagn\u00e9 Lucie en tournages chez Daniel, Mireille et Mohammad \u00e0 la prise de sons. J&#8217;ai \u00e9galement contribu\u00e9 au montage sonore du film.<\/p>\n<p>Projections :<\/p>\n<p>02\/07\/2022 : Festival <a href=\"https:\/\/obskura.fr\/\">Obskura<\/a>. Pr\u00e9sentation d&#8217;une \u00e9tape de travail : projection 16mm et cr\u00e9ation sonore en direct.<\/p>\n<p>06-07\/2023 : sur le quartier du tournage dans des lieux encore en chantier, lors de la sortie de r\u00e9sidence des Trois P&#8217;tites Tours. Maurepas, Rennes<br><\/p>\n<p>21\/09\/23 : les Ateliers du Vent, Rennes<br>19\/10\/23 : les Ombres \u00c9lectriques, Rennes<br>18\/11\/23 : le Mois du Doc, Caf\u00e9 Th\u00e9odore, Tr\u00e9drez-Locqu\u00e9meau<\/p>\n<p><\/p>\n<p><br><\/p>\t\t\t\t\t<\/div>\n\t\t\t\t\t\t<\/div>\n\t\t\t\t<\/div>\n\t\t\t\t\t\t<\/div>\n\t\t\t\t\t<\/div>\n\t\t<\/div>\n\t\t\t\t\t\t\t\t<\/div>\n\t\t\t\t\t<\/div>\n\t\t<\/section>\n\t\t\t\t<section class=\"elementor-section elementor-top-section elementor-element elementor-element-7757ddb elementor-section-boxed elementor-section-height-default elementor-section-height-default\" data-id=\"7757ddb\" data-element_type=\"section\">\n\t\t\t\t\t\t<div class=\"elementor-container elementor-column-gap-default\">\n\t\t\t\t\t\t\t<div class=\"elementor-row\">\n\t\t\t\t\t<div class=\"elementor-column elementor-col-100 elementor-top-column elementor-element elementor-element-d6e92c5\" data-id=\"d6e92c5\" data-element_type=\"column\">\n\t\t\t<div class=\"elementor-column-wrap elementor-element-populated\">\n\t\t\t\t\t\t\t<div class=\"elementor-widget-wrap\">\n\t\t\t\t\t\t<div class=\"elementor-element elementor-element-4515e61 elementor-widget elementor-widget-video\" data-id=\"4515e61\" data-element_type=\"widget\" data-settings=\"{&quot;video_type&quot;:&quot;vimeo&quot;}\" data-widget_type=\"video.default\">\n\t\t\t\t<div class=\"elementor-widget-container\">\n\t\t\t\t\t<div class=\"elementor-wrapper elementor-open-inline\">\n\t\t\t<iframe class=\"elementor-video-iframe\" allowfullscreen title=\"Lecteur vid\u00e9o vimeo\" src=\"https:\/\/player.vimeo.com\/video\/865912835?color&amp;autopause=0&amp;loop=0&amp;muted=0&amp;title=1&amp;portrait=1&amp;byline=1#t=\"><\/iframe>\t\t<\/div>\n\t\t\t\t<\/div>\n\t\t\t\t<\/div>\n\t\t\t\t\t\t<\/div>\n\t\t\t\t\t<\/div>\n\t\t<\/div>\n\t\t\t\t\t\t\t\t<\/div>\n\t\t\t\t\t<\/div>\n\t\t<\/section>\n\t\t\t\t<section class=\"elementor-section elementor-top-section elementor-element elementor-element-009c011 elementor-section-boxed elementor-section-height-default elementor-section-height-default\" data-id=\"009c011\" data-element_type=\"section\">\n\t\t\t\t\t\t<div class=\"elementor-container elementor-column-gap-default\">\n\t\t\t\t\t\t\t<div class=\"elementor-row\">\n\t\t\t\t\t<div class=\"elementor-column elementor-col-50 elementor-top-column elementor-element elementor-element-61db9fd\" data-id=\"61db9fd\" data-element_type=\"column\">\n\t\t\t<div class=\"elementor-column-wrap\">\n\t\t\t\t\t\t\t<div class=\"elementor-widget-wrap\">\n\t\t\t\t\t\t\t\t<\/div>\n\t\t\t\t\t<\/div>\n\t\t<\/div>\n\t\t\t\t<div class=\"elementor-column elementor-col-50 elementor-top-column elementor-element elementor-element-a2bb94a\" data-id=\"a2bb94a\" data-element_type=\"column\">\n\t\t\t<div class=\"elementor-column-wrap\">\n\t\t\t\t\t\t\t<div class=\"elementor-widget-wrap\">\n\t\t\t\t\t\t\t\t<\/div>\n\t\t\t\t\t<\/div>\n\t\t<\/div>\n\t\t\t\t\t\t\t\t<\/div>\n\t\t\t\t\t<\/div>\n\t\t<\/section>\n\t\t\t\t\t\t\t\t\t<\/div>\n\t\t\t<\/div>\n\t\t\t\t\t<\/div>\n\t\t","protected":false},"excerpt":{"rendered":"<p>LA VILLE EN NOUS La Ville en Nous est un film documentaire issu d&#8217;une r\u00e9sidence dans un quartier en r\u00e9habilitation. Pendant 3 ans, les Trois P&#8217;tites Tours ont sillonn\u00e9 le quartier \u00e0 la rencontre de ses habitant\u2022es. Parmi elles, Lucie Rivoalen r\u00e9alise La Ville en Nous. A l&#8217;\u00e9preuve de ces gestes quotidiens, souvent r\u00e9p\u00e9titifs, la [&hellip;]<\/p>\n","protected":false},"author":1,"featured_media":0,"parent":1918,"menu_order":0,"comment_status":"closed","ping_status":"closed","template":"","meta":{"advgb_blocks_editor_width":"","advgb_blocks_columns_visual_guide":"","_coblocks_attr":"","_coblocks_dimensions":"","_coblocks_responsive_height":"","_coblocks_accordion_ie_support":"","_monsterinsights_skip_tracking":false,"_monsterinsights_sitenote_active":false,"_monsterinsights_sitenote_note":"","_monsterinsights_sitenote_category":0,"episode_type":"","audio_file":"","cover_image":"","cover_image_id":"","duration":"","filesize":"","date_recorded":"","explicit":"","block":"","filesize_raw":"","footnotes":""},"class_list":["post-2373","page","type-page","status-publish","hentry","entry"],"yoast_head":"<!-- This site is optimized with the Yoast SEO plugin v18.9 - https:\/\/yoast.com\/wordpress\/plugins\/seo\/ -->\n<title>La Ville en Nous - Y<\/title>\n<meta name=\"robots\" content=\"index, follow, max-snippet:-1, max-image-preview:large, max-video-preview:-1\" \/>\n<link rel=\"canonical\" href=\"https:\/\/florence.voisin.cc\/index.php\/contributions\/la-ville-en-nous\/\" \/>\n<meta property=\"og:locale\" content=\"fr_FR\" \/>\n<meta property=\"og:type\" content=\"article\" \/>\n<meta property=\"og:title\" content=\"La Ville en Nous - Y\" \/>\n<meta property=\"og:description\" content=\"LA VILLE EN NOUS La Ville en Nous est un film documentaire issu d&#8217;une r\u00e9sidence dans un quartier en r\u00e9habilitation. Pendant 3 ans, les Trois P&#8217;tites Tours ont sillonn\u00e9 le quartier \u00e0 la rencontre de ses habitant\u2022es. Parmi elles, Lucie Rivoalen r\u00e9alise La Ville en Nous. A l&#8217;\u00e9preuve de ces gestes quotidiens, souvent r\u00e9p\u00e9titifs, la [&hellip;]\" \/>\n<meta property=\"og:url\" content=\"https:\/\/florence.voisin.cc\/index.php\/contributions\/la-ville-en-nous\/\" \/>\n<meta property=\"og:site_name\" content=\"Y\" \/>\n<meta property=\"article:modified_time\" content=\"2026-02-12T21:45:51+00:00\" \/>\n<meta property=\"og:image\" content=\"http:\/\/florence.voisin.cc\/wp-content\/uploads\/2023\/09\/347250045_744014487725806_918773553913873129_n-768x1024.jpg\" \/>\n<meta name=\"twitter:card\" content=\"summary_large_image\" \/>\n<meta name=\"twitter:label1\" content=\"Dur\u00e9e de lecture estim\u00e9e\" \/>\n\t<meta name=\"twitter:data1\" content=\"2 minutes\" \/>\n<script type=\"application\/ld+json\" class=\"yoast-schema-graph\">{\"@context\":\"https:\/\/schema.org\",\"@graph\":[{\"@type\":[\"Person\",\"Organization\"],\"@id\":\"https:\/\/florence.voisin.cc\/#\/schema\/person\/20f8006dfa5919b1c79c978dd1a0f3d7\",\"name\":\"florence\",\"logo\":{\"@id\":\"https:\/\/florence.voisin.cc\/#\/schema\/person\/image\/\"}},{\"@type\":\"WebSite\",\"@id\":\"https:\/\/florence.voisin.cc\/#website\",\"url\":\"https:\/\/florence.voisin.cc\/\",\"name\":\"Florence Voisin\",\"description\":\"\",\"publisher\":{\"@id\":\"https:\/\/florence.voisin.cc\/#\/schema\/person\/20f8006dfa5919b1c79c978dd1a0f3d7\"},\"potentialAction\":[{\"@type\":\"SearchAction\",\"target\":{\"@type\":\"EntryPoint\",\"urlTemplate\":\"https:\/\/florence.voisin.cc\/?s={search_term_string}\"},\"query-input\":\"required name=search_term_string\"}],\"inLanguage\":\"fr-FR\"},{\"@type\":\"ImageObject\",\"inLanguage\":\"fr-FR\",\"@id\":\"https:\/\/florence.voisin.cc\/index.php\/contributions\/la-ville-en-nous\/#primaryimage\",\"url\":\"https:\/\/florence.voisin.cc\/wp-content\/uploads\/2023\/09\/347250045_744014487725806_918773553913873129_n.jpg\",\"contentUrl\":\"https:\/\/florence.voisin.cc\/wp-content\/uploads\/2023\/09\/347250045_744014487725806_918773553913873129_n.jpg\",\"width\":1200,\"height\":1600,\"caption\":\"Au premier plan, un flyer avec le titre \\\" les trois p'tites tours\\\". Au second plan, des personnes v\u00eatues d'un gilet jaune et de casques, de dos, assises face \u00e0 un \u00e9cran dans un soubassement d'un immeuble en travaux\"},{\"@type\":\"WebPage\",\"@id\":\"https:\/\/florence.voisin.cc\/index.php\/contributions\/la-ville-en-nous\/#webpage\",\"url\":\"https:\/\/florence.voisin.cc\/index.php\/contributions\/la-ville-en-nous\/\",\"name\":\"La Ville en Nous - Y\",\"isPartOf\":{\"@id\":\"https:\/\/florence.voisin.cc\/#website\"},\"primaryImageOfPage\":{\"@id\":\"https:\/\/florence.voisin.cc\/index.php\/contributions\/la-ville-en-nous\/#primaryimage\"},\"datePublished\":\"2023-09-25T19:05:33+00:00\",\"dateModified\":\"2026-02-12T21:45:51+00:00\",\"breadcrumb\":{\"@id\":\"https:\/\/florence.voisin.cc\/index.php\/contributions\/la-ville-en-nous\/#breadcrumb\"},\"inLanguage\":\"fr-FR\",\"potentialAction\":[{\"@type\":\"ReadAction\",\"target\":[\"https:\/\/florence.voisin.cc\/index.php\/contributions\/la-ville-en-nous\/\"]}]},{\"@type\":\"BreadcrumbList\",\"@id\":\"https:\/\/florence.voisin.cc\/index.php\/contributions\/la-ville-en-nous\/#breadcrumb\",\"itemListElement\":[{\"@type\":\"ListItem\",\"position\":1,\"name\":\"Accueil\",\"item\":\"https:\/\/florence.voisin.cc\/\"},{\"@type\":\"ListItem\",\"position\":2,\"name\":\"[contributions]\",\"item\":\"https:\/\/florence.voisin.cc\/index.php\/contributions\/\"},{\"@type\":\"ListItem\",\"position\":3,\"name\":\"La Ville en Nous\"}]}]}<\/script>\n<!-- \/ Yoast SEO plugin. -->","yoast_head_json":{"title":"La Ville en Nous - Y","robots":{"index":"index","follow":"follow","max-snippet":"max-snippet:-1","max-image-preview":"max-image-preview:large","max-video-preview":"max-video-preview:-1"},"canonical":"https:\/\/florence.voisin.cc\/index.php\/contributions\/la-ville-en-nous\/","og_locale":"fr_FR","og_type":"article","og_title":"La Ville en Nous - Y","og_description":"LA VILLE EN NOUS La Ville en Nous est un film documentaire issu d&#8217;une r\u00e9sidence dans un quartier en r\u00e9habilitation. Pendant 3 ans, les Trois P&#8217;tites Tours ont sillonn\u00e9 le quartier \u00e0 la rencontre de ses habitant\u2022es. Parmi elles, Lucie Rivoalen r\u00e9alise La Ville en Nous. A l&#8217;\u00e9preuve de ces gestes quotidiens, souvent r\u00e9p\u00e9titifs, la [&hellip;]","og_url":"https:\/\/florence.voisin.cc\/index.php\/contributions\/la-ville-en-nous\/","og_site_name":"Y","article_modified_time":"2026-02-12T21:45:51+00:00","og_image":[{"url":"http:\/\/florence.voisin.cc\/wp-content\/uploads\/2023\/09\/347250045_744014487725806_918773553913873129_n-768x1024.jpg"}],"twitter_card":"summary_large_image","twitter_misc":{"Dur\u00e9e de lecture estim\u00e9e":"2 minutes"},"schema":{"@context":"https:\/\/schema.org","@graph":[{"@type":["Person","Organization"],"@id":"https:\/\/florence.voisin.cc\/#\/schema\/person\/20f8006dfa5919b1c79c978dd1a0f3d7","name":"florence","logo":{"@id":"https:\/\/florence.voisin.cc\/#\/schema\/person\/image\/"}},{"@type":"WebSite","@id":"https:\/\/florence.voisin.cc\/#website","url":"https:\/\/florence.voisin.cc\/","name":"Florence Voisin","description":"","publisher":{"@id":"https:\/\/florence.voisin.cc\/#\/schema\/person\/20f8006dfa5919b1c79c978dd1a0f3d7"},"potentialAction":[{"@type":"SearchAction","target":{"@type":"EntryPoint","urlTemplate":"https:\/\/florence.voisin.cc\/?s={search_term_string}"},"query-input":"required name=search_term_string"}],"inLanguage":"fr-FR"},{"@type":"ImageObject","inLanguage":"fr-FR","@id":"https:\/\/florence.voisin.cc\/index.php\/contributions\/la-ville-en-nous\/#primaryimage","url":"https:\/\/florence.voisin.cc\/wp-content\/uploads\/2023\/09\/347250045_744014487725806_918773553913873129_n.jpg","contentUrl":"https:\/\/florence.voisin.cc\/wp-content\/uploads\/2023\/09\/347250045_744014487725806_918773553913873129_n.jpg","width":1200,"height":1600,"caption":"Au premier plan, un flyer avec le titre \" les trois p'tites tours\". Au second plan, des personnes v\u00eatues d'un gilet jaune et de casques, de dos, assises face \u00e0 un \u00e9cran dans un soubassement d'un immeuble en travaux"},{"@type":"WebPage","@id":"https:\/\/florence.voisin.cc\/index.php\/contributions\/la-ville-en-nous\/#webpage","url":"https:\/\/florence.voisin.cc\/index.php\/contributions\/la-ville-en-nous\/","name":"La Ville en Nous - Y","isPartOf":{"@id":"https:\/\/florence.voisin.cc\/#website"},"primaryImageOfPage":{"@id":"https:\/\/florence.voisin.cc\/index.php\/contributions\/la-ville-en-nous\/#primaryimage"},"datePublished":"2023-09-25T19:05:33+00:00","dateModified":"2026-02-12T21:45:51+00:00","breadcrumb":{"@id":"https:\/\/florence.voisin.cc\/index.php\/contributions\/la-ville-en-nous\/#breadcrumb"},"inLanguage":"fr-FR","potentialAction":[{"@type":"ReadAction","target":["https:\/\/florence.voisin.cc\/index.php\/contributions\/la-ville-en-nous\/"]}]},{"@type":"BreadcrumbList","@id":"https:\/\/florence.voisin.cc\/index.php\/contributions\/la-ville-en-nous\/#breadcrumb","itemListElement":[{"@type":"ListItem","position":1,"name":"Accueil","item":"https:\/\/florence.voisin.cc\/"},{"@type":"ListItem","position":2,"name":"[contributions]","item":"https:\/\/florence.voisin.cc\/index.php\/contributions\/"},{"@type":"ListItem","position":3,"name":"La Ville en Nous"}]}]}},"coauthors":[],"author_meta":{"author_link":"https:\/\/florence.voisin.cc\/index.php\/author\/florence\/","display_name":"florence"},"relative_dates":{"created":"Publi\u00e9 3 ans il y a","modified":"Mis \u00e0 jour 2 mois il y a"},"absolute_dates":{"created":"Publi\u00e9 le 25 septembre 2023","modified":"Mise \u00e0 jour le 12 f\u00e9vrier 2026"},"absolute_dates_time":{"created":"Publi\u00e9 le 25 septembre 2023 21 h 05 min","modified":"Mise \u00e0 jour le 12 f\u00e9vrier 2026 22 h 45 min"},"featured_img_caption":"","featured_img":false,"uagb_featured_image_src":{"full":false,"thumbnail":false,"medium":false,"medium_large":false,"large":false,"1536x1536":false,"2048x2048":false},"uagb_author_info":{"display_name":"florence","author_link":"https:\/\/florence.voisin.cc\/index.php\/author\/florence\/"},"uagb_comment_info":0,"uagb_excerpt":"LA VILLE EN NOUS La Ville en Nous est un film documentaire issu d&#8217;une r\u00e9sidence dans un quartier en r\u00e9habilitation. Pendant 3 ans, les Trois P&#8217;tites Tours ont sillonn\u00e9 le quartier \u00e0 la rencontre de ses habitant\u2022es. Parmi elles, Lucie Rivoalen r\u00e9alise La Ville en Nous. A l&#8217;\u00e9preuve de ces gestes quotidiens, souvent r\u00e9p\u00e9titifs, la\u2026","_links":{"self":[{"href":"https:\/\/florence.voisin.cc\/index.php\/wp-json\/wp\/v2\/pages\/2373"}],"collection":[{"href":"https:\/\/florence.voisin.cc\/index.php\/wp-json\/wp\/v2\/pages"}],"about":[{"href":"https:\/\/florence.voisin.cc\/index.php\/wp-json\/wp\/v2\/types\/page"}],"author":[{"embeddable":true,"href":"https:\/\/florence.voisin.cc\/index.php\/wp-json\/wp\/v2\/users\/1"}],"replies":[{"embeddable":true,"href":"https:\/\/florence.voisin.cc\/index.php\/wp-json\/wp\/v2\/comments?post=2373"}],"version-history":[{"count":32,"href":"https:\/\/florence.voisin.cc\/index.php\/wp-json\/wp\/v2\/pages\/2373\/revisions"}],"predecessor-version":[{"id":3137,"href":"https:\/\/florence.voisin.cc\/index.php\/wp-json\/wp\/v2\/pages\/2373\/revisions\/3137"}],"up":[{"embeddable":true,"href":"https:\/\/florence.voisin.cc\/index.php\/wp-json\/wp\/v2\/pages\/1918"}],"wp:attachment":[{"href":"https:\/\/florence.voisin.cc\/index.php\/wp-json\/wp\/v2\/media?parent=2373"}],"curies":[{"name":"wp","href":"https:\/\/api.w.org\/{rel}","templated":true}]}}