{"id":2395,"date":"2023-09-25T22:28:45","date_gmt":"2023-09-25T20:28:45","guid":{"rendered":"http:\/\/florence.voisin.cc\/?page_id=2395"},"modified":"2023-09-25T22:50:13","modified_gmt":"2023-09-25T20:50:13","slug":"le-silence-est-roi","status":"publish","type":"page","link":"https:\/\/florence.voisin.cc\/index.php\/contributions\/le-silence-est-roi\/","title":{"rendered":"Le Silence est Roi"},"content":{"rendered":"\t\t<div data-elementor-type=\"wp-page\" data-elementor-id=\"2395\" class=\"elementor elementor-2395\">\n\t\t\t\t\t\t<div class=\"elementor-inner\">\n\t\t\t\t<div class=\"elementor-section-wrap\">\n\t\t\t\t\t\t\t\t\t<section class=\"elementor-section elementor-top-section elementor-element elementor-element-e4fa56d elementor-section-boxed elementor-section-height-default elementor-section-height-default\" data-id=\"e4fa56d\" data-element_type=\"section\">\n\t\t\t\t\t\t<div class=\"elementor-container elementor-column-gap-default\">\n\t\t\t\t\t\t\t<div class=\"elementor-row\">\n\t\t\t\t\t<div class=\"elementor-column elementor-col-33 elementor-top-column elementor-element elementor-element-4021996\" data-id=\"4021996\" data-element_type=\"column\">\n\t\t\t<div class=\"elementor-column-wrap\">\n\t\t\t\t\t\t\t<div class=\"elementor-widget-wrap\">\n\t\t\t\t\t\t\t\t<\/div>\n\t\t\t\t\t<\/div>\n\t\t<\/div>\n\t\t\t\t<div class=\"elementor-column elementor-col-33 elementor-top-column elementor-element elementor-element-5a10c25\" data-id=\"5a10c25\" data-element_type=\"column\">\n\t\t\t<div class=\"elementor-column-wrap\">\n\t\t\t\t\t\t\t<div class=\"elementor-widget-wrap\">\n\t\t\t\t\t\t\t\t<\/div>\n\t\t\t\t\t<\/div>\n\t\t<\/div>\n\t\t\t\t<div class=\"elementor-column elementor-col-33 elementor-top-column elementor-element elementor-element-e0b5ae5\" data-id=\"e0b5ae5\" data-element_type=\"column\">\n\t\t\t<div class=\"elementor-column-wrap\">\n\t\t\t\t\t\t\t<div class=\"elementor-widget-wrap\">\n\t\t\t\t\t\t\t\t<\/div>\n\t\t\t\t\t<\/div>\n\t\t<\/div>\n\t\t\t\t\t\t\t\t<\/div>\n\t\t\t\t\t<\/div>\n\t\t<\/section>\n\t\t\t\t<section class=\"elementor-section elementor-top-section elementor-element elementor-element-befe9a4 elementor-section-boxed elementor-section-height-default elementor-section-height-default\" data-id=\"befe9a4\" data-element_type=\"section\">\n\t\t\t\t\t\t<div class=\"elementor-container elementor-column-gap-default\">\n\t\t\t\t\t\t\t<div class=\"elementor-row\">\n\t\t\t\t\t<div class=\"elementor-column elementor-col-33 elementor-top-column elementor-element elementor-element-8b2a848\" data-id=\"8b2a848\" data-element_type=\"column\">\n\t\t\t<div class=\"elementor-column-wrap elementor-element-populated\">\n\t\t\t\t\t\t\t<div class=\"elementor-widget-wrap\">\n\t\t\t\t\t\t<div class=\"elementor-element elementor-element-f56fe58 elementor-widget elementor-widget-image\" data-id=\"f56fe58\" data-element_type=\"widget\" data-widget_type=\"image.default\">\n\t\t\t\t<div class=\"elementor-widget-container\">\n\t\t\t\t\t\t\t\t<div class=\"elementor-image\">\n\t\t\t\t\t\t\t\t\t\t\t\t<img loading=\"lazy\" decoding=\"async\" width=\"560\" height=\"600\" src=\"https:\/\/florence.voisin.cc\/wp-content\/uploads\/2023\/09\/le-silence-est-roi-560x600-1.jpg\" class=\"attachment-large size-large wp-image-2398\" alt=\"enfants de 6 \u00e0 8 ans tourn\u00e9s contre un mur, les mains sur le mur, une couronne color\u00e9e de taches oranges sur leurs t\u00eates\" srcset=\"https:\/\/florence.voisin.cc\/wp-content\/uploads\/2023\/09\/le-silence-est-roi-560x600-1.jpg 560w, https:\/\/florence.voisin.cc\/wp-content\/uploads\/2023\/09\/le-silence-est-roi-560x600-1-280x300.jpg 280w\" sizes=\"(max-width: 560px) 100vw, 560px\" \/>\t\t\t\t\t\t\t\t\t\t\t\t\t\t<\/div>\n\t\t\t\t\t\t<\/div>\n\t\t\t\t<\/div>\n\t\t\t\t\t\t<\/div>\n\t\t\t\t\t<\/div>\n\t\t<\/div>\n\t\t\t\t<div class=\"elementor-column elementor-col-66 elementor-top-column elementor-element elementor-element-e7c688f\" data-id=\"e7c688f\" data-element_type=\"column\">\n\t\t\t<div class=\"elementor-column-wrap elementor-element-populated\">\n\t\t\t\t\t\t\t<div class=\"elementor-widget-wrap\">\n\t\t\t\t\t\t<div class=\"elementor-element elementor-element-60b3fa5 elementor-widget elementor-widget-heading\" data-id=\"60b3fa5\" data-element_type=\"widget\" data-widget_type=\"heading.default\">\n\t\t\t\t<div class=\"elementor-widget-container\">\n\t\t\t<h2 class=\"elementor-heading-title elementor-size-default\">Le Silence est Roi<\/h2>\t\t<\/div>\n\t\t\t\t<\/div>\n\t\t\t\t<div class=\"elementor-element elementor-element-87ef7c3 elementor-widget elementor-widget-text-editor\" data-id=\"87ef7c3\" data-element_type=\"widget\" data-widget_type=\"text-editor.default\">\n\t\t\t\t<div class=\"elementor-widget-container\">\n\t\t\t\t\t\t\t\t<div class=\"elementor-text-editor elementor-clearfix\">\n\t\t\t\t<p><span lang=\"fr\"><span><span><span>\u00c9<\/span><\/span><\/span><\/span>cole Cours Notre Dame, Douvres-La-D\u00e9livrande (14)<br>D\u00e9ambulation pour 150 enfants<\/p>\n<p>Un spectacle sur la libert\u00e9 d&#8217;expression \u00e9crit et jou\u00e9 par les \u00e9l\u00e8ves de la maternelle au CM2. Une d\u00e9ambulation dans les espaces ext\u00e9rieurs de l&#8217;\u00e9cole autour de sc\u00e9nettes m\u00ealant plusieurs contes mais formant une seule histoire.<\/p>\n<p>Prise de son aupr\u00e8s des classes de maternelle, montage.<\/p>\t\t\t\t\t<\/div>\n\t\t\t\t\t\t<\/div>\n\t\t\t\t<\/div>\n\t\t\t\t<div class=\"elementor-element elementor-element-6679dd4 elementor-widget elementor-widget-slide-compact-player\" data-id=\"6679dd4\" data-element_type=\"widget\" data-widget_type=\"slide-compact-player.default\">\n\t\t\t\t<div class=\"elementor-widget-container\">\n\t\t\t\r\n\t\t<div class=\"swp_music_player compact-player\" id=\"mpfe_69d64d4fa2a02\" data-autoplay=\"no\" data-playmode=\"repeat\" data-stopplaylistend=\"no\" data-repeatmode=\"unset\">\r\n\t\t\t<div class=\"swp-compact-player\">\r\n\t\t\t\t<div class=\"swp-compact-cover\">\r\n\t\t\t\t\t<div class=\"swp-compact-cover-container\"><\/div>\r\n\t\t\t\t\t<div class=\"compact-cover-overlay album_left_overlay lc_swp_overlay\"><\/div>\r\n\t\t\t\t<\/div>\r\n\r\n\t\t\t\t<div class=\"swp-compact-player-info\">\r\n\t\t\t\t\t<div class=\"compact-info-overlay album_right_overlay lc_swp_overlay\"><\/div>\r\n\t\t\t\t\t<div class=\"compact-info-content\">\r\n\t\t\t\t\t\t<div class=\"compact-info-top clearfix\">\r\n\t\t\t\t\t\t\t<div class=\"compact-song-details\">\r\n\t\t\t\t\t\t\t\t<div class=\"current_song_name compact-song-name\"><\/div>\r\n\t\t\t\t\t\t\t\t<div class=\"current_album_name compact-album-name\"><\/div>\r\n\t\t\t\t\t\t\t<\/div>\r\n\t\t\t\t\t\t\t<div class=\"compact-play-pause\">\r\n\t\t\t\t\t\t\t\t<span class=\"compact-play-container \">\r\n\t\t\t\t\t\t\t\t\t<i class=\"fas fa-play player_play compact_play compact-playpause\"><\/i>\r\n\t\t\t\t\t\t\t\t<\/span>\r\n\t\t\t\t\t\t\t\t<span class=\"compact-pause-container\">\r\n\t\t\t\t\t\t\t\t\t<i class=\"fas fa-pause compact_pause compact-playpause display_none\"><\/i>\r\n\t\t\t\t\t\t\t\t<\/span>\r\n\t\t\t\t\t\t\t<\/div>\r\n\t\t\t\t\t\t<\/div>\r\n\r\n\t\t\t\t\t\t<div class=\"smc_player_progress_bar compact-progress-bar\">\r\n\t\t\t\t\t\t\t<div class=\"player_time_slider_base compact-player-slider-base\"><\/div>\r\n\t\t\t\t\t\t\t<div class=\"player_time_slider compact-player-slider\"><\/div>\r\n\t\t\t\t\t\t<\/div>\r\n\r\n\t\t\t\t\t\t<div class=\"compact-info-bottom clearfix\">\r\n\t\t\t\t\t\t\t<div class=\"compact-timeline\">\r\n\t\t\t\t\t\t\t\t<span class=\"song_current_progress compact_current_progress\">0:00<\/span>\r\n\t\t\t\t\t\t\t\t<span class=\"player_duration_sep compact_duration_sep\">&#47;<\/span>\r\n\t\t\t\t\t\t\t\t<span class=\"song_duration compact_song_duration\">0:00<\/span>\r\n\t\t\t\t\t\t\t<\/div>\r\n\r\n\t\t\t\t\t\t\t\r\n\t\t\t\t\t\t\t<div class=\"compact-controls\">\r\n\t\t\t\t\t\t\t\t\t\t\t\t\t\t\t\t\t\t\t\t\t\t\t\t<i class=\"fas fa-step-backward mpfe-compact-bottom-player-icon\"><\/i>\r\n\t\t\t\t\t\t\t\t<i class=\"fas fa-step-forward mpfe-compact-bottom-player-icon\"><\/i>\r\n\t\t\t\t\t\t\t\t\t\t\t\t\t\t\t\t\t\t\t\t\t\t\t\t\t\t\t\t\t\t\t\t\t\t\t\t\t\t\t\t<i class=\"fas fa-list-ul mpfe-compact-list\"><\/i>\r\n\t\t\t\t\t\t\t\t\t\t\t\t\t\t\t<\/div>\r\n\t\t\t\t\t\t<\/div>\r\n\t\t\t\t\t<\/div>\r\n\t\t\t\t<\/div>\r\n\t\t\t<\/div>\r\n\r\n\t\t\t\r\n\t\t\t<div class=\"swp-compact-playlist swp-playlist-popup\">\r\n\t\t\t\t\t\t\t\t<div class=\"compact-close-playlist-container\">\r\n\t\t\t\t<\/div>\r\n\t\t\t\t\t\t\t\t<div class=\"swp-compact-playlist-inner-container swp-playlist-popup-inner\">\r\n\t\t\t\t\t<div class=\"swp-compact-playlist-inner\">\r\n\t\t\t\t\t\t\t<div class=\"swp_music_player_entry compact-player-entry clearfix\" data-mediafile=\"https:\/\/ia802203.us.archive.org\/23\/items\/valises-2\/Valises2.mp3\">\r\n\t\t\t<span class=\"swp_song_details player_entry_left\">\r\n\t\t\t\t<span class=\"play_icon\">\r\n\t\t\t\t\t<i class=\"fas fa-play before_song compact_bs\"><\/i>\r\n\t\t\t\t<\/span>\r\n\t\t\t\t<span class=\"player_song_name transition3\" data-albumname=\"Mots Valises\">\r\n\t\t\t\t\tCadomino\t\t\t\t<\/span>\r\n\t\t\t<\/span>\r\n\r\n\t\t\t<span class=\"entry_duration mpfe_fix_lh\"><\/span>\t\t\r\n\r\n\t\t\t<span class=\"song_buy_icons compact_buy_icons transition3 mobile_visibility_hide\">\r\n\t\t\t\t\t\t\t\t\t\t\t\t\t\t\t\t\t\t\t<\/span>\r\n\r\n\t\t\t\t\t<\/div>\r\n\r\n\t\t\t\t\t\t\t<\/div>\r\n\t\t\t\t<\/div>\r\n\t\t\t<\/div>\r\n\t\t<\/div>\r\n\r\n\t\t\t\t<\/div>\n\t\t\t\t<\/div>\n\t\t\t\t<div class=\"elementor-element elementor-element-796edc7 elementor-widget elementor-widget-text-editor\" data-id=\"796edc7\" data-element_type=\"widget\" data-widget_type=\"text-editor.default\">\n\t\t\t\t<div class=\"elementor-widget-container\">\n\t\t\t\t\t\t\t\t<div class=\"elementor-text-editor elementor-clearfix\">\n\t\t\t\t<p><span lang=\"fr\">\u00c0<\/span> partir d&#8217;assemblages de mots (Chameau + moto = Chamoto) les enfants ont dessin\u00e9 et imagin\u00e9 des histoires de personnages \u00e9tranges.<\/p>\t\t\t\t\t<\/div>\n\t\t\t\t\t\t<\/div>\n\t\t\t\t<\/div>\n\t\t\t\t\t\t<\/div>\n\t\t\t\t\t<\/div>\n\t\t<\/div>\n\t\t\t\t\t\t\t\t<\/div>\n\t\t\t\t\t<\/div>\n\t\t<\/section>\n\t\t\t\t\t\t\t\t\t<\/div>\n\t\t\t<\/div>\n\t\t\t\t\t<\/div>\n\t\t","protected":false},"excerpt":{"rendered":"<p>Le Silence est Roi \u00c9cole Cours Notre Dame, Douvres-La-D\u00e9livrande (14)D\u00e9ambulation pour 150 enfants Un spectacle sur la libert\u00e9 d&#8217;expression \u00e9crit et jou\u00e9 par les \u00e9l\u00e8ves de la maternelle au CM2. Une d\u00e9ambulation dans les espaces ext\u00e9rieurs de l&#8217;\u00e9cole autour de sc\u00e9nettes m\u00ealant plusieurs contes mais formant une seule histoire. Prise de son aupr\u00e8s des classes [&hellip;]<\/p>\n","protected":false},"author":1,"featured_media":0,"parent":1918,"menu_order":0,"comment_status":"closed","ping_status":"closed","template":"","meta":{"advgb_blocks_editor_width":"","advgb_blocks_columns_visual_guide":"","_coblocks_attr":"","_coblocks_dimensions":"","_coblocks_responsive_height":"","_coblocks_accordion_ie_support":"","_monsterinsights_skip_tracking":false,"_monsterinsights_sitenote_active":false,"_monsterinsights_sitenote_note":"","_monsterinsights_sitenote_category":0,"episode_type":"","audio_file":"","cover_image":"","cover_image_id":"","duration":"","filesize":"","date_recorded":"","explicit":"","block":"","filesize_raw":"","footnotes":""},"class_list":["post-2395","page","type-page","status-publish","hentry","entry"],"yoast_head":"<!-- This site is optimized with the Yoast SEO plugin v18.9 - https:\/\/yoast.com\/wordpress\/plugins\/seo\/ -->\n<title>Le Silence est Roi - Y<\/title>\n<meta name=\"robots\" content=\"index, follow, max-snippet:-1, max-image-preview:large, max-video-preview:-1\" \/>\n<link rel=\"canonical\" href=\"https:\/\/florence.voisin.cc\/index.php\/contributions\/le-silence-est-roi\/\" \/>\n<meta property=\"og:locale\" content=\"fr_FR\" \/>\n<meta property=\"og:type\" content=\"article\" \/>\n<meta property=\"og:title\" content=\"Le Silence est Roi - Y\" \/>\n<meta property=\"og:description\" content=\"Le Silence est Roi \u00c9cole Cours Notre Dame, Douvres-La-D\u00e9livrande (14)D\u00e9ambulation pour 150 enfants Un spectacle sur la libert\u00e9 d&#8217;expression \u00e9crit et jou\u00e9 par les \u00e9l\u00e8ves de la maternelle au CM2. Une d\u00e9ambulation dans les espaces ext\u00e9rieurs de l&#8217;\u00e9cole autour de sc\u00e9nettes m\u00ealant plusieurs contes mais formant une seule histoire. Prise de son aupr\u00e8s des classes [&hellip;]\" \/>\n<meta property=\"og:url\" content=\"https:\/\/florence.voisin.cc\/index.php\/contributions\/le-silence-est-roi\/\" \/>\n<meta property=\"og:site_name\" content=\"Y\" \/>\n<meta property=\"article:modified_time\" content=\"2023-09-25T20:50:13+00:00\" \/>\n<meta property=\"og:image\" content=\"http:\/\/florence.voisin.cc\/wp-content\/uploads\/2023\/09\/le-silence-est-roi-560x600-1.jpg\" \/>\n<meta name=\"twitter:card\" content=\"summary_large_image\" \/>\n<meta name=\"twitter:label1\" content=\"Dur\u00e9e de lecture estim\u00e9e\" \/>\n\t<meta name=\"twitter:data1\" content=\"1 minute\" \/>\n<script type=\"application\/ld+json\" class=\"yoast-schema-graph\">{\"@context\":\"https:\/\/schema.org\",\"@graph\":[{\"@type\":[\"Person\",\"Organization\"],\"@id\":\"https:\/\/florence.voisin.cc\/#\/schema\/person\/20f8006dfa5919b1c79c978dd1a0f3d7\",\"name\":\"florence\",\"logo\":{\"@id\":\"https:\/\/florence.voisin.cc\/#\/schema\/person\/image\/\"}},{\"@type\":\"WebSite\",\"@id\":\"https:\/\/florence.voisin.cc\/#website\",\"url\":\"https:\/\/florence.voisin.cc\/\",\"name\":\"Florence Voisin\",\"description\":\"\",\"publisher\":{\"@id\":\"https:\/\/florence.voisin.cc\/#\/schema\/person\/20f8006dfa5919b1c79c978dd1a0f3d7\"},\"potentialAction\":[{\"@type\":\"SearchAction\",\"target\":{\"@type\":\"EntryPoint\",\"urlTemplate\":\"https:\/\/florence.voisin.cc\/?s={search_term_string}\"},\"query-input\":\"required name=search_term_string\"}],\"inLanguage\":\"fr-FR\"},{\"@type\":\"ImageObject\",\"inLanguage\":\"fr-FR\",\"@id\":\"https:\/\/florence.voisin.cc\/index.php\/contributions\/le-silence-est-roi\/#primaryimage\",\"url\":\"https:\/\/florence.voisin.cc\/wp-content\/uploads\/2023\/09\/le-silence-est-roi-560x600-1.jpg\",\"contentUrl\":\"https:\/\/florence.voisin.cc\/wp-content\/uploads\/2023\/09\/le-silence-est-roi-560x600-1.jpg\",\"width\":560,\"height\":600,\"caption\":\"enfants de 6 \u00e0 8 ans tourn\u00e9s contre un mur, les mains sur le mur, une couronne color\u00e9e de taches oranges sur leurs t\u00eates\"},{\"@type\":\"WebPage\",\"@id\":\"https:\/\/florence.voisin.cc\/index.php\/contributions\/le-silence-est-roi\/#webpage\",\"url\":\"https:\/\/florence.voisin.cc\/index.php\/contributions\/le-silence-est-roi\/\",\"name\":\"Le Silence est Roi - Y\",\"isPartOf\":{\"@id\":\"https:\/\/florence.voisin.cc\/#website\"},\"primaryImageOfPage\":{\"@id\":\"https:\/\/florence.voisin.cc\/index.php\/contributions\/le-silence-est-roi\/#primaryimage\"},\"datePublished\":\"2023-09-25T20:28:45+00:00\",\"dateModified\":\"2023-09-25T20:50:13+00:00\",\"breadcrumb\":{\"@id\":\"https:\/\/florence.voisin.cc\/index.php\/contributions\/le-silence-est-roi\/#breadcrumb\"},\"inLanguage\":\"fr-FR\",\"potentialAction\":[{\"@type\":\"ReadAction\",\"target\":[\"https:\/\/florence.voisin.cc\/index.php\/contributions\/le-silence-est-roi\/\"]}]},{\"@type\":\"BreadcrumbList\",\"@id\":\"https:\/\/florence.voisin.cc\/index.php\/contributions\/le-silence-est-roi\/#breadcrumb\",\"itemListElement\":[{\"@type\":\"ListItem\",\"position\":1,\"name\":\"Accueil\",\"item\":\"https:\/\/florence.voisin.cc\/\"},{\"@type\":\"ListItem\",\"position\":2,\"name\":\"[contributions]\",\"item\":\"https:\/\/florence.voisin.cc\/index.php\/contributions\/\"},{\"@type\":\"ListItem\",\"position\":3,\"name\":\"Le Silence est Roi\"}]}]}<\/script>\n<!-- \/ Yoast SEO plugin. -->","yoast_head_json":{"title":"Le Silence est Roi - Y","robots":{"index":"index","follow":"follow","max-snippet":"max-snippet:-1","max-image-preview":"max-image-preview:large","max-video-preview":"max-video-preview:-1"},"canonical":"https:\/\/florence.voisin.cc\/index.php\/contributions\/le-silence-est-roi\/","og_locale":"fr_FR","og_type":"article","og_title":"Le Silence est Roi - Y","og_description":"Le Silence est Roi \u00c9cole Cours Notre Dame, Douvres-La-D\u00e9livrande (14)D\u00e9ambulation pour 150 enfants Un spectacle sur la libert\u00e9 d&#8217;expression \u00e9crit et jou\u00e9 par les \u00e9l\u00e8ves de la maternelle au CM2. Une d\u00e9ambulation dans les espaces ext\u00e9rieurs de l&#8217;\u00e9cole autour de sc\u00e9nettes m\u00ealant plusieurs contes mais formant une seule histoire. Prise de son aupr\u00e8s des classes [&hellip;]","og_url":"https:\/\/florence.voisin.cc\/index.php\/contributions\/le-silence-est-roi\/","og_site_name":"Y","article_modified_time":"2023-09-25T20:50:13+00:00","og_image":[{"url":"http:\/\/florence.voisin.cc\/wp-content\/uploads\/2023\/09\/le-silence-est-roi-560x600-1.jpg"}],"twitter_card":"summary_large_image","twitter_misc":{"Dur\u00e9e de lecture estim\u00e9e":"1 minute"},"schema":{"@context":"https:\/\/schema.org","@graph":[{"@type":["Person","Organization"],"@id":"https:\/\/florence.voisin.cc\/#\/schema\/person\/20f8006dfa5919b1c79c978dd1a0f3d7","name":"florence","logo":{"@id":"https:\/\/florence.voisin.cc\/#\/schema\/person\/image\/"}},{"@type":"WebSite","@id":"https:\/\/florence.voisin.cc\/#website","url":"https:\/\/florence.voisin.cc\/","name":"Florence Voisin","description":"","publisher":{"@id":"https:\/\/florence.voisin.cc\/#\/schema\/person\/20f8006dfa5919b1c79c978dd1a0f3d7"},"potentialAction":[{"@type":"SearchAction","target":{"@type":"EntryPoint","urlTemplate":"https:\/\/florence.voisin.cc\/?s={search_term_string}"},"query-input":"required name=search_term_string"}],"inLanguage":"fr-FR"},{"@type":"ImageObject","inLanguage":"fr-FR","@id":"https:\/\/florence.voisin.cc\/index.php\/contributions\/le-silence-est-roi\/#primaryimage","url":"https:\/\/florence.voisin.cc\/wp-content\/uploads\/2023\/09\/le-silence-est-roi-560x600-1.jpg","contentUrl":"https:\/\/florence.voisin.cc\/wp-content\/uploads\/2023\/09\/le-silence-est-roi-560x600-1.jpg","width":560,"height":600,"caption":"enfants de 6 \u00e0 8 ans tourn\u00e9s contre un mur, les mains sur le mur, une couronne color\u00e9e de taches oranges sur leurs t\u00eates"},{"@type":"WebPage","@id":"https:\/\/florence.voisin.cc\/index.php\/contributions\/le-silence-est-roi\/#webpage","url":"https:\/\/florence.voisin.cc\/index.php\/contributions\/le-silence-est-roi\/","name":"Le Silence est Roi - Y","isPartOf":{"@id":"https:\/\/florence.voisin.cc\/#website"},"primaryImageOfPage":{"@id":"https:\/\/florence.voisin.cc\/index.php\/contributions\/le-silence-est-roi\/#primaryimage"},"datePublished":"2023-09-25T20:28:45+00:00","dateModified":"2023-09-25T20:50:13+00:00","breadcrumb":{"@id":"https:\/\/florence.voisin.cc\/index.php\/contributions\/le-silence-est-roi\/#breadcrumb"},"inLanguage":"fr-FR","potentialAction":[{"@type":"ReadAction","target":["https:\/\/florence.voisin.cc\/index.php\/contributions\/le-silence-est-roi\/"]}]},{"@type":"BreadcrumbList","@id":"https:\/\/florence.voisin.cc\/index.php\/contributions\/le-silence-est-roi\/#breadcrumb","itemListElement":[{"@type":"ListItem","position":1,"name":"Accueil","item":"https:\/\/florence.voisin.cc\/"},{"@type":"ListItem","position":2,"name":"[contributions]","item":"https:\/\/florence.voisin.cc\/index.php\/contributions\/"},{"@type":"ListItem","position":3,"name":"Le Silence est Roi"}]}]}},"coauthors":[],"author_meta":{"author_link":"https:\/\/florence.voisin.cc\/index.php\/author\/florence\/","display_name":"florence"},"relative_dates":{"created":"Publi\u00e9 3 ans il y a","modified":"Mis \u00e0 jour 3 ans il y a"},"absolute_dates":{"created":"Publi\u00e9 le 25 septembre 2023","modified":"Mise \u00e0 jour le 25 septembre 2023"},"absolute_dates_time":{"created":"Publi\u00e9 le 25 septembre 2023 22 h 28 min","modified":"Mise \u00e0 jour le 25 septembre 2023 22 h 50 min"},"featured_img_caption":"","featured_img":false,"uagb_featured_image_src":{"full":false,"thumbnail":false,"medium":false,"medium_large":false,"large":false,"1536x1536":false,"2048x2048":false},"uagb_author_info":{"display_name":"florence","author_link":"https:\/\/florence.voisin.cc\/index.php\/author\/florence\/"},"uagb_comment_info":0,"uagb_excerpt":"Le Silence est Roi \u00c9cole Cours Notre Dame, Douvres-La-D\u00e9livrande (14)D\u00e9ambulation pour 150 enfants Un spectacle sur la libert\u00e9 d&#8217;expression \u00e9crit et jou\u00e9 par les \u00e9l\u00e8ves de la maternelle au CM2. Une d\u00e9ambulation dans les espaces ext\u00e9rieurs de l&#8217;\u00e9cole autour de sc\u00e9nettes m\u00ealant plusieurs contes mais formant une seule histoire. Prise de son aupr\u00e8s des classes\u2026","_links":{"self":[{"href":"https:\/\/florence.voisin.cc\/index.php\/wp-json\/wp\/v2\/pages\/2395"}],"collection":[{"href":"https:\/\/florence.voisin.cc\/index.php\/wp-json\/wp\/v2\/pages"}],"about":[{"href":"https:\/\/florence.voisin.cc\/index.php\/wp-json\/wp\/v2\/types\/page"}],"author":[{"embeddable":true,"href":"https:\/\/florence.voisin.cc\/index.php\/wp-json\/wp\/v2\/users\/1"}],"replies":[{"embeddable":true,"href":"https:\/\/florence.voisin.cc\/index.php\/wp-json\/wp\/v2\/comments?post=2395"}],"version-history":[{"count":14,"href":"https:\/\/florence.voisin.cc\/index.php\/wp-json\/wp\/v2\/pages\/2395\/revisions"}],"predecessor-version":[{"id":2410,"href":"https:\/\/florence.voisin.cc\/index.php\/wp-json\/wp\/v2\/pages\/2395\/revisions\/2410"}],"up":[{"embeddable":true,"href":"https:\/\/florence.voisin.cc\/index.php\/wp-json\/wp\/v2\/pages\/1918"}],"wp:attachment":[{"href":"https:\/\/florence.voisin.cc\/index.php\/wp-json\/wp\/v2\/media?parent=2395"}],"curies":[{"name":"wp","href":"https:\/\/api.w.org\/{rel}","templated":true}]}}