{"id":2950,"date":"2024-09-02T12:49:35","date_gmt":"2024-09-02T10:49:35","guid":{"rendered":"https:\/\/florence.voisin.cc\/?page_id=2950"},"modified":"2024-09-02T15:21:30","modified_gmt":"2024-09-02T13:21:30","slug":"foret-n-f","status":"publish","type":"page","link":"https:\/\/florence.voisin.cc\/index.php\/foret-n-f\/","title":{"rendered":"For\u00eat n.f."},"content":{"rendered":"\t\t<div data-elementor-type=\"wp-page\" data-elementor-id=\"2950\" class=\"elementor elementor-2950\">\n\t\t\t\t\t\t<div class=\"elementor-inner\">\n\t\t\t\t<div class=\"elementor-section-wrap\">\n\t\t\t\t\t\t\t\t\t<section class=\"elementor-section elementor-top-section elementor-element elementor-element-60be442 elementor-section-boxed elementor-section-height-default elementor-section-height-default\" data-id=\"60be442\" data-element_type=\"section\">\n\t\t\t\t\t\t<div class=\"elementor-container elementor-column-gap-default\">\n\t\t\t\t\t\t\t<div class=\"elementor-row\">\n\t\t\t\t\t<div class=\"elementor-column elementor-col-50 elementor-top-column elementor-element elementor-element-c416548\" data-id=\"c416548\" data-element_type=\"column\">\n\t\t\t<div class=\"elementor-column-wrap elementor-element-populated\">\n\t\t\t\t\t\t\t<div class=\"elementor-widget-wrap\">\n\t\t\t\t\t\t<div class=\"elementor-element elementor-element-a1f229f elementor-widget elementor-widget-text-editor\" data-id=\"a1f229f\" data-element_type=\"widget\" data-widget_type=\"text-editor.default\">\n\t\t\t\t<div class=\"elementor-widget-container\">\n\t\t\t\t\t\t\t\t<div class=\"elementor-text-editor elementor-clearfix\">\n\t\t\t\t<p>Une \u00e9mission r\u00e9alis\u00e9e dans les d\u00e9dales du site <a href=\"https:\/\/foretnomfeminin.hotglue.me\/\" target=\"_blank\" rel=\"noopener\">for\u00eatnomf\u00e9minin.hotglue.me<\/a><\/p><p>\u00a0<\/p>\t\t\t\t\t<\/div>\n\t\t\t\t\t\t<\/div>\n\t\t\t\t<\/div>\n\t\t\t\t\t\t<\/div>\n\t\t\t\t\t<\/div>\n\t\t<\/div>\n\t\t\t\t<div class=\"elementor-column elementor-col-50 elementor-top-column elementor-element elementor-element-ccf8c4c\" data-id=\"ccf8c4c\" data-element_type=\"column\">\n\t\t\t<div class=\"elementor-column-wrap elementor-element-populated\">\n\t\t\t\t\t\t\t<div class=\"elementor-widget-wrap\">\n\t\t\t\t\t\t<div class=\"elementor-element elementor-element-1b65e34 elementor-widget elementor-widget-slide-compact-player\" data-id=\"1b65e34\" data-element_type=\"widget\" data-widget_type=\"slide-compact-player.default\">\n\t\t\t\t<div class=\"elementor-widget-container\">\n\t\t\t\r\n\t\t<div class=\"swp_music_player compact-player\" id=\"mpfe_69e5ce19d26da\" data-autoplay=\"no\" data-playmode=\"repeat\" data-stopplaylistend=\"no\" data-repeatmode=\"unset\">\r\n\t\t\t<div class=\"swp-compact-player\">\r\n\t\t\t\t<div class=\"swp-compact-cover\">\r\n\t\t\t\t\t<div class=\"swp-compact-cover-container\"><\/div>\r\n\t\t\t\t\t<div class=\"compact-cover-overlay album_left_overlay lc_swp_overlay\"><\/div>\r\n\t\t\t\t<\/div>\r\n\r\n\t\t\t\t<div class=\"swp-compact-player-info\">\r\n\t\t\t\t\t<div class=\"compact-info-overlay album_right_overlay lc_swp_overlay\"><\/div>\r\n\t\t\t\t\t<div class=\"compact-info-content\">\r\n\t\t\t\t\t\t<div class=\"compact-info-top clearfix\">\r\n\t\t\t\t\t\t\t<div class=\"compact-song-details\">\r\n\t\t\t\t\t\t\t\t<div class=\"current_song_name compact-song-name\"><\/div>\r\n\t\t\t\t\t\t\t\t<div class=\"current_album_name compact-album-name\"><\/div>\r\n\t\t\t\t\t\t\t<\/div>\r\n\t\t\t\t\t\t\t<div class=\"compact-play-pause\">\r\n\t\t\t\t\t\t\t\t<span class=\"compact-play-container \">\r\n\t\t\t\t\t\t\t\t\t<i class=\"fas fa-play player_play compact_play compact-playpause\"><\/i>\r\n\t\t\t\t\t\t\t\t<\/span>\r\n\t\t\t\t\t\t\t\t<span class=\"compact-pause-container\">\r\n\t\t\t\t\t\t\t\t\t<i class=\"fas fa-pause compact_pause compact-playpause display_none\"><\/i>\r\n\t\t\t\t\t\t\t\t<\/span>\r\n\t\t\t\t\t\t\t<\/div>\r\n\t\t\t\t\t\t<\/div>\r\n\r\n\t\t\t\t\t\t<div class=\"smc_player_progress_bar compact-progress-bar\">\r\n\t\t\t\t\t\t\t<div class=\"player_time_slider_base compact-player-slider-base\"><\/div>\r\n\t\t\t\t\t\t\t<div class=\"player_time_slider compact-player-slider\"><\/div>\r\n\t\t\t\t\t\t<\/div>\r\n\r\n\t\t\t\t\t\t<div class=\"compact-info-bottom clearfix\">\r\n\t\t\t\t\t\t\t<div class=\"compact-timeline\">\r\n\t\t\t\t\t\t\t\t<span class=\"song_current_progress compact_current_progress\">0:00<\/span>\r\n\t\t\t\t\t\t\t\t<span class=\"player_duration_sep compact_duration_sep\">&#47;<\/span>\r\n\t\t\t\t\t\t\t\t<span class=\"song_duration compact_song_duration\">0:00<\/span>\r\n\t\t\t\t\t\t\t<\/div>\r\n\r\n\t\t\t\t\t\t\t\r\n\t\t\t\t\t\t\t<div class=\"compact-controls\">\r\n\t\t\t\t\t\t\t\t\t\t\t\t\t\t\t\t\t\t\t\t\t\t\t\t<i class=\"fas fa-step-backward mpfe-compact-bottom-player-icon\"><\/i>\r\n\t\t\t\t\t\t\t\t<i class=\"fas fa-step-forward mpfe-compact-bottom-player-icon\"><\/i>\r\n\t\t\t\t\t\t\t\t\t\t\t\t\t\t\t\t\t\t\t\t\t\t\t\t\t\t\t\t\t\t\t\t\t\t\t\t\t\t\t\t<i class=\"fas fa-list-ul mpfe-compact-list\"><\/i>\r\n\t\t\t\t\t\t\t\t\t\t\t\t\t\t\t<\/div>\r\n\t\t\t\t\t\t<\/div>\r\n\t\t\t\t\t<\/div>\r\n\t\t\t\t<\/div>\r\n\t\t\t<\/div>\r\n\r\n\t\t\t\r\n\t\t\t<div class=\"swp-compact-playlist swp-playlist-popup\">\r\n\t\t\t\t\t\t\t\t<div class=\"compact-close-playlist-container\">\r\n\t\t\t\t<\/div>\r\n\t\t\t\t\t\t\t\t<div class=\"swp-compact-playlist-inner-container swp-playlist-popup-inner\">\r\n\t\t\t\t\t<div class=\"swp-compact-playlist-inner\">\r\n\t\t\t\t\t\t\t<div class=\"swp_music_player_entry compact-player-entry clearfix\" data-mediafile=\"https:\/\/ia601707.us.archive.org\/29\/items\/foret.n.f.\/for%C3%AAt.n.f..mp3\">\r\n\t\t\t<span class=\"swp_song_details player_entry_left\">\r\n\t\t\t\t<span class=\"play_icon\">\r\n\t\t\t\t\t<i class=\"fas fa-play before_song compact_bs\"><\/i>\r\n\t\t\t\t<\/span>\r\n\t\t\t\t<span class=\"player_song_name transition3\" data-albumname=\"\">\r\n\t\t\t\t\tfor\u00eat n.f.\t\t\t\t<\/span>\r\n\t\t\t<\/span>\r\n\r\n\t\t\t<span class=\"entry_duration mpfe_fix_lh\"><\/span>\t\t\r\n\r\n\t\t\t<span class=\"song_buy_icons compact_buy_icons transition3 mobile_visibility_hide\">\r\n\t\t\t\t\t\t\t\t\t\t\t\t\t\t\t\t\t\t\t<\/span>\r\n\r\n\t\t\t\t\t<\/div>\r\n\r\n\t\t\t\t\t\t\t<\/div>\r\n\t\t\t\t<\/div>\r\n\t\t\t<\/div>\r\n\t\t<\/div>\r\n\r\n\t\t\t\t<\/div>\n\t\t\t\t<\/div>\n\t\t\t\t\t\t<\/div>\n\t\t\t\t\t<\/div>\n\t\t<\/div>\n\t\t\t\t\t\t\t\t<\/div>\n\t\t\t\t\t<\/div>\n\t\t<\/section>\n\t\t\t\t<section class=\"elementor-section elementor-top-section elementor-element elementor-element-b048fd4 elementor-section-boxed elementor-section-height-default elementor-section-height-default\" data-id=\"b048fd4\" data-element_type=\"section\">\n\t\t\t\t\t\t<div class=\"elementor-container elementor-column-gap-default\">\n\t\t\t\t\t\t\t<div class=\"elementor-row\">\n\t\t\t\t\t<div class=\"elementor-column elementor-col-50 elementor-top-column elementor-element elementor-element-1b02d61\" data-id=\"1b02d61\" data-element_type=\"column\">\n\t\t\t<div class=\"elementor-column-wrap elementor-element-populated\">\n\t\t\t\t\t\t\t<div class=\"elementor-widget-wrap\">\n\t\t\t\t\t\t<div class=\"elementor-element elementor-element-0332c4c elementor-widget elementor-widget-image\" data-id=\"0332c4c\" data-element_type=\"widget\" data-widget_type=\"image.default\">\n\t\t\t\t<div class=\"elementor-widget-container\">\n\t\t\t\t\t\t\t\t<div class=\"elementor-image\">\n\t\t\t\t\t\t\t\t\t\t\t\t<img loading=\"lazy\" decoding=\"async\" width=\"1024\" height=\"701\" src=\"https:\/\/florence.voisin.cc\/wp-content\/uploads\/2024\/09\/freteval-signes_0-1024x701.jpg\" class=\"attachment-large size-large wp-image-2953\" alt=\"\" srcset=\"https:\/\/florence.voisin.cc\/wp-content\/uploads\/2024\/09\/freteval-signes_0-1024x701.jpg 1024w, https:\/\/florence.voisin.cc\/wp-content\/uploads\/2024\/09\/freteval-signes_0-300x205.jpg 300w, https:\/\/florence.voisin.cc\/wp-content\/uploads\/2024\/09\/freteval-signes_0-768x526.jpg 768w, https:\/\/florence.voisin.cc\/wp-content\/uploads\/2024\/09\/freteval-signes_0-1536x1051.jpg 1536w, https:\/\/florence.voisin.cc\/wp-content\/uploads\/2024\/09\/freteval-signes_0.jpg 1956w\" sizes=\"(max-width: 1024px) 100vw, 1024px\" \/>\t\t\t\t\t\t\t\t\t\t\t\t\t\t<\/div>\n\t\t\t\t\t\t<\/div>\n\t\t\t\t<\/div>\n\t\t\t\t<div class=\"elementor-element elementor-element-4959b2f elementor-widget elementor-widget-text-editor\" data-id=\"4959b2f\" data-element_type=\"widget\" data-widget_type=\"text-editor.default\">\n\t\t\t\t<div class=\"elementor-widget-container\">\n\t\t\t\t\t\t\t\t<div class=\"elementor-text-editor elementor-clearfix\">\n\t\t\t\t<div><a href=\"https:\/\/www.isti-mirant-stella.com\/boutique\/016-foret-nom-feminin\" target=\"_blank\" rel=\"noopener\">Intentions 3, for\u00eat nom f\u00e9minin<\/a> de J\u00e9r\u00f4me de Vienne \u00e9dit\u00e9 par Isti Mirant Stella<\/div>\n<div><a href=\"https:\/\/foretnomfeminin.hotglue.me\/\" target=\"_blank\" rel=\"noopener\">foretnomf\u00e9minin.hotglue.me<\/a> de <a href=\"https:\/\/dianaduta.com\/\" target=\"_blank\" rel=\"noopener\">Diana Duta<\/a> et <a href=\"https:\/\/jeromedevienne.wixsite.com\/----\" target=\"_blank\" rel=\"noopener\">J\u00e9r\u00f4me de Vienne<\/a><\/div>\n<div>for\u00eat nom f\u00e9minin de <a href=\"http:\/\/www.lucapiovesan.it\/\" target=\"_blank\" rel=\"noopener\">Luca Piovesan<\/a><\/div>\n<div>M\u00e9cane, penser avec les mains, de <a href=\"https:\/\/www.google.com\/search?client=firefox-b-d&amp;q=pali+meursault\" target=\"_blank\" rel=\"noopener\">Pali Meursault<\/a><\/div>\n<div>Des extraits traduits de La t\u00e2che du traducteur de Walter Benjamin<\/div>\n<div>un extrait de After Babel de Georges Steiner<\/div>\n<div>Sakura pour Otto Tomek, compos\u00e9 par Toshio Hosokawa, intrepr\u00e9t\u00e9 par Naomi Sato<\/div>\n<div>Bird of Parallax de Daphne Oram,&nbsp;<\/div>\n<div>Igevar de Ake Hodell<\/div>\n<div>Duplicator Print de Bob Cobbing,<\/div>\n<div>un extrait de Faune et Flore de Francis Ponge et de Pierre et le Loup de <span>Sergue\u00ef Prokofiev,<\/span><\/div>\n<div>une inspiration de 36 translations of Dante de Caroline Bergvall<\/div>\n<div>une interpr\u00e9tation de 19 Mani\u00e8res de regarder Wang Wei, de Eliot Weinberger et de<\/div>\n<div>intentions 3, for\u00eat nom f\u00e9minin, de J\u00e9rome de Vienne<\/div>\n<div>&nbsp;<\/div>\n<div>Avec les voix de Julien Van<span> Anholt, Diana Duta, Ewan Baker, J\u00e9r\u00f4me de Vienne, Madeleine, D\u00e9sir\u00e9, Odile, Florence Voisin<\/span><\/div><p><\/p>\t\t\t\t\t<\/div>\n\t\t\t\t\t\t<\/div>\n\t\t\t\t<\/div>\n\t\t\t\t\t\t<\/div>\n\t\t\t\t\t<\/div>\n\t\t<\/div>\n\t\t\t\t<div class=\"elementor-column elementor-col-50 elementor-top-column elementor-element elementor-element-b97fcad\" data-id=\"b97fcad\" data-element_type=\"column\">\n\t\t\t<div class=\"elementor-column-wrap\">\n\t\t\t\t\t\t\t<div class=\"elementor-widget-wrap\">\n\t\t\t\t\t\t\t\t<\/div>\n\t\t\t\t\t<\/div>\n\t\t<\/div>\n\t\t\t\t\t\t\t\t<\/div>\n\t\t\t\t\t<\/div>\n\t\t<\/section>\n\t\t\t\t\t\t\t\t\t<\/div>\n\t\t\t<\/div>\n\t\t\t\t\t<\/div>\n\t\t","protected":false},"excerpt":{"rendered":"<p>Une \u00e9mission r\u00e9alis\u00e9e dans les d\u00e9dales du site for\u00eatnomf\u00e9minin.hotglue.me \u00a0 0:00 &#47; 0:00 for\u00eat n.f. Intentions 3, for\u00eat nom f\u00e9minin de J\u00e9r\u00f4me de Vienne \u00e9dit\u00e9 par Isti Mirant Stella foretnomf\u00e9minin.hotglue.me de Diana Duta et J\u00e9r\u00f4me de Vienne for\u00eat nom f\u00e9minin de Luca Piovesan M\u00e9cane, penser avec les mains, de Pali Meursault Des extraits traduits de [&hellip;]<\/p>\n","protected":false},"author":1,"featured_media":0,"parent":0,"menu_order":0,"comment_status":"closed","ping_status":"closed","template":"","meta":{"advgb_blocks_editor_width":"","advgb_blocks_columns_visual_guide":"","_coblocks_attr":"","_coblocks_dimensions":"","_coblocks_responsive_height":"","_coblocks_accordion_ie_support":"","_monsterinsights_skip_tracking":false,"_monsterinsights_sitenote_active":false,"_monsterinsights_sitenote_note":"","_monsterinsights_sitenote_category":0,"episode_type":"","audio_file":"","cover_image":"","cover_image_id":"","duration":"","filesize":"","date_recorded":"","explicit":"","block":"","filesize_raw":"","footnotes":""},"class_list":["post-2950","page","type-page","status-publish","hentry","entry"],"yoast_head":"<!-- This site is optimized with the Yoast SEO plugin v18.9 - https:\/\/yoast.com\/wordpress\/plugins\/seo\/ -->\n<title>For\u00eat n.f. - Y<\/title>\n<meta name=\"robots\" content=\"index, follow, max-snippet:-1, max-image-preview:large, max-video-preview:-1\" \/>\n<link rel=\"canonical\" href=\"https:\/\/florence.voisin.cc\/index.php\/foret-n-f\/\" \/>\n<meta property=\"og:locale\" content=\"fr_FR\" \/>\n<meta property=\"og:type\" content=\"article\" \/>\n<meta property=\"og:title\" content=\"For\u00eat n.f. - Y\" \/>\n<meta property=\"og:description\" content=\"Une \u00e9mission r\u00e9alis\u00e9e dans les d\u00e9dales du site for\u00eatnomf\u00e9minin.hotglue.me \u00a0 0:00 &#047; 0:00 for\u00eat n.f. Intentions 3, for\u00eat nom f\u00e9minin de J\u00e9r\u00f4me de Vienne \u00e9dit\u00e9 par Isti Mirant Stella foretnomf\u00e9minin.hotglue.me de Diana Duta et J\u00e9r\u00f4me de Vienne for\u00eat nom f\u00e9minin de Luca Piovesan M\u00e9cane, penser avec les mains, de Pali Meursault Des extraits traduits de [&hellip;]\" \/>\n<meta property=\"og:url\" content=\"https:\/\/florence.voisin.cc\/index.php\/foret-n-f\/\" \/>\n<meta property=\"og:site_name\" content=\"Y\" \/>\n<meta property=\"article:modified_time\" content=\"2024-09-02T13:21:30+00:00\" \/>\n<meta property=\"og:image\" content=\"http:\/\/florence.voisin.cc\/wp-content\/uploads\/2024\/09\/freteval-signes_0-1024x701.jpg\" \/>\n<meta name=\"twitter:card\" content=\"summary_large_image\" \/>\n<meta name=\"twitter:label1\" content=\"Dur\u00e9e de lecture estim\u00e9e\" \/>\n\t<meta name=\"twitter:data1\" content=\"2 minutes\" \/>\n<script type=\"application\/ld+json\" class=\"yoast-schema-graph\">{\"@context\":\"https:\/\/schema.org\",\"@graph\":[{\"@type\":[\"Person\",\"Organization\"],\"@id\":\"https:\/\/florence.voisin.cc\/#\/schema\/person\/20f8006dfa5919b1c79c978dd1a0f3d7\",\"name\":\"florence\",\"logo\":{\"@id\":\"https:\/\/florence.voisin.cc\/#\/schema\/person\/image\/\"}},{\"@type\":\"WebSite\",\"@id\":\"https:\/\/florence.voisin.cc\/#website\",\"url\":\"https:\/\/florence.voisin.cc\/\",\"name\":\"Florence Voisin\",\"description\":\"\",\"publisher\":{\"@id\":\"https:\/\/florence.voisin.cc\/#\/schema\/person\/20f8006dfa5919b1c79c978dd1a0f3d7\"},\"potentialAction\":[{\"@type\":\"SearchAction\",\"target\":{\"@type\":\"EntryPoint\",\"urlTemplate\":\"https:\/\/florence.voisin.cc\/?s={search_term_string}\"},\"query-input\":\"required name=search_term_string\"}],\"inLanguage\":\"fr-FR\"},{\"@type\":\"ImageObject\",\"inLanguage\":\"fr-FR\",\"@id\":\"https:\/\/florence.voisin.cc\/index.php\/foret-n-f\/#primaryimage\",\"url\":\"https:\/\/florence.voisin.cc\/wp-content\/uploads\/2024\/09\/freteval-signes_0.jpg\",\"contentUrl\":\"https:\/\/florence.voisin.cc\/wp-content\/uploads\/2024\/09\/freteval-signes_0.jpg\",\"width\":1956,\"height\":1339},{\"@type\":\"WebPage\",\"@id\":\"https:\/\/florence.voisin.cc\/index.php\/foret-n-f\/#webpage\",\"url\":\"https:\/\/florence.voisin.cc\/index.php\/foret-n-f\/\",\"name\":\"For\u00eat n.f. - Y\",\"isPartOf\":{\"@id\":\"https:\/\/florence.voisin.cc\/#website\"},\"primaryImageOfPage\":{\"@id\":\"https:\/\/florence.voisin.cc\/index.php\/foret-n-f\/#primaryimage\"},\"datePublished\":\"2024-09-02T10:49:35+00:00\",\"dateModified\":\"2024-09-02T13:21:30+00:00\",\"breadcrumb\":{\"@id\":\"https:\/\/florence.voisin.cc\/index.php\/foret-n-f\/#breadcrumb\"},\"inLanguage\":\"fr-FR\",\"potentialAction\":[{\"@type\":\"ReadAction\",\"target\":[\"https:\/\/florence.voisin.cc\/index.php\/foret-n-f\/\"]}]},{\"@type\":\"BreadcrumbList\",\"@id\":\"https:\/\/florence.voisin.cc\/index.php\/foret-n-f\/#breadcrumb\",\"itemListElement\":[{\"@type\":\"ListItem\",\"position\":1,\"name\":\"Accueil\",\"item\":\"https:\/\/florence.voisin.cc\/\"},{\"@type\":\"ListItem\",\"position\":2,\"name\":\"For\u00eat n.f.\"}]}]}<\/script>\n<!-- \/ Yoast SEO plugin. -->","yoast_head_json":{"title":"For\u00eat n.f. - Y","robots":{"index":"index","follow":"follow","max-snippet":"max-snippet:-1","max-image-preview":"max-image-preview:large","max-video-preview":"max-video-preview:-1"},"canonical":"https:\/\/florence.voisin.cc\/index.php\/foret-n-f\/","og_locale":"fr_FR","og_type":"article","og_title":"For\u00eat n.f. - Y","og_description":"Une \u00e9mission r\u00e9alis\u00e9e dans les d\u00e9dales du site for\u00eatnomf\u00e9minin.hotglue.me \u00a0 0:00 &#47; 0:00 for\u00eat n.f. Intentions 3, for\u00eat nom f\u00e9minin de J\u00e9r\u00f4me de Vienne \u00e9dit\u00e9 par Isti Mirant Stella foretnomf\u00e9minin.hotglue.me de Diana Duta et J\u00e9r\u00f4me de Vienne for\u00eat nom f\u00e9minin de Luca Piovesan M\u00e9cane, penser avec les mains, de Pali Meursault Des extraits traduits de [&hellip;]","og_url":"https:\/\/florence.voisin.cc\/index.php\/foret-n-f\/","og_site_name":"Y","article_modified_time":"2024-09-02T13:21:30+00:00","og_image":[{"url":"http:\/\/florence.voisin.cc\/wp-content\/uploads\/2024\/09\/freteval-signes_0-1024x701.jpg"}],"twitter_card":"summary_large_image","twitter_misc":{"Dur\u00e9e de lecture estim\u00e9e":"2 minutes"},"schema":{"@context":"https:\/\/schema.org","@graph":[{"@type":["Person","Organization"],"@id":"https:\/\/florence.voisin.cc\/#\/schema\/person\/20f8006dfa5919b1c79c978dd1a0f3d7","name":"florence","logo":{"@id":"https:\/\/florence.voisin.cc\/#\/schema\/person\/image\/"}},{"@type":"WebSite","@id":"https:\/\/florence.voisin.cc\/#website","url":"https:\/\/florence.voisin.cc\/","name":"Florence Voisin","description":"","publisher":{"@id":"https:\/\/florence.voisin.cc\/#\/schema\/person\/20f8006dfa5919b1c79c978dd1a0f3d7"},"potentialAction":[{"@type":"SearchAction","target":{"@type":"EntryPoint","urlTemplate":"https:\/\/florence.voisin.cc\/?s={search_term_string}"},"query-input":"required name=search_term_string"}],"inLanguage":"fr-FR"},{"@type":"ImageObject","inLanguage":"fr-FR","@id":"https:\/\/florence.voisin.cc\/index.php\/foret-n-f\/#primaryimage","url":"https:\/\/florence.voisin.cc\/wp-content\/uploads\/2024\/09\/freteval-signes_0.jpg","contentUrl":"https:\/\/florence.voisin.cc\/wp-content\/uploads\/2024\/09\/freteval-signes_0.jpg","width":1956,"height":1339},{"@type":"WebPage","@id":"https:\/\/florence.voisin.cc\/index.php\/foret-n-f\/#webpage","url":"https:\/\/florence.voisin.cc\/index.php\/foret-n-f\/","name":"For\u00eat n.f. - Y","isPartOf":{"@id":"https:\/\/florence.voisin.cc\/#website"},"primaryImageOfPage":{"@id":"https:\/\/florence.voisin.cc\/index.php\/foret-n-f\/#primaryimage"},"datePublished":"2024-09-02T10:49:35+00:00","dateModified":"2024-09-02T13:21:30+00:00","breadcrumb":{"@id":"https:\/\/florence.voisin.cc\/index.php\/foret-n-f\/#breadcrumb"},"inLanguage":"fr-FR","potentialAction":[{"@type":"ReadAction","target":["https:\/\/florence.voisin.cc\/index.php\/foret-n-f\/"]}]},{"@type":"BreadcrumbList","@id":"https:\/\/florence.voisin.cc\/index.php\/foret-n-f\/#breadcrumb","itemListElement":[{"@type":"ListItem","position":1,"name":"Accueil","item":"https:\/\/florence.voisin.cc\/"},{"@type":"ListItem","position":2,"name":"For\u00eat n.f."}]}]}},"coauthors":[],"author_meta":{"author_link":"https:\/\/florence.voisin.cc\/index.php\/author\/florence\/","display_name":"florence"},"relative_dates":{"created":"Publi\u00e9 2 ans il y a","modified":"Mis \u00e0 jour 2 ans il y a"},"absolute_dates":{"created":"Publi\u00e9 le 2 septembre 2024","modified":"Mise \u00e0 jour le 2 septembre 2024"},"absolute_dates_time":{"created":"Publi\u00e9 le 2 septembre 2024 12 h 49 min","modified":"Mise \u00e0 jour le 2 septembre 2024 15 h 21 min"},"featured_img_caption":"","featured_img":false,"uagb_featured_image_src":{"full":false,"thumbnail":false,"medium":false,"medium_large":false,"large":false,"1536x1536":false,"2048x2048":false},"uagb_author_info":{"display_name":"florence","author_link":"https:\/\/florence.voisin.cc\/index.php\/author\/florence\/"},"uagb_comment_info":0,"uagb_excerpt":"Une \u00e9mission r\u00e9alis\u00e9e dans les d\u00e9dales du site for\u00eatnomf\u00e9minin.hotglue.me \u00a0 0:00 &#47; 0:00 for\u00eat n.f. Intentions 3, for\u00eat nom f\u00e9minin de J\u00e9r\u00f4me de Vienne \u00e9dit\u00e9 par Isti Mirant Stella foretnomf\u00e9minin.hotglue.me de Diana Duta et J\u00e9r\u00f4me de Vienne for\u00eat nom f\u00e9minin de Luca Piovesan M\u00e9cane, penser avec les mains, de Pali Meursault Des extraits traduits de\u2026","_links":{"self":[{"href":"https:\/\/florence.voisin.cc\/index.php\/wp-json\/wp\/v2\/pages\/2950"}],"collection":[{"href":"https:\/\/florence.voisin.cc\/index.php\/wp-json\/wp\/v2\/pages"}],"about":[{"href":"https:\/\/florence.voisin.cc\/index.php\/wp-json\/wp\/v2\/types\/page"}],"author":[{"embeddable":true,"href":"https:\/\/florence.voisin.cc\/index.php\/wp-json\/wp\/v2\/users\/1"}],"replies":[{"embeddable":true,"href":"https:\/\/florence.voisin.cc\/index.php\/wp-json\/wp\/v2\/comments?post=2950"}],"version-history":[{"count":17,"href":"https:\/\/florence.voisin.cc\/index.php\/wp-json\/wp\/v2\/pages\/2950\/revisions"}],"predecessor-version":[{"id":2970,"href":"https:\/\/florence.voisin.cc\/index.php\/wp-json\/wp\/v2\/pages\/2950\/revisions\/2970"}],"wp:attachment":[{"href":"https:\/\/florence.voisin.cc\/index.php\/wp-json\/wp\/v2\/media?parent=2950"}],"curies":[{"name":"wp","href":"https:\/\/api.w.org\/{rel}","templated":true}]}}