{"id":58,"date":"2020-05-18T17:23:39","date_gmt":"2020-05-18T15:23:39","guid":{"rendered":"http:\/\/florence.voisin.cc\/?page_id=58"},"modified":"2025-04-03T19:54:28","modified_gmt":"2025-04-03T17:54:28","slug":"traces","status":"publish","type":"page","link":"https:\/\/florence.voisin.cc\/index.php\/traces\/","title":{"rendered":"trac\u00e9s"},"content":{"rendered":"\t\t<div data-elementor-type=\"wp-page\" data-elementor-id=\"58\" class=\"elementor elementor-58\">\n\t\t\t\t\t\t<div class=\"elementor-inner\">\n\t\t\t\t<div class=\"elementor-section-wrap\">\n\t\t\t\t\t\t\t\t\t<section class=\"elementor-section elementor-top-section elementor-element elementor-element-531f9d6 elementor-section-boxed elementor-section-height-default elementor-section-height-default\" data-id=\"531f9d6\" data-element_type=\"section\">\n\t\t\t\t\t\t<div class=\"elementor-container elementor-column-gap-default\">\n\t\t\t\t\t\t\t<div class=\"elementor-row\">\n\t\t\t\t\t<div class=\"elementor-column elementor-col-50 elementor-top-column elementor-element elementor-element-a370fa1\" data-id=\"a370fa1\" data-element_type=\"column\">\n\t\t\t<div class=\"elementor-column-wrap elementor-element-populated\">\n\t\t\t\t\t\t\t<div class=\"elementor-widget-wrap\">\n\t\t\t\t\t\t<div class=\"elementor-element elementor-element-d93de4b elementor-widget elementor-widget-text-editor\" data-id=\"d93de4b\" data-element_type=\"widget\" data-widget_type=\"text-editor.default\">\n\t\t\t\t<div class=\"elementor-widget-container\">\n\t\t\t\t\t\t\t\t<div class=\"elementor-text-editor elementor-clearfix\">\n\t\t\t\t\t\t\t\t\t<\/div>\n\t\t\t\t\t\t<\/div>\n\t\t\t\t<\/div>\n\t\t\t\t\t\t<\/div>\n\t\t\t\t\t<\/div>\n\t\t<\/div>\n\t\t\t\t<div class=\"elementor-column elementor-col-50 elementor-top-column elementor-element elementor-element-84c582e\" data-id=\"84c582e\" data-element_type=\"column\">\n\t\t\t<div class=\"elementor-column-wrap\">\n\t\t\t\t\t\t\t<div class=\"elementor-widget-wrap\">\n\t\t\t\t\t\t\t\t<\/div>\n\t\t\t\t\t<\/div>\n\t\t<\/div>\n\t\t\t\t\t\t\t\t<\/div>\n\t\t\t\t\t<\/div>\n\t\t<\/section>\n\t\t\t\t<section class=\"elementor-section elementor-top-section elementor-element elementor-element-33d5391 elementor-section-boxed elementor-section-height-default elementor-section-height-default\" data-id=\"33d5391\" data-element_type=\"section\">\n\t\t\t\t\t\t<div class=\"elementor-container elementor-column-gap-default\">\n\t\t\t\t\t\t\t<div class=\"elementor-row\">\n\t\t\t\t\t<div class=\"elementor-column elementor-col-50 elementor-top-column elementor-element elementor-element-a519dd2\" data-id=\"a519dd2\" data-element_type=\"column\">\n\t\t\t<div class=\"elementor-column-wrap\">\n\t\t\t\t\t\t\t<div class=\"elementor-widget-wrap\">\n\t\t\t\t\t\t\t\t<\/div>\n\t\t\t\t\t<\/div>\n\t\t<\/div>\n\t\t\t\t<div class=\"elementor-column elementor-col-50 elementor-top-column elementor-element elementor-element-eaf3739\" data-id=\"eaf3739\" data-element_type=\"column\">\n\t\t\t<div class=\"elementor-column-wrap elementor-element-populated\">\n\t\t\t\t\t\t\t<div class=\"elementor-widget-wrap\">\n\t\t\t\t\t\t<div class=\"elementor-element elementor-element-5137ddb elementor-widget elementor-widget-text-editor\" data-id=\"5137ddb\" data-element_type=\"widget\" data-widget_type=\"text-editor.default\">\n\t\t\t\t<div class=\"elementor-widget-container\">\n\t\t\t\t\t\t\t\t<div class=\"elementor-text-editor elementor-clearfix\">\n\t\t\t\t<p><b>03\/2025 : <\/b>Initiation radio pour La Cloche et Le Relais <i>On va o\u00f9 ?<\/i>, R22 Tout Monde, Rennes<\/p>\n<p><b>03\/2025 : <\/b>Initiation radio, sensibilisation \u00e0 l&#8217;environnement avec les 6eF du Coll\u00e8ge Mathurin M\u00e9heut, Cie l&#8217;Effraie, Melesse<\/p>\n<p><b>25\/01\/2025 :<\/b> Plateaux radio Court-Circuit pendant l&#8217;\u00e9v\u00e9nement <i>Un hiver non-humain<\/i> Cie l&#8217;Effraie, Wild Bretagne, Cui-cui. H\u00f4tel Pasteur, Rennes<\/p>\n<p><b>6,7,8\/01 :<\/b> R\u00e9sidence d&#8217;exp\u00e9rimentations sur bandes magn\u00e9tiques, <i>Solstice<\/i>. Cie l&#8217;Effraie, asso Bandes Magn\u00e9tiques, Labo K<\/p>\n<p><b>14&gt;18\/10\/2024 : <\/b>R\u00e9sidence de cr\u00e9ation participative &#8220;A torons tir\u00e9s&#8221; avec Je cherche encore, Cirq&#8217;O Vent, La Maison des Faiseurs, Le GEM de Berck, et la Cie l&#8217;Effraie, Berck Plage<b><br><\/b><\/p>\n<p><b>10&gt;11\/10\/2024 : <\/b>Formatrice &#8220;cr\u00e9ation d&#8217;un podcast&#8221; de la R22 Tout Monde, Maison Internationale de Rennes<b><br><\/b><\/p>\n<p><b>23\/09&gt;05\/10\/2024 : <\/b><i><a href=\"https:\/\/bandesmagnetiques.com\/accueil\/creation\/encode-code\/\">encod\u00e9 cod\u00e9<\/a><\/i>, cr\u00e9ations collectives participatives, d\u00e9cryptages avec l&#8217;<a href=\"https:\/\/hirsute.minuscule.info\/\"><span lang=\"fr\">\u00c9<\/span>cole Hirsute<\/a> et Bandes Magn\u00e9tiques, r\u00e9sidence \u00e0 H\u00f4tel Pasteur<b><br><\/b><\/p>\n<p><b>07&gt;08\/2024 :<\/b> Ateliers avec publics en situation de handicap. Cr\u00e9ation participative d&#8217;un spectacle radiophonique. Za\u00ef Za\u00ef Radio<b>,<\/b> Cie l&#8217;Effraie. Angoul\u00eame<b><br><\/b><\/p>\n<p><b>06\/2024 : <\/b>Enregistrement voix pour la fiction Antenne disparue. Za\u00ef Za\u00ee Radio, Ateliers M\u00e9dicis, Saint-Ciers<b><br><\/b><\/p>\n<p><b>06\/2024 : <\/b>prises de sons sur le projet Super Eternal Sunshine, projet documentaire audiovisuel. Ile Lou\u00ebt, Ouessant<\/p>\n<p><b>06<span lang=\"fr\">\/06\/2<\/span><span lang=\"fr\">024 : <\/span><\/b><span lang=\"fr\">Journ\u00e9e d&#8217;<a href=\"https:\/\/bandesmagnetiques.com\/accueil\/creation\/audiodescription\/\">audiodescription collective<\/a> avec l&#8217;association UNADEV, Clermont-Ferrand <b><br><\/b><\/span><\/p>\n<p><\/p>\n<p><b>08&gt;12\/04\/2024 : <\/b>Semaine de travail sur l&#8217;audiodescription du film &#8220;Les Saisons&#8221;<b>. <\/b>H\u00f4tel pasteur, Rennes<b><br><\/b><\/p>\n<p><b>23<span lang=\"fr\">\u00b724\/02\/2<\/span><span lang=\"fr\">024 : <\/span><\/b><span lang=\"fr\">Exposition et plateau radio Court-Circuit<\/span><span lang=\"fr\">, Cie l&#8217;Effraie. Wild Bretagne, Faon\/zine \u00e9ditions. H\u00f4tel Pasteur, Rennes<\/span><b><span lang=\"fr\"><br><\/span><\/b><\/p>\n<p><b>28\/08&gt;01\/09\/2023 :<\/b> Semaine <i><span lang=\"fr\">\u00c9<\/span>COUTE<\/i> avec l&#8217;<a href=\"https:\/\/hirsute.minuscule.info\/\"><span lang=\"fr\">\u00c9<\/span>cole Hirsute<\/a> \u00e0 <a href=\"https:\/\/lametive.fr\/\">la M\u00e9tive<\/a>. <a href=\"https:\/\/hirsute.minuscule.info\/sessions\/audio-description\/\">Audiodescription<\/a> collective avec <a href=\"https:\/\/bandesmagnetiques.com\/\">Bandes Magn\u00e9tiques<\/a>. Moutier d&#8217;Ahun<\/p>\n<p><b>04\/2022&gt;07\/2023 :<\/b> Z\u00e9ro de Conduite, les <a href=\"http:\/\/assozdc.canalblog.com\/pages\/les-trois-p-tites-tours\/39006396.html\">3 P&#8217;tites Tours<\/a>, prise de son, montage sur le projet de film documentaire <em>La Ville en Nous. <\/em>Rennes<br>&nbsp;&#8211; <b>18<\/b><span lang=\"fr\">\u00b7<\/span><b>21<\/b><span lang=\"fr\">\u00b7<\/span><b>30\/06\/22 :<\/b> pr\u00e9sentation d&#8217;une \u00e9tape de travail. <em>OUVRAGES,<\/em><br>montage, projection 16mm par Lucie Rivoalen, composition sonore en<br>direct \u00e0 partir de la mati\u00e8re collect\u00e9e. Diffusion au Festival <a href=\"https:\/\/obskura.fr\/\">Obskura<\/a><strong>.<br><\/strong>&nbsp;&#8211; <b>22\/06<\/b><span lang=\"fr\">\u00b7<\/span><b>05\/07\/2023 :<\/b> Projections du film <i>La Ville en Nous<\/i> dans le quartier Maurepas avec <a href=\"https:\/\/www.lestombeesdelanuit.com\/spectacles\/les-trois-ptites-tours\/\" target=\"_blank\" rel=\"noopener\">Les tomb\u00e9es de la nuit<\/a>. Rennes<\/p>\n<p><b>06\/2023 :<\/b> R\u00e9sidence d&#8217;\u00e9criture pour le spectacle <a href=\"http:\/\/leffraie.com\/a-torons-tires\/\"><i>\u00c0 Torons Tir\u00e9s<\/i><\/a><i> <\/i>de la Cie l&#8217;Effraie<i>. <\/i>Questembert<\/p>\n<p><a href=\"http:\/\/leffraie.com\/classes-buissonnieres\/\"><b>06\/2023<\/b><\/a><b> :<\/b> Capsules sonores. Classes Buissoni\u00e8res avec le <a href=\"https:\/\/www.college-theophile-briant-tinteniac.ac-rennes.fr\/\">coll\u00e8ge de Th\u00e9ohile Briant<\/a>, la <a href=\"http:\/\/leffraie.com\">Cie l&#8217;Effraie<\/a> et l&#8217;association <a href=\"https:\/\/lahaut.bzh\/\">L\u00e0-Haut<\/a>. Tint\u00e9niac<\/p>\n<p><b>02\/04\/2023 : <\/b><a href=\"https:\/\/www.instagram.com\/p\/Cqxi4X8oNf0\/\">Radio Perch\u00e9e<\/a> avec la <a href=\"http:\/\/leffraie.com\">Cie l&#8217;Effraie<\/a> et l&#8217;association <a href=\"http:\/\/la-haut.bzh\">L\u00e0-Haut<\/a>. La Pr\u00e9valaye, Rennes<\/p>\n<p><b>03<\/b><span lang=\"fr\">\u00b7<\/span><b>06\/2023 :<\/b> Participation sonore \u00e0 l&#8217;exposition <a href=\"https:\/\/www.instagram.com\/p\/CpS6_QVLhLl\/\">[ embed ] <\/a>de Sophie Lapalu et Fabrice Gallis. <a href=\"https:\/\/soundcloud.com\/user-917446322\/le-homard-et-lamoco\"><em>Le Homard et l&#8217;Amoco<\/em><\/a>. <a href=\"https:\/\/daac.ac-rennes.fr\/spip.php?article2433\">Galerie Raymond-Hains<\/a>, St-Brieuc<\/p>\n<p><b>18&gt;19\/01\/2023 :<\/b><a href=\"https:\/\/hirsute.minuscule.info\/sessions\/audio-description\/\"> Audiodescription<\/a> collective du film <a href=\"https:\/\/www.youtube.com\/watch?v=itHUgSGYW-o\">Les Saisons<\/a> de Artavazd Pelechian avec l&#8217;<span lang=\"fr\">\u00c9<\/span>cole Hirsute, <a href=\"https:\/\/www.galerie-paradise.fr\/\">Galerie Paradise<\/a>. Nantes<\/p>\n<p><b>10\/2022 :<\/b> Gymnastique sonore, r\u00e9alisation d&#8217;une <a href=\"https:\/\/www.canalb.fr\/gymnastiquesonore\/2961\">\u00e9mission<\/a> \u00e0 partir du site <a href=\"http:\/\/foretnomfeminin.hotglue.me\">for\u00eat n.f.<\/a> de <a href=\"http:\/\/dianaduta.com\/\">Diana Duta<\/a> et <a href=\"https:\/\/jeromedevienne.wixsite.com\/----\">J\u00e9r\u00f4me de Vienne<\/a>.<\/p>\n<p><b>02&gt;06\/08\/2022 :<\/b> R\u00e9sidence Utopie Sonore, <a href=\"http:\/\/www.utopiesonore.com\/utopiesonore\/\">RUSE en 2\/2<\/a> Radio Utopique Sonore Eph\u00e9m\u00e8re.<\/p>\n<p><b>11&gt;27\/07\/2022 :<\/b> R\u00e9sidence sur le Kassumay, voilier du projet <a href=\"http:\/\/embed.minuscule.info\/\">Embed<br><\/a><br><strong>02&gt;06\/2022 : <\/strong>Bandes Magn\u00e9tiques, BTS PA Lyc\u00e9e Th\u00e9odore Monod. Cr\u00e9ation d&#8217;un podcast avec les \u00e9tudiant\u00b7es. Le Rheu&nbsp;<\/p>\n<p><strong><a href=\"http:\/\/leffraie.com\/bivouac\/\">18<\/a>&gt;<a href=\"http:\/\/leffraie.com\/bivouac\/\">21\/04..02<\/a>&gt;<a href=\"http:\/\/leffraie.com\/bivouac\/\">03\/07\/2022 : <\/a><\/strong>l&#8217;Effraie, <a href=\"https:\/\/lahaut.bzh\/index.php\/grimpe-darbres\/\">L\u00e0-Haut<\/a>. R\u00e9sidence en for\u00eat de liffr\u00e9.<strong><a href=\"http:\/\/leffraie.com\/cartographies-sonores\/\"><br><\/a><\/strong>&nbsp; &#8211; 02-03\/07\/22 : festival Coucou la f\u00f4ret, diffusions sonores dans la for\u00eat de Liffr\u00e9<\/p>\n<p><strong><a href=\"http:\/\/leffraie.com\/cartographies-sonores\/\">01<\/a>&gt;<a href=\"http:\/\/leffraie.com\/cartographies-sonores\/\">06\/2022 :<\/a><\/strong> l&#8217;Effraie, Coll\u00e8ge Mathurin M\u00e9heut. Spectacle sonore in situ<a href=\"http:\/\/leffraie.com\/sonar\/\"> <em>Le Sonar<\/em><\/a>. Melesse<br><a href=\"https:\/\/bandesmagnetiques.com\/creation\/stage-podcast-documentaire\/\"><strong><br>31\/03&gt;03\/04\/2022<\/strong> :<\/a> <a href=\"https:\/\/www.comptoirdudoc.org\/\">Comptoir du Doc<\/a>. Formatrice stage d\u00e9couverte du podcast cr\u00e9ation documentaire. Rennes<strong>&nbsp;<\/strong><\/p>\n<p><a href=\"https:\/\/www.facebook.com\/gymnastique.sonore\"><strong>09\/2021-&#8230; : <\/strong><\/a>Bandes Magn\u00e9tiques, <a href=\"http:\/\/canalb.fr\/gymnastiquesonore\/\">Canal B.<\/a> Programmation radiophonique pour l&#8217;\u00e9mission Gymnastique sonore. Rennes<\/p>\n<p><a href=\"http:\/\/florence.voisin.cc\/index.php\/sonores\/realisations-collectif-caradoc\/caradoc-ma-campagne\/\"><strong>05&gt;11\/07\/2021 :<\/strong><\/a> Tipi, Caradoc. Radio \u00e9ph\u00e9m\u00e8re anim\u00e9e par les habitant.es de Ma campagne. Angoul\u00eame<\/p>\n<p><strong>05&gt;06\/2021 :<\/strong> Cie Roizizo, C\u00f4t\u00e9 d\u00e9couverte, itin\u00e9rant. Atelier arts plastiques. Fabrication de d\u00e9cors et accessoires de th\u00e9\u00e2tre. R\u00e9gion Parisienne, Eure<\/p>\n<p><strong><a href=\"http:\/\/florence.voisin.cc\/index.php\/sonores\/cie-leffraie\/\">05\/06\/2021 :<\/a> <\/strong>Cie l&#8217;<a href=\"http:\/\/leffraie.com\/radio-court-circuit\/\">Effraie<\/a>, La Guinguette en Cavale. Betton<\/p>\n<p><a href=\"http:\/\/florence.voisin.cc\/index.php\/sonores\/ateliers\/\"><strong>03\/2021 :<\/strong><\/a> Cie <a href=\"http:\/\/lestoilescirees.fr\/in-situ\/projets-dedies\">les Toiles Cir\u00e9es<\/a>. Intervenante technicienne son sur projet th\u00e9\u00e2tre. Cr\u00e9ation sonore pour spectacle en maternelle. Douvres-la-d\u00e9livrande<\/p>\n<p><a href=\"https:\/\/podcloud.fr\/podcast\/caradoc\"><strong>28\/01&gt;02\/02\/2020 :<\/strong> <\/a>Caradoc, Quoi d\u2019neuf, la Grande Garenne ? Angoul\u00eame<\/p>\n<p><a href=\"http:\/\/florence.voisin.cc\/index.php\/radio-nid-de-poule\/radio-nid-de-poule-a-maurepas\/\"><strong>12\/2019 :<\/strong><\/a> Canal B, Radio nid de poule \u00e0 Maurepas. Rennes<\/p>\n<p><a href=\"http:\/\/florence.voisin.cc\/index.php\/sonores\/realisations-collectif-caradoc\/caradoc\/\"><strong>12\/2019 :<\/strong><\/a> Caradoc, Les langues \u00e0 la Source. Angoul\u00eame<\/p>\n<p><a href=\"http:\/\/florence.voisin.cc\/index.php\/radio-nid-de-poule\/radio-nid-de-poule-au-parc-des-gayeulles\/\"><strong>11\/2019 :<\/strong><\/a> Canal B, Radio nid de poule au Parc des Gayeulles. Rennes<\/p>\n<p><a href=\"http:\/\/florence.voisin.cc\/index.php\/sonores\/realisations-collectif-caradoc\/caradoc-2\/\"><strong>30<\/strong><strong>\/08&gt;01\/09\/2019 :<\/strong> <\/a>Caradoc, Saxifraga, Ce sera mieux demain. Angoul\u00eame<\/p>\n<p><a href=\"http:\/\/florence.voisin.cc\/index.php\/sonores\/realisations-collectif-caradoc\/caradoc-villejesus\/\"><strong>07\/2019 :<\/strong><\/a> Caradoc, Voyage en micro territoire. Aunac, Ars, Villej\u00e9sus, Angoul\u00eame<\/p>\n<p><a href=\"https:\/\/podcloud.fr\/podcast\/caradoc\"><strong>24&gt;27\/01\/2019 :<\/strong><\/a> Caradoc, Radio Ad\u2019hoc, La Grande Fonte. Angoul\u00eame<\/p>\n<p><a href=\"http:\/\/florence.voisin.cc\/index.php\/sonores\/ateliers\/\"><strong>05<\/strong><span lang=\"fr\">\u00b7<\/span><strong>06\/2018 :&nbsp;<\/strong><\/a> Epiphyte, Caj Grand Font. Dirac. Ateliers radio. Correspondances. Radio machin-truc. Angoul\u00eame<\/p>\n<p><strong>24&gt;27\/10\/2018 : <\/strong>Frac Poitou-Charente, Angoul\u00eame. Exposition Saufs, La fabrique du regard. Atelier de d\u00e9couverte artistique. Angoul\u00eame<\/p>\n<p><a href=\"http:\/\/florence.voisin.cc\/index.php\/sonores\/les-voies-englouties\/\"><strong>05&gt;07\/2018 : <\/strong><\/a>Parc naturel r\u00e9gional du Haut-Jura. Les Voies Englouties. St Claude<\/p>\n<p>,<\/p>\t\t\t\t\t<\/div>\n\t\t\t\t\t\t<\/div>\n\t\t\t\t<\/div>\n\t\t\t\t\t\t<\/div>\n\t\t\t\t\t<\/div>\n\t\t<\/div>\n\t\t\t\t\t\t\t\t<\/div>\n\t\t\t\t\t<\/div>\n\t\t<\/section>\n\t\t\t\t<section class=\"elementor-section elementor-top-section elementor-element elementor-element-3fabaa9 elementor-section-boxed elementor-section-height-default elementor-section-height-default\" data-id=\"3fabaa9\" data-element_type=\"section\">\n\t\t\t\t\t\t<div class=\"elementor-container elementor-column-gap-default\">\n\t\t\t\t\t\t\t<div class=\"elementor-row\">\n\t\t\t\t\t<div class=\"elementor-column elementor-col-100 elementor-top-column elementor-element elementor-element-d214712\" data-id=\"d214712\" data-element_type=\"column\">\n\t\t\t<div class=\"elementor-column-wrap elementor-element-populated\">\n\t\t\t\t\t\t\t<div class=\"elementor-widget-wrap\">\n\t\t\t\t\t\t<div class=\"elementor-element elementor-element-749848c elementor-widget elementor-widget-heading\" data-id=\"749848c\" data-element_type=\"widget\" data-widget_type=\"heading.default\">\n\t\t\t\t<div class=\"elementor-widget-container\">\n\t\t\t<h2 class=\"elementor-heading-title elementor-size-medium\">formations<\/h2>\t\t<\/div>\n\t\t\t\t<\/div>\n\t\t\t\t\t\t<\/div>\n\t\t\t\t\t<\/div>\n\t\t<\/div>\n\t\t\t\t\t\t\t\t<\/div>\n\t\t\t\t\t<\/div>\n\t\t<\/section>\n\t\t\t\t<section class=\"elementor-section elementor-top-section elementor-element elementor-element-29baab2d elementor-section-boxed elementor-section-height-default elementor-section-height-default\" data-id=\"29baab2d\" data-element_type=\"section\">\n\t\t\t\t\t\t<div class=\"elementor-container elementor-column-gap-default\">\n\t\t\t\t\t\t\t<div class=\"elementor-row\">\n\t\t\t\t\t<div class=\"elementor-column elementor-col-100 elementor-top-column elementor-element elementor-element-378888ee\" data-id=\"378888ee\" data-element_type=\"column\">\n\t\t\t<div class=\"elementor-column-wrap elementor-element-populated\">\n\t\t\t\t\t\t\t<div class=\"elementor-widget-wrap\">\n\t\t\t\t\t\t<div class=\"elementor-element elementor-element-7afa11b elementor-widget elementor-widget-text-editor\" data-id=\"7afa11b\" data-element_type=\"widget\" data-widget_type=\"text-editor.default\">\n\t\t\t\t<div class=\"elementor-widget-container\">\n\t\t\t\t\t\t\t\t<div class=\"elementor-text-editor elementor-clearfix\">\n\t\t\t\t<p><strong>20<\/strong><b>17-2018 :<\/b> Cr\u00e9adoc, \u00e9criture et r\u00e9alisation documentaire, universit\u00e9 de Poitiers, Master 1. Angoul\u00eame<br><strong>2012-2016 :<\/strong> EESI, DNAP, DNSEP art. Poitiers<br><strong>2011-2012 :<\/strong> Brassart, ann\u00e9e pr\u00e9paratoire Communication Visuelle. Nantes<\/p>\t\t\t\t\t<\/div>\n\t\t\t\t\t\t<\/div>\n\t\t\t\t<\/div>\n\t\t\t\t\t\t<\/div>\n\t\t\t\t\t<\/div>\n\t\t<\/div>\n\t\t\t\t\t\t\t\t<\/div>\n\t\t\t\t\t<\/div>\n\t\t<\/section>\n\t\t\t\t\t\t\t\t\t<\/div>\n\t\t\t<\/div>\n\t\t\t\t\t<\/div>\n\t\t","protected":false},"excerpt":{"rendered":"<p>03\/2025 : Initiation radio pour La Cloche et Le Relais On va o\u00f9 ?, R22 Tout Monde, Rennes 03\/2025 : Initiation radio, sensibilisation \u00e0 l&#8217;environnement avec les 6eF du Coll\u00e8ge Mathurin M\u00e9heut, Cie l&#8217;Effraie, Melesse 25\/01\/2025 : Plateaux radio Court-Circuit pendant l&#8217;\u00e9v\u00e9nement Un hiver non-humain Cie l&#8217;Effraie, Wild Bretagne, Cui-cui. H\u00f4tel Pasteur, Rennes 6,7,8\/01 : [&hellip;]<\/p>\n","protected":false},"author":1,"featured_media":0,"parent":0,"menu_order":0,"comment_status":"closed","ping_status":"closed","template":"","meta":{"advgb_blocks_editor_width":"","advgb_blocks_columns_visual_guide":"","_coblocks_attr":"","_coblocks_dimensions":"","_coblocks_responsive_height":"","_coblocks_accordion_ie_support":"","_monsterinsights_skip_tracking":false,"_monsterinsights_sitenote_active":false,"_monsterinsights_sitenote_note":"","_monsterinsights_sitenote_category":0,"episode_type":"","audio_file":"","cover_image":"","cover_image_id":"","duration":"","filesize":"","date_recorded":"","explicit":"","block":"","filesize_raw":"","footnotes":""},"class_list":["post-58","page","type-page","status-publish","hentry","entry"],"yoast_head":"<!-- This site is optimized with the Yoast SEO plugin v18.9 - https:\/\/yoast.com\/wordpress\/plugins\/seo\/ -->\n<title>trac\u00e9s - Y<\/title>\n<meta name=\"robots\" content=\"index, follow, max-snippet:-1, max-image-preview:large, max-video-preview:-1\" \/>\n<link rel=\"canonical\" href=\"https:\/\/florence.voisin.cc\/index.php\/traces\/\" \/>\n<meta property=\"og:locale\" content=\"fr_FR\" \/>\n<meta property=\"og:type\" content=\"article\" \/>\n<meta property=\"og:title\" content=\"trac\u00e9s - Y\" \/>\n<meta property=\"og:description\" content=\"03\/2025 : Initiation radio pour La Cloche et Le Relais On va o\u00f9 ?, R22 Tout Monde, Rennes 03\/2025 : Initiation radio, sensibilisation \u00e0 l&#8217;environnement avec les 6eF du Coll\u00e8ge Mathurin M\u00e9heut, Cie l&#8217;Effraie, Melesse 25\/01\/2025 : Plateaux radio Court-Circuit pendant l&#8217;\u00e9v\u00e9nement Un hiver non-humain Cie l&#8217;Effraie, Wild Bretagne, Cui-cui. H\u00f4tel Pasteur, Rennes 6,7,8\/01 : [&hellip;]\" \/>\n<meta property=\"og:url\" content=\"https:\/\/florence.voisin.cc\/index.php\/traces\/\" \/>\n<meta property=\"og:site_name\" content=\"Y\" \/>\n<meta property=\"article:modified_time\" content=\"2025-04-03T17:54:28+00:00\" \/>\n<meta name=\"twitter:card\" content=\"summary_large_image\" \/>\n<meta name=\"twitter:label1\" content=\"Dur\u00e9e de lecture estim\u00e9e\" \/>\n\t<meta name=\"twitter:data1\" content=\"3 minutes\" \/>\n<script type=\"application\/ld+json\" class=\"yoast-schema-graph\">{\"@context\":\"https:\/\/schema.org\",\"@graph\":[{\"@type\":[\"Person\",\"Organization\"],\"@id\":\"https:\/\/florence.voisin.cc\/#\/schema\/person\/20f8006dfa5919b1c79c978dd1a0f3d7\",\"name\":\"florence\",\"logo\":{\"@id\":\"https:\/\/florence.voisin.cc\/#\/schema\/person\/image\/\"}},{\"@type\":\"WebSite\",\"@id\":\"https:\/\/florence.voisin.cc\/#website\",\"url\":\"https:\/\/florence.voisin.cc\/\",\"name\":\"Florence Voisin\",\"description\":\"\",\"publisher\":{\"@id\":\"https:\/\/florence.voisin.cc\/#\/schema\/person\/20f8006dfa5919b1c79c978dd1a0f3d7\"},\"potentialAction\":[{\"@type\":\"SearchAction\",\"target\":{\"@type\":\"EntryPoint\",\"urlTemplate\":\"https:\/\/florence.voisin.cc\/?s={search_term_string}\"},\"query-input\":\"required name=search_term_string\"}],\"inLanguage\":\"fr-FR\"},{\"@type\":\"WebPage\",\"@id\":\"https:\/\/florence.voisin.cc\/index.php\/traces\/#webpage\",\"url\":\"https:\/\/florence.voisin.cc\/index.php\/traces\/\",\"name\":\"trac\u00e9s - Y\",\"isPartOf\":{\"@id\":\"https:\/\/florence.voisin.cc\/#website\"},\"datePublished\":\"2020-05-18T15:23:39+00:00\",\"dateModified\":\"2025-04-03T17:54:28+00:00\",\"breadcrumb\":{\"@id\":\"https:\/\/florence.voisin.cc\/index.php\/traces\/#breadcrumb\"},\"inLanguage\":\"fr-FR\",\"potentialAction\":[{\"@type\":\"ReadAction\",\"target\":[\"https:\/\/florence.voisin.cc\/index.php\/traces\/\"]}]},{\"@type\":\"BreadcrumbList\",\"@id\":\"https:\/\/florence.voisin.cc\/index.php\/traces\/#breadcrumb\",\"itemListElement\":[{\"@type\":\"ListItem\",\"position\":1,\"name\":\"Accueil\",\"item\":\"https:\/\/florence.voisin.cc\/\"},{\"@type\":\"ListItem\",\"position\":2,\"name\":\"trac\u00e9s\"}]}]}<\/script>\n<!-- \/ Yoast SEO plugin. -->","yoast_head_json":{"title":"trac\u00e9s - Y","robots":{"index":"index","follow":"follow","max-snippet":"max-snippet:-1","max-image-preview":"max-image-preview:large","max-video-preview":"max-video-preview:-1"},"canonical":"https:\/\/florence.voisin.cc\/index.php\/traces\/","og_locale":"fr_FR","og_type":"article","og_title":"trac\u00e9s - Y","og_description":"03\/2025 : Initiation radio pour La Cloche et Le Relais On va o\u00f9 ?, R22 Tout Monde, Rennes 03\/2025 : Initiation radio, sensibilisation \u00e0 l&#8217;environnement avec les 6eF du Coll\u00e8ge Mathurin M\u00e9heut, Cie l&#8217;Effraie, Melesse 25\/01\/2025 : Plateaux radio Court-Circuit pendant l&#8217;\u00e9v\u00e9nement Un hiver non-humain Cie l&#8217;Effraie, Wild Bretagne, Cui-cui. H\u00f4tel Pasteur, Rennes 6,7,8\/01 : [&hellip;]","og_url":"https:\/\/florence.voisin.cc\/index.php\/traces\/","og_site_name":"Y","article_modified_time":"2025-04-03T17:54:28+00:00","twitter_card":"summary_large_image","twitter_misc":{"Dur\u00e9e de lecture estim\u00e9e":"3 minutes"},"schema":{"@context":"https:\/\/schema.org","@graph":[{"@type":["Person","Organization"],"@id":"https:\/\/florence.voisin.cc\/#\/schema\/person\/20f8006dfa5919b1c79c978dd1a0f3d7","name":"florence","logo":{"@id":"https:\/\/florence.voisin.cc\/#\/schema\/person\/image\/"}},{"@type":"WebSite","@id":"https:\/\/florence.voisin.cc\/#website","url":"https:\/\/florence.voisin.cc\/","name":"Florence Voisin","description":"","publisher":{"@id":"https:\/\/florence.voisin.cc\/#\/schema\/person\/20f8006dfa5919b1c79c978dd1a0f3d7"},"potentialAction":[{"@type":"SearchAction","target":{"@type":"EntryPoint","urlTemplate":"https:\/\/florence.voisin.cc\/?s={search_term_string}"},"query-input":"required name=search_term_string"}],"inLanguage":"fr-FR"},{"@type":"WebPage","@id":"https:\/\/florence.voisin.cc\/index.php\/traces\/#webpage","url":"https:\/\/florence.voisin.cc\/index.php\/traces\/","name":"trac\u00e9s - Y","isPartOf":{"@id":"https:\/\/florence.voisin.cc\/#website"},"datePublished":"2020-05-18T15:23:39+00:00","dateModified":"2025-04-03T17:54:28+00:00","breadcrumb":{"@id":"https:\/\/florence.voisin.cc\/index.php\/traces\/#breadcrumb"},"inLanguage":"fr-FR","potentialAction":[{"@type":"ReadAction","target":["https:\/\/florence.voisin.cc\/index.php\/traces\/"]}]},{"@type":"BreadcrumbList","@id":"https:\/\/florence.voisin.cc\/index.php\/traces\/#breadcrumb","itemListElement":[{"@type":"ListItem","position":1,"name":"Accueil","item":"https:\/\/florence.voisin.cc\/"},{"@type":"ListItem","position":2,"name":"trac\u00e9s"}]}]}},"coauthors":[],"author_meta":{"author_link":"https:\/\/florence.voisin.cc\/index.php\/author\/florence\/","display_name":"florence"},"relative_dates":{"created":"Publi\u00e9 6 ans il y a","modified":"Mis \u00e0 jour 1 an il y a"},"absolute_dates":{"created":"Publi\u00e9 le 18 mai 2020","modified":"Mise \u00e0 jour le 3 avril 2025"},"absolute_dates_time":{"created":"Publi\u00e9 le 18 mai 2020 17 h 23 min","modified":"Mise \u00e0 jour le 3 avril 2025 19 h 54 min"},"featured_img_caption":"","featured_img":false,"uagb_featured_image_src":{"full":false,"thumbnail":false,"medium":false,"medium_large":false,"large":false,"1536x1536":false,"2048x2048":false},"uagb_author_info":{"display_name":"florence","author_link":"https:\/\/florence.voisin.cc\/index.php\/author\/florence\/"},"uagb_comment_info":0,"uagb_excerpt":"03\/2025 : Initiation radio pour La Cloche et Le Relais On va o\u00f9 ?, R22 Tout Monde, Rennes 03\/2025 : Initiation radio, sensibilisation \u00e0 l&#8217;environnement avec les 6eF du Coll\u00e8ge Mathurin M\u00e9heut, Cie l&#8217;Effraie, Melesse 25\/01\/2025 : Plateaux radio Court-Circuit pendant l&#8217;\u00e9v\u00e9nement Un hiver non-humain Cie l&#8217;Effraie, Wild Bretagne, Cui-cui. H\u00f4tel Pasteur, Rennes 6,7,8\/01 :\u2026","_links":{"self":[{"href":"https:\/\/florence.voisin.cc\/index.php\/wp-json\/wp\/v2\/pages\/58"}],"collection":[{"href":"https:\/\/florence.voisin.cc\/index.php\/wp-json\/wp\/v2\/pages"}],"about":[{"href":"https:\/\/florence.voisin.cc\/index.php\/wp-json\/wp\/v2\/types\/page"}],"author":[{"embeddable":true,"href":"https:\/\/florence.voisin.cc\/index.php\/wp-json\/wp\/v2\/users\/1"}],"replies":[{"embeddable":true,"href":"https:\/\/florence.voisin.cc\/index.php\/wp-json\/wp\/v2\/comments?post=58"}],"version-history":[{"count":188,"href":"https:\/\/florence.voisin.cc\/index.php\/wp-json\/wp\/v2\/pages\/58\/revisions"}],"predecessor-version":[{"id":3082,"href":"https:\/\/florence.voisin.cc\/index.php\/wp-json\/wp\/v2\/pages\/58\/revisions\/3082"}],"wp:attachment":[{"href":"https:\/\/florence.voisin.cc\/index.php\/wp-json\/wp\/v2\/media?parent=58"}],"curies":[{"name":"wp","href":"https:\/\/api.w.org\/{rel}","templated":true}]}}