{"id":60,"date":"2020-05-18T17:23:39","date_gmt":"2020-05-18T15:23:39","guid":{"rendered":"http:\/\/florence.voisin.cc\/?page_id=60"},"modified":"2023-04-30T17:02:17","modified_gmt":"2023-04-30T15:02:17","slug":"liens","status":"publish","type":"page","link":"https:\/\/florence.voisin.cc\/index.php\/liens\/","title":{"rendered":"liens"},"content":{"rendered":"\t\t<div data-elementor-type=\"wp-page\" data-elementor-id=\"60\" class=\"elementor elementor-60\">\n\t\t\t\t\t\t<div class=\"elementor-inner\">\n\t\t\t\t<div class=\"elementor-section-wrap\">\n\t\t\t\t\t\t\t\t\t<section class=\"elementor-section elementor-top-section elementor-element elementor-element-5db96e1 elementor-section-boxed elementor-section-height-default elementor-section-height-default\" data-id=\"5db96e1\" data-element_type=\"section\">\n\t\t\t\t\t\t<div class=\"elementor-container elementor-column-gap-default\">\n\t\t\t\t\t\t\t<div class=\"elementor-row\">\n\t\t\t\t\t<div class=\"elementor-column elementor-col-33 elementor-top-column elementor-element elementor-element-c8f5471\" data-id=\"c8f5471\" data-element_type=\"column\">\n\t\t\t<div class=\"elementor-column-wrap elementor-element-populated\">\n\t\t\t\t\t\t\t<div class=\"elementor-widget-wrap\">\n\t\t\t\t\t\t<div class=\"elementor-element elementor-element-7d79fd1 elementor-widget elementor-widget-text-editor\" data-id=\"7d79fd1\" data-element_type=\"widget\" data-widget_type=\"text-editor.default\">\n\t\t\t\t<div class=\"elementor-widget-container\">\n\t\t\t\t\t\t\t\t<div class=\"elementor-text-editor elementor-clearfix\">\n\t\t\t\t<p>flo.voisin@protonmail.com<\/p>\t\t\t\t\t<\/div>\n\t\t\t\t\t\t<\/div>\n\t\t\t\t<\/div>\n\t\t\t\t\t\t<\/div>\n\t\t\t\t\t<\/div>\n\t\t<\/div>\n\t\t\t\t<div class=\"elementor-column elementor-col-33 elementor-top-column elementor-element elementor-element-71b5ad3\" data-id=\"71b5ad3\" data-element_type=\"column\">\n\t\t\t<div class=\"elementor-column-wrap elementor-element-populated\">\n\t\t\t\t\t\t\t<div class=\"elementor-widget-wrap\">\n\t\t\t\t\t\t<div class=\"elementor-element elementor-element-c9e3eda elementor-widget elementor-widget-text-editor\" data-id=\"c9e3eda\" data-element_type=\"widget\" data-widget_type=\"text-editor.default\">\n\t\t\t\t<div class=\"elementor-widget-container\">\n\t\t\t\t\t\t\t\t<div class=\"elementor-text-editor elementor-clearfix\">\n\t\t\t\t<p><a class=\"maxbutton-4 maxbutton maxbutton-ateliers\" target=\"_blank\" rel=\"noopener\" href=\"http:\/\/leffraie.com\/\"><span class='mb-text'>l&#039;Effraie<\/span><\/a><\/p>\t\t\t\t\t<\/div>\n\t\t\t\t\t\t<\/div>\n\t\t\t\t<\/div>\n\t\t\t\t<div class=\"elementor-element elementor-element-ebc0e5d elementor-widget elementor-widget-text-editor\" data-id=\"ebc0e5d\" data-element_type=\"widget\" data-widget_type=\"text-editor.default\">\n\t\t\t\t<div class=\"elementor-widget-container\">\n\t\t\t\t\t\t\t\t<div class=\"elementor-text-editor elementor-clearfix\">\n\t\t\t\t<p><a class=\"maxbutton-4 maxbutton maxbutton-ateliers\" target=\"_blank\" rel=\"noopener\" href=\"https:\/\/bandesmagn\u00e9tiques.com\"><span class='mb-text'>Bandes Magn\u00e9tiques<\/span><\/a><\/p>\t\t\t\t\t<\/div>\n\t\t\t\t\t\t<\/div>\n\t\t\t\t<\/div>\n\t\t\t\t<div class=\"elementor-element elementor-element-f5adb38 elementor-widget elementor-widget-text-editor\" data-id=\"f5adb38\" data-element_type=\"widget\" data-widget_type=\"text-editor.default\">\n\t\t\t\t<div class=\"elementor-widget-container\">\n\t\t\t\t\t\t\t\t<div class=\"elementor-text-editor elementor-clearfix\">\n\t\t\t\t<p><a class=\"maxbutton-4 maxbutton maxbutton-ateliers\" target=\"_blank\" rel=\"noopener\" href=\"http:\/\/canalb.fr\/gymnastiquesonore\/\"><span class='mb-text'>Gymnastique Sonore<\/span><\/a><\/p>\t\t\t\t\t<\/div>\n\t\t\t\t\t\t<\/div>\n\t\t\t\t<\/div>\n\t\t\t\t<div class=\"elementor-element elementor-element-87f7943 elementor-widget elementor-widget-text-editor\" data-id=\"87f7943\" data-element_type=\"widget\" data-widget_type=\"text-editor.default\">\n\t\t\t\t<div class=\"elementor-widget-container\">\n\t\t\t\t\t\t\t\t<div class=\"elementor-text-editor elementor-clearfix\">\n\t\t\t\t<p><a class=\"maxbutton-4 maxbutton maxbutton-ateliers\" target=\"_blank\" rel=\"noopener\" href=\"https:\/\/audioblog.arteradio.com\/blog\/98312\/les-menstruelles\"><span class='mb-text'>les Menstruelles<\/span><\/a><\/p>\t\t\t\t\t<\/div>\n\t\t\t\t\t\t<\/div>\n\t\t\t\t<\/div>\n\t\t\t\t<div class=\"elementor-element elementor-element-a009c69 elementor-widget elementor-widget-text-editor\" data-id=\"a009c69\" data-element_type=\"widget\" data-widget_type=\"text-editor.default\">\n\t\t\t\t<div class=\"elementor-widget-container\">\n\t\t\t\t\t\t\t\t<div class=\"elementor-text-editor elementor-clearfix\">\n\t\t\t\t\t\t\t\t\t<\/div>\n\t\t\t\t\t\t<\/div>\n\t\t\t\t<\/div>\n\t\t\t\t\t\t<\/div>\n\t\t\t\t\t<\/div>\n\t\t<\/div>\n\t\t\t\t<div class=\"elementor-column elementor-col-33 elementor-top-column elementor-element elementor-element-1d34931\" data-id=\"1d34931\" data-element_type=\"column\">\n\t\t\t<div class=\"elementor-column-wrap elementor-element-populated\">\n\t\t\t\t\t\t\t<div class=\"elementor-widget-wrap\">\n\t\t\t\t\t\t<div class=\"elementor-element elementor-element-6550c8c elementor-widget elementor-widget-spacer\" data-id=\"6550c8c\" data-element_type=\"widget\" data-widget_type=\"spacer.default\">\n\t\t\t\t<div class=\"elementor-widget-container\">\n\t\t\t\t\t<div class=\"elementor-spacer\">\n\t\t\t<div class=\"elementor-spacer-inner\"><\/div>\n\t\t<\/div>\n\t\t\t\t<\/div>\n\t\t\t\t<\/div>\n\t\t\t\t<div class=\"elementor-element elementor-element-33b8aca elementor-widget elementor-widget-image\" data-id=\"33b8aca\" data-element_type=\"widget\" data-widget_type=\"image.default\">\n\t\t\t\t<div class=\"elementor-widget-container\">\n\t\t\t\t\t\t\t\t<div class=\"elementor-image\">\n\t\t\t\t\t\t\t\t\t\t\t\t<img loading=\"lazy\" decoding=\"async\" width=\"1024\" height=\"769\" src=\"https:\/\/florence.voisin.cc\/wp-content\/uploads\/2022\/06\/balle-1024x769.png\" class=\"attachment-large size-large wp-image-1508\" alt=\"\" srcset=\"https:\/\/florence.voisin.cc\/wp-content\/uploads\/2022\/06\/balle-1024x769.png 1024w, https:\/\/florence.voisin.cc\/wp-content\/uploads\/2022\/06\/balle-300x225.png 300w, https:\/\/florence.voisin.cc\/wp-content\/uploads\/2022\/06\/balle-768x577.png 768w, https:\/\/florence.voisin.cc\/wp-content\/uploads\/2022\/06\/balle-1536x1154.png 1536w, https:\/\/florence.voisin.cc\/wp-content\/uploads\/2022\/06\/balle.png 1619w\" sizes=\"(max-width: 1024px) 100vw, 1024px\" \/>\t\t\t\t\t\t\t\t\t\t\t\t\t\t<\/div>\n\t\t\t\t\t\t<\/div>\n\t\t\t\t<\/div>\n\t\t\t\t\t\t<\/div>\n\t\t\t\t\t<\/div>\n\t\t<\/div>\n\t\t\t\t\t\t\t\t<\/div>\n\t\t\t\t\t<\/div>\n\t\t<\/section>\n\t\t\t\t<section class=\"elementor-section elementor-top-section elementor-element elementor-element-8e11289 elementor-section-boxed elementor-section-height-default elementor-section-height-default\" data-id=\"8e11289\" data-element_type=\"section\">\n\t\t\t\t\t\t<div class=\"elementor-container elementor-column-gap-default\">\n\t\t\t\t\t\t\t<div class=\"elementor-row\">\n\t\t\t\t\t<div class=\"elementor-column elementor-col-50 elementor-top-column elementor-element elementor-element-39852f7\" data-id=\"39852f7\" data-element_type=\"column\">\n\t\t\t<div class=\"elementor-column-wrap\">\n\t\t\t\t\t\t\t<div class=\"elementor-widget-wrap\">\n\t\t\t\t\t\t\t\t<\/div>\n\t\t\t\t\t<\/div>\n\t\t<\/div>\n\t\t\t\t<div class=\"elementor-column elementor-col-50 elementor-top-column elementor-element elementor-element-d419028\" data-id=\"d419028\" data-element_type=\"column\">\n\t\t\t<div class=\"elementor-column-wrap\">\n\t\t\t\t\t\t\t<div class=\"elementor-widget-wrap\">\n\t\t\t\t\t\t\t\t<\/div>\n\t\t\t\t\t<\/div>\n\t\t<\/div>\n\t\t\t\t\t\t\t\t<\/div>\n\t\t\t\t\t<\/div>\n\t\t<\/section>\n\t\t\t\t\t\t\t\t\t<\/div>\n\t\t\t<\/div>\n\t\t\t\t\t<\/div>\n\t\t","protected":false},"excerpt":{"rendered":"<p>flo.voisin@protonmail.com<\/p>\n","protected":false},"author":1,"featured_media":0,"parent":0,"menu_order":0,"comment_status":"closed","ping_status":"closed","template":"","meta":{"advgb_blocks_editor_width":"","advgb_blocks_columns_visual_guide":"","_coblocks_attr":"","_coblocks_dimensions":"","_coblocks_responsive_height":"","_coblocks_accordion_ie_support":"","_monsterinsights_skip_tracking":false,"_monsterinsights_sitenote_active":false,"_monsterinsights_sitenote_note":"","_monsterinsights_sitenote_category":0,"episode_type":"","audio_file":"","cover_image":"","cover_image_id":"","duration":"","filesize":"","date_recorded":"","explicit":"","block":"","filesize_raw":"","footnotes":""},"class_list":["post-60","page","type-page","status-publish","hentry","entry"],"yoast_head":"<!-- This site is optimized with the Yoast SEO plugin v18.9 - https:\/\/yoast.com\/wordpress\/plugins\/seo\/ -->\n<title>liens - Y<\/title>\n<meta name=\"robots\" content=\"index, follow, max-snippet:-1, max-image-preview:large, max-video-preview:-1\" \/>\n<link rel=\"canonical\" href=\"https:\/\/florence.voisin.cc\/index.php\/liens\/\" \/>\n<meta property=\"og:locale\" content=\"fr_FR\" \/>\n<meta property=\"og:type\" content=\"article\" \/>\n<meta property=\"og:title\" content=\"liens - Y\" \/>\n<meta property=\"og:description\" content=\"flo.voisin@protonmail.com\" \/>\n<meta property=\"og:url\" content=\"https:\/\/florence.voisin.cc\/index.php\/liens\/\" \/>\n<meta property=\"og:site_name\" content=\"Y\" \/>\n<meta property=\"article:modified_time\" content=\"2023-04-30T15:02:17+00:00\" \/>\n<meta property=\"og:image\" content=\"http:\/\/florence.voisin.cc\/wp-content\/uploads\/2022\/06\/balle-1024x769.png\" \/>\n<meta name=\"twitter:card\" content=\"summary_large_image\" \/>\n<meta name=\"twitter:label1\" content=\"Dur\u00e9e de lecture estim\u00e9e\" \/>\n\t<meta name=\"twitter:data1\" content=\"1 minute\" \/>\n<script type=\"application\/ld+json\" class=\"yoast-schema-graph\">{\"@context\":\"https:\/\/schema.org\",\"@graph\":[{\"@type\":[\"Person\",\"Organization\"],\"@id\":\"https:\/\/florence.voisin.cc\/#\/schema\/person\/20f8006dfa5919b1c79c978dd1a0f3d7\",\"name\":\"florence\",\"logo\":{\"@id\":\"https:\/\/florence.voisin.cc\/#\/schema\/person\/image\/\"}},{\"@type\":\"WebSite\",\"@id\":\"https:\/\/florence.voisin.cc\/#website\",\"url\":\"https:\/\/florence.voisin.cc\/\",\"name\":\"Florence Voisin\",\"description\":\"\",\"publisher\":{\"@id\":\"https:\/\/florence.voisin.cc\/#\/schema\/person\/20f8006dfa5919b1c79c978dd1a0f3d7\"},\"potentialAction\":[{\"@type\":\"SearchAction\",\"target\":{\"@type\":\"EntryPoint\",\"urlTemplate\":\"https:\/\/florence.voisin.cc\/?s={search_term_string}\"},\"query-input\":\"required name=search_term_string\"}],\"inLanguage\":\"fr-FR\"},{\"@type\":\"ImageObject\",\"inLanguage\":\"fr-FR\",\"@id\":\"https:\/\/florence.voisin.cc\/index.php\/liens\/#primaryimage\",\"url\":\"https:\/\/florence.voisin.cc\/wp-content\/uploads\/2022\/06\/balle.png\",\"contentUrl\":\"https:\/\/florence.voisin.cc\/wp-content\/uploads\/2022\/06\/balle.png\",\"width\":1619,\"height\":1216},{\"@type\":\"WebPage\",\"@id\":\"https:\/\/florence.voisin.cc\/index.php\/liens\/#webpage\",\"url\":\"https:\/\/florence.voisin.cc\/index.php\/liens\/\",\"name\":\"liens - Y\",\"isPartOf\":{\"@id\":\"https:\/\/florence.voisin.cc\/#website\"},\"primaryImageOfPage\":{\"@id\":\"https:\/\/florence.voisin.cc\/index.php\/liens\/#primaryimage\"},\"datePublished\":\"2020-05-18T15:23:39+00:00\",\"dateModified\":\"2023-04-30T15:02:17+00:00\",\"breadcrumb\":{\"@id\":\"https:\/\/florence.voisin.cc\/index.php\/liens\/#breadcrumb\"},\"inLanguage\":\"fr-FR\",\"potentialAction\":[{\"@type\":\"ReadAction\",\"target\":[\"https:\/\/florence.voisin.cc\/index.php\/liens\/\"]}]},{\"@type\":\"BreadcrumbList\",\"@id\":\"https:\/\/florence.voisin.cc\/index.php\/liens\/#breadcrumb\",\"itemListElement\":[{\"@type\":\"ListItem\",\"position\":1,\"name\":\"Accueil\",\"item\":\"https:\/\/florence.voisin.cc\/\"},{\"@type\":\"ListItem\",\"position\":2,\"name\":\"liens\"}]}]}<\/script>\n<!-- \/ Yoast SEO plugin. -->","yoast_head_json":{"title":"liens - Y","robots":{"index":"index","follow":"follow","max-snippet":"max-snippet:-1","max-image-preview":"max-image-preview:large","max-video-preview":"max-video-preview:-1"},"canonical":"https:\/\/florence.voisin.cc\/index.php\/liens\/","og_locale":"fr_FR","og_type":"article","og_title":"liens - Y","og_description":"flo.voisin@protonmail.com","og_url":"https:\/\/florence.voisin.cc\/index.php\/liens\/","og_site_name":"Y","article_modified_time":"2023-04-30T15:02:17+00:00","og_image":[{"url":"http:\/\/florence.voisin.cc\/wp-content\/uploads\/2022\/06\/balle-1024x769.png"}],"twitter_card":"summary_large_image","twitter_misc":{"Dur\u00e9e de lecture estim\u00e9e":"1 minute"},"schema":{"@context":"https:\/\/schema.org","@graph":[{"@type":["Person","Organization"],"@id":"https:\/\/florence.voisin.cc\/#\/schema\/person\/20f8006dfa5919b1c79c978dd1a0f3d7","name":"florence","logo":{"@id":"https:\/\/florence.voisin.cc\/#\/schema\/person\/image\/"}},{"@type":"WebSite","@id":"https:\/\/florence.voisin.cc\/#website","url":"https:\/\/florence.voisin.cc\/","name":"Florence Voisin","description":"","publisher":{"@id":"https:\/\/florence.voisin.cc\/#\/schema\/person\/20f8006dfa5919b1c79c978dd1a0f3d7"},"potentialAction":[{"@type":"SearchAction","target":{"@type":"EntryPoint","urlTemplate":"https:\/\/florence.voisin.cc\/?s={search_term_string}"},"query-input":"required name=search_term_string"}],"inLanguage":"fr-FR"},{"@type":"ImageObject","inLanguage":"fr-FR","@id":"https:\/\/florence.voisin.cc\/index.php\/liens\/#primaryimage","url":"https:\/\/florence.voisin.cc\/wp-content\/uploads\/2022\/06\/balle.png","contentUrl":"https:\/\/florence.voisin.cc\/wp-content\/uploads\/2022\/06\/balle.png","width":1619,"height":1216},{"@type":"WebPage","@id":"https:\/\/florence.voisin.cc\/index.php\/liens\/#webpage","url":"https:\/\/florence.voisin.cc\/index.php\/liens\/","name":"liens - Y","isPartOf":{"@id":"https:\/\/florence.voisin.cc\/#website"},"primaryImageOfPage":{"@id":"https:\/\/florence.voisin.cc\/index.php\/liens\/#primaryimage"},"datePublished":"2020-05-18T15:23:39+00:00","dateModified":"2023-04-30T15:02:17+00:00","breadcrumb":{"@id":"https:\/\/florence.voisin.cc\/index.php\/liens\/#breadcrumb"},"inLanguage":"fr-FR","potentialAction":[{"@type":"ReadAction","target":["https:\/\/florence.voisin.cc\/index.php\/liens\/"]}]},{"@type":"BreadcrumbList","@id":"https:\/\/florence.voisin.cc\/index.php\/liens\/#breadcrumb","itemListElement":[{"@type":"ListItem","position":1,"name":"Accueil","item":"https:\/\/florence.voisin.cc\/"},{"@type":"ListItem","position":2,"name":"liens"}]}]}},"coauthors":[],"author_meta":{"author_link":"https:\/\/florence.voisin.cc\/index.php\/author\/florence\/","display_name":"florence"},"relative_dates":{"created":"Publi\u00e9 6 ans il y a","modified":"Mis \u00e0 jour 3 ans il y a"},"absolute_dates":{"created":"Publi\u00e9 le 18 mai 2020","modified":"Mise \u00e0 jour le 30 avril 2023"},"absolute_dates_time":{"created":"Publi\u00e9 le 18 mai 2020 17 h 23 min","modified":"Mise \u00e0 jour le 30 avril 2023 17 h 02 min"},"featured_img_caption":"","featured_img":false,"uagb_featured_image_src":{"full":false,"thumbnail":false,"medium":false,"medium_large":false,"large":false,"1536x1536":false,"2048x2048":false},"uagb_author_info":{"display_name":"florence","author_link":"https:\/\/florence.voisin.cc\/index.php\/author\/florence\/"},"uagb_comment_info":0,"uagb_excerpt":"flo.voisin@protonmail.com","_links":{"self":[{"href":"https:\/\/florence.voisin.cc\/index.php\/wp-json\/wp\/v2\/pages\/60"}],"collection":[{"href":"https:\/\/florence.voisin.cc\/index.php\/wp-json\/wp\/v2\/pages"}],"about":[{"href":"https:\/\/florence.voisin.cc\/index.php\/wp-json\/wp\/v2\/types\/page"}],"author":[{"embeddable":true,"href":"https:\/\/florence.voisin.cc\/index.php\/wp-json\/wp\/v2\/users\/1"}],"replies":[{"embeddable":true,"href":"https:\/\/florence.voisin.cc\/index.php\/wp-json\/wp\/v2\/comments?post=60"}],"version-history":[{"count":79,"href":"https:\/\/florence.voisin.cc\/index.php\/wp-json\/wp\/v2\/pages\/60\/revisions"}],"predecessor-version":[{"id":2260,"href":"https:\/\/florence.voisin.cc\/index.php\/wp-json\/wp\/v2\/pages\/60\/revisions\/2260"}],"wp:attachment":[{"href":"https:\/\/florence.voisin.cc\/index.php\/wp-json\/wp\/v2\/media?parent=60"}],"curies":[{"name":"wp","href":"https:\/\/api.w.org\/{rel}","templated":true}]}}