{"id":970,"date":"2021-07-30T11:56:11","date_gmt":"2021-07-30T09:56:11","guid":{"rendered":"http:\/\/florence.voisin.cc\/?page_id=970"},"modified":"2023-04-14T01:26:28","modified_gmt":"2023-04-13T23:26:28","slug":"caradoc-ma-campagne","status":"publish","type":"page","link":"https:\/\/florence.voisin.cc\/index.php\/etabli\/realisations-collectif-caradoc\/caradoc-ma-campagne\/","title":{"rendered":"Caradoc, Ma Campagne"},"content":{"rendered":"\t\t<div data-elementor-type=\"wp-page\" data-elementor-id=\"970\" class=\"elementor elementor-970\">\n\t\t\t\t\t\t<div class=\"elementor-inner\">\n\t\t\t\t<div class=\"elementor-section-wrap\">\n\t\t\t\t\t\t\t\t\t<section class=\"elementor-section elementor-top-section elementor-element elementor-element-60346ae elementor-section-boxed elementor-section-height-default elementor-section-height-default\" data-id=\"60346ae\" data-element_type=\"section\">\n\t\t\t\t\t\t<div class=\"elementor-container elementor-column-gap-default\">\n\t\t\t\t\t\t\t<div class=\"elementor-row\">\n\t\t\t\t\t<div class=\"elementor-column elementor-col-50 elementor-top-column elementor-element elementor-element-c6df1ae\" data-id=\"c6df1ae\" data-element_type=\"column\">\n\t\t\t<div class=\"elementor-column-wrap elementor-element-populated\">\n\t\t\t\t\t\t\t<div class=\"elementor-widget-wrap\">\n\t\t\t\t\t\t<div class=\"elementor-element elementor-element-73c710b elementor-widget elementor-widget-text-editor\" data-id=\"73c710b\" data-element_type=\"widget\" data-widget_type=\"text-editor.default\">\n\t\t\t\t<div class=\"elementor-widget-container\">\n\t\t\t\t\t\t\t\t<div class=\"elementor-text-editor elementor-clearfix\">\n\t\t\t\t<p>Nous avons install\u00e9 notre caravane sur la place Hildesheim au centre du quartier Ma Campagne \u00e0 Angoul\u00eame et nous avons accompagn\u00e9 les habitant.es dans leurs envies de radio.<\/p>\t\t\t\t\t<\/div>\n\t\t\t\t\t\t<\/div>\n\t\t\t\t<\/div>\n\t\t\t\t<div class=\"elementor-element elementor-element-cccb847 elementor-widget elementor-widget-text-editor\" data-id=\"cccb847\" data-element_type=\"widget\" data-widget_type=\"text-editor.default\">\n\t\t\t\t<div class=\"elementor-widget-container\">\n\t\t\t\t\t\t\t\t<div class=\"elementor-text-editor elementor-clearfix\">\n\t\t\t\t<p>Nous avons r\u00e9alis\u00e9 une \u00e9mission ensemble \u00e0 la fin de notre semaine de r\u00e9sidence au pied des immeubles.<\/p>\t\t\t\t\t<\/div>\n\t\t\t\t\t\t<\/div>\n\t\t\t\t<\/div>\n\t\t\t\t<div class=\"elementor-element elementor-element-732ad9e elementor-widget elementor-widget-slide-compact-player\" data-id=\"732ad9e\" data-element_type=\"widget\" data-widget_type=\"slide-compact-player.default\">\n\t\t\t\t<div class=\"elementor-widget-container\">\n\t\t\t\r\n\t\t<div class=\"swp_music_player compact-player\" id=\"mpfe_69e850a74d27e\" data-autoplay=\"no\" data-playmode=\"repeat\" data-stopplaylistend=\"no\" data-repeatmode=\"unset\">\r\n\t\t\t<div class=\"swp-compact-player\">\r\n\t\t\t\t<div class=\"swp-compact-cover\">\r\n\t\t\t\t\t<div class=\"swp-compact-cover-container\"><\/div>\r\n\t\t\t\t\t<div class=\"compact-cover-overlay album_left_overlay lc_swp_overlay\"><\/div>\r\n\t\t\t\t<\/div>\r\n\r\n\t\t\t\t<div class=\"swp-compact-player-info\">\r\n\t\t\t\t\t<div class=\"compact-info-overlay album_right_overlay lc_swp_overlay\"><\/div>\r\n\t\t\t\t\t<div class=\"compact-info-content\">\r\n\t\t\t\t\t\t<div class=\"compact-info-top clearfix\">\r\n\t\t\t\t\t\t\t<div class=\"compact-song-details\">\r\n\t\t\t\t\t\t\t\t<div class=\"current_song_name compact-song-name\"><\/div>\r\n\t\t\t\t\t\t\t\t<div class=\"current_album_name compact-album-name\"><\/div>\r\n\t\t\t\t\t\t\t<\/div>\r\n\t\t\t\t\t\t\t<div class=\"compact-play-pause\">\r\n\t\t\t\t\t\t\t\t<span class=\"compact-play-container \">\r\n\t\t\t\t\t\t\t\t\t<i class=\"fas fa-play player_play compact_play compact-playpause\"><\/i>\r\n\t\t\t\t\t\t\t\t<\/span>\r\n\t\t\t\t\t\t\t\t<span class=\"compact-pause-container\">\r\n\t\t\t\t\t\t\t\t\t<i class=\"fas fa-pause compact_pause compact-playpause display_none\"><\/i>\r\n\t\t\t\t\t\t\t\t<\/span>\r\n\t\t\t\t\t\t\t<\/div>\r\n\t\t\t\t\t\t<\/div>\r\n\r\n\t\t\t\t\t\t<div class=\"smc_player_progress_bar compact-progress-bar\">\r\n\t\t\t\t\t\t\t<div class=\"player_time_slider_base compact-player-slider-base\"><\/div>\r\n\t\t\t\t\t\t\t<div class=\"player_time_slider compact-player-slider\"><\/div>\r\n\t\t\t\t\t\t<\/div>\r\n\r\n\t\t\t\t\t\t<div class=\"compact-info-bottom clearfix\">\r\n\t\t\t\t\t\t\t<div class=\"compact-timeline\">\r\n\t\t\t\t\t\t\t\t<span class=\"song_current_progress compact_current_progress\">0:00<\/span>\r\n\t\t\t\t\t\t\t\t<span class=\"player_duration_sep compact_duration_sep\">&#47;<\/span>\r\n\t\t\t\t\t\t\t\t<span class=\"song_duration compact_song_duration\">0:00<\/span>\r\n\t\t\t\t\t\t\t<\/div>\r\n\r\n\t\t\t\t\t\t\t\r\n\t\t\t\t\t\t\t<div class=\"compact-controls\">\r\n\t\t\t\t\t\t\t\t\t\t\t\t\t\t\t\t\t\t\t\t\t\t\t\t<i class=\"fas fa-step-backward mpfe-compact-bottom-player-icon\"><\/i>\r\n\t\t\t\t\t\t\t\t<i class=\"fas fa-step-forward mpfe-compact-bottom-player-icon\"><\/i>\r\n\t\t\t\t\t\t\t\t\t\t\t\t\t\t\t\t\t\t\t\t\t\t\t\t\t\t\t\t\t\t\t\t\t\t\t\t\t\t\t\t<i class=\"fas fa-list-ul mpfe-compact-list\"><\/i>\r\n\t\t\t\t\t\t\t\t\t\t\t\t\t\t\t<\/div>\r\n\t\t\t\t\t\t<\/div>\r\n\t\t\t\t\t<\/div>\r\n\t\t\t\t<\/div>\r\n\t\t\t<\/div>\r\n\r\n\t\t\t\r\n\t\t\t<div class=\"swp-compact-playlist swp-playlist-popup\">\r\n\t\t\t\t\t\t\t\t<div class=\"compact-close-playlist-container\">\r\n\t\t\t\t<\/div>\r\n\t\t\t\t\t\t\t\t<div class=\"swp-compact-playlist-inner-container swp-playlist-popup-inner\">\r\n\t\t\t\t\t<div class=\"swp-compact-playlist-inner\">\r\n\t\t\t\t\t\t\t<div class=\"swp_music_player_entry compact-player-entry clearfix\" data-mediafile=\"https:\/\/ia804507.us.archive.org\/2\/items\/emission-caradoc-tipi-macamp-11.07.2021\/EMISSION_CARADOC-TIPI-MACAMP_11.07.2021.mp3\">\r\n\t\t\t<span class=\"swp_song_details player_entry_left\">\r\n\t\t\t\t<span class=\"play_icon\">\r\n\t\t\t\t\t<i class=\"fas fa-play before_song compact_bs\"><\/i>\r\n\t\t\t\t<\/span>\r\n\t\t\t\t<span class=\"player_song_name transition3\" data-albumname=\"\">\r\n\t\t\t\t\tTipi - Ma Campagne\t\t\t\t<\/span>\r\n\t\t\t<\/span>\r\n\r\n\t\t\t<span class=\"entry_duration mpfe_fix_lh\"><\/span>\t\t\r\n\r\n\t\t\t<span class=\"song_buy_icons compact_buy_icons transition3 mobile_visibility_hide\">\r\n\t\t\t\t\t\t\t\t\t\t\t\t\t\t\t\t\t\t\t<\/span>\r\n\r\n\t\t\t\t\t<\/div>\r\n\r\n\t\t\t\t\t\t\t<\/div>\r\n\t\t\t\t<\/div>\r\n\t\t\t<\/div>\r\n\t\t<\/div>\r\n\r\n\t\t\t\t<\/div>\n\t\t\t\t<\/div>\n\t\t\t\t\t\t<\/div>\n\t\t\t\t\t<\/div>\n\t\t<\/div>\n\t\t\t\t<div class=\"elementor-column elementor-col-50 elementor-top-column elementor-element elementor-element-85411e6\" data-id=\"85411e6\" data-element_type=\"column\">\n\t\t\t<div class=\"elementor-column-wrap elementor-element-populated\">\n\t\t\t\t\t\t\t<div class=\"elementor-widget-wrap\">\n\t\t\t\t\t\t<div class=\"elementor-element elementor-element-d5d67ae elementor-widget elementor-widget-image\" data-id=\"d5d67ae\" data-element_type=\"widget\" data-widget_type=\"image.default\">\n\t\t\t\t<div class=\"elementor-widget-container\">\n\t\t\t\t\t\t\t\t<div class=\"elementor-image\">\n\t\t\t\t\t\t\t\t\t\t\t\t<img loading=\"lazy\" decoding=\"async\" width=\"1024\" height=\"683\" src=\"https:\/\/florence.voisin.cc\/wp-content\/uploads\/2021\/07\/217049341_4715411335153118_572896033981877398_n-1024x683.jpg\" class=\"attachment-large size-large wp-image-972\" alt=\"\" srcset=\"https:\/\/florence.voisin.cc\/wp-content\/uploads\/2021\/07\/217049341_4715411335153118_572896033981877398_n-1024x683.jpg 1024w, https:\/\/florence.voisin.cc\/wp-content\/uploads\/2021\/07\/217049341_4715411335153118_572896033981877398_n-300x200.jpg 300w, https:\/\/florence.voisin.cc\/wp-content\/uploads\/2021\/07\/217049341_4715411335153118_572896033981877398_n-768x512.jpg 768w, https:\/\/florence.voisin.cc\/wp-content\/uploads\/2021\/07\/217049341_4715411335153118_572896033981877398_n-1536x1024.jpg 1536w, https:\/\/florence.voisin.cc\/wp-content\/uploads\/2021\/07\/217049341_4715411335153118_572896033981877398_n.jpg 1944w\" sizes=\"(max-width: 1024px) 100vw, 1024px\" \/>\t\t\t\t\t\t\t\t\t\t\t\t\t\t<\/div>\n\t\t\t\t\t\t<\/div>\n\t\t\t\t<\/div>\n\t\t\t\t\t\t<\/div>\n\t\t\t\t\t<\/div>\n\t\t<\/div>\n\t\t\t\t\t\t\t\t<\/div>\n\t\t\t\t\t<\/div>\n\t\t<\/section>\n\t\t\t\t<section class=\"elementor-section elementor-top-section elementor-element elementor-element-f6485ba elementor-section-boxed elementor-section-height-default elementor-section-height-default\" data-id=\"f6485ba\" data-element_type=\"section\">\n\t\t\t\t\t\t<div class=\"elementor-container elementor-column-gap-default\">\n\t\t\t\t\t\t\t<div class=\"elementor-row\">\n\t\t\t\t\t<div class=\"elementor-column elementor-col-100 elementor-top-column elementor-element elementor-element-1eaadd0\" data-id=\"1eaadd0\" data-element_type=\"column\">\n\t\t\t<div class=\"elementor-column-wrap elementor-element-populated\">\n\t\t\t\t\t\t\t<div class=\"elementor-widget-wrap\">\n\t\t\t\t\t\t<div class=\"elementor-element elementor-element-676d0fb elementor-widget elementor-widget-image\" data-id=\"676d0fb\" data-element_type=\"widget\" data-widget_type=\"image.default\">\n\t\t\t\t<div class=\"elementor-widget-container\">\n\t\t\t\t\t\t\t\t<div class=\"elementor-image\">\n\t\t\t\t\t\t\t\t\t\t\t\t<img loading=\"lazy\" decoding=\"async\" width=\"1024\" height=\"683\" src=\"https:\/\/florence.voisin.cc\/wp-content\/uploads\/2021\/07\/217355435_4715411808486404_1913065750526042736_n-1024x683.jpg\" class=\"attachment-large size-large wp-image-971\" alt=\"\" srcset=\"https:\/\/florence.voisin.cc\/wp-content\/uploads\/2021\/07\/217355435_4715411808486404_1913065750526042736_n-1024x683.jpg 1024w, https:\/\/florence.voisin.cc\/wp-content\/uploads\/2021\/07\/217355435_4715411808486404_1913065750526042736_n-300x200.jpg 300w, https:\/\/florence.voisin.cc\/wp-content\/uploads\/2021\/07\/217355435_4715411808486404_1913065750526042736_n-768x512.jpg 768w, https:\/\/florence.voisin.cc\/wp-content\/uploads\/2021\/07\/217355435_4715411808486404_1913065750526042736_n-1536x1024.jpg 1536w, https:\/\/florence.voisin.cc\/wp-content\/uploads\/2021\/07\/217355435_4715411808486404_1913065750526042736_n.jpg 1944w\" sizes=\"(max-width: 1024px) 100vw, 1024px\" \/>\t\t\t\t\t\t\t\t\t\t\t\t\t\t<\/div>\n\t\t\t\t\t\t<\/div>\n\t\t\t\t<\/div>\n\t\t\t\t\t\t<\/div>\n\t\t\t\t\t<\/div>\n\t\t<\/div>\n\t\t\t\t\t\t\t\t<\/div>\n\t\t\t\t\t<\/div>\n\t\t<\/section>\n\t\t\t\t\t\t\t\t\t<\/div>\n\t\t\t<\/div>\n\t\t\t\t\t<\/div>\n\t\t","protected":false},"excerpt":{"rendered":"<p>Nous avons install\u00e9 notre caravane sur la place Hildesheim au centre du quartier Ma Campagne \u00e0 Angoul\u00eame et nous avons accompagn\u00e9 les habitant.es dans leurs envies de radio. Nous avons r\u00e9alis\u00e9 une \u00e9mission ensemble \u00e0 la fin de notre semaine de r\u00e9sidence au pied des immeubles. 0:00 &#47; 0:00 Tipi &#8211; Ma Campagne<\/p>\n","protected":false},"author":1,"featured_media":0,"parent":179,"menu_order":0,"comment_status":"closed","ping_status":"closed","template":"","meta":{"advgb_blocks_editor_width":"","advgb_blocks_columns_visual_guide":"","_coblocks_attr":"","_coblocks_dimensions":"","_coblocks_responsive_height":"","_coblocks_accordion_ie_support":"","_monsterinsights_skip_tracking":false,"_monsterinsights_sitenote_active":false,"_monsterinsights_sitenote_note":"","_monsterinsights_sitenote_category":0,"episode_type":"","audio_file":"","cover_image":"","cover_image_id":"","duration":"","filesize":"","date_recorded":"","explicit":"","block":"","filesize_raw":"","footnotes":""},"class_list":["post-970","page","type-page","status-publish","hentry","entry"],"yoast_head":"<!-- This site is optimized with the Yoast SEO plugin v18.9 - https:\/\/yoast.com\/wordpress\/plugins\/seo\/ -->\n<title>Caradoc, Ma Campagne - Y<\/title>\n<meta name=\"robots\" content=\"index, follow, max-snippet:-1, max-image-preview:large, max-video-preview:-1\" \/>\n<link rel=\"canonical\" href=\"https:\/\/florence.voisin.cc\/index.php\/etabli\/realisations-collectif-caradoc\/caradoc-ma-campagne\/\" \/>\n<meta property=\"og:locale\" content=\"fr_FR\" \/>\n<meta property=\"og:type\" content=\"article\" \/>\n<meta property=\"og:title\" content=\"Caradoc, Ma Campagne - Y\" \/>\n<meta property=\"og:description\" content=\"Nous avons install\u00e9 notre caravane sur la place Hildesheim au centre du quartier Ma Campagne \u00e0 Angoul\u00eame et nous avons accompagn\u00e9 les habitant.es dans leurs envies de radio. Nous avons r\u00e9alis\u00e9 une \u00e9mission ensemble \u00e0 la fin de notre semaine de r\u00e9sidence au pied des immeubles. 0:00 &#047; 0:00 Tipi &#8211; Ma Campagne\" \/>\n<meta property=\"og:url\" content=\"https:\/\/florence.voisin.cc\/index.php\/etabli\/realisations-collectif-caradoc\/caradoc-ma-campagne\/\" \/>\n<meta property=\"og:site_name\" content=\"Y\" \/>\n<meta property=\"article:modified_time\" content=\"2023-04-13T23:26:28+00:00\" \/>\n<meta property=\"og:image\" content=\"http:\/\/florence.voisin.cc\/wp-content\/uploads\/2021\/07\/217049341_4715411335153118_572896033981877398_n-1024x683.jpg\" \/>\n<meta name=\"twitter:card\" content=\"summary_large_image\" \/>\n<meta name=\"twitter:label1\" content=\"Dur\u00e9e de lecture estim\u00e9e\" \/>\n\t<meta name=\"twitter:data1\" content=\"1 minute\" \/>\n<script type=\"application\/ld+json\" class=\"yoast-schema-graph\">{\"@context\":\"https:\/\/schema.org\",\"@graph\":[{\"@type\":[\"Person\",\"Organization\"],\"@id\":\"https:\/\/florence.voisin.cc\/#\/schema\/person\/20f8006dfa5919b1c79c978dd1a0f3d7\",\"name\":\"florence\",\"logo\":{\"@id\":\"https:\/\/florence.voisin.cc\/#\/schema\/person\/image\/\"}},{\"@type\":\"WebSite\",\"@id\":\"https:\/\/florence.voisin.cc\/#website\",\"url\":\"https:\/\/florence.voisin.cc\/\",\"name\":\"Florence Voisin\",\"description\":\"\",\"publisher\":{\"@id\":\"https:\/\/florence.voisin.cc\/#\/schema\/person\/20f8006dfa5919b1c79c978dd1a0f3d7\"},\"potentialAction\":[{\"@type\":\"SearchAction\",\"target\":{\"@type\":\"EntryPoint\",\"urlTemplate\":\"https:\/\/florence.voisin.cc\/?s={search_term_string}\"},\"query-input\":\"required name=search_term_string\"}],\"inLanguage\":\"fr-FR\"},{\"@type\":\"ImageObject\",\"inLanguage\":\"fr-FR\",\"@id\":\"https:\/\/florence.voisin.cc\/index.php\/etabli\/realisations-collectif-caradoc\/caradoc-ma-campagne\/#primaryimage\",\"url\":\"https:\/\/florence.voisin.cc\/wp-content\/uploads\/2021\/07\/217049341_4715411335153118_572896033981877398_n.jpg\",\"contentUrl\":\"https:\/\/florence.voisin.cc\/wp-content\/uploads\/2021\/07\/217049341_4715411335153118_572896033981877398_n.jpg\",\"width\":1944,\"height\":1296},{\"@type\":\"WebPage\",\"@id\":\"https:\/\/florence.voisin.cc\/index.php\/etabli\/realisations-collectif-caradoc\/caradoc-ma-campagne\/#webpage\",\"url\":\"https:\/\/florence.voisin.cc\/index.php\/etabli\/realisations-collectif-caradoc\/caradoc-ma-campagne\/\",\"name\":\"Caradoc, Ma Campagne - Y\",\"isPartOf\":{\"@id\":\"https:\/\/florence.voisin.cc\/#website\"},\"primaryImageOfPage\":{\"@id\":\"https:\/\/florence.voisin.cc\/index.php\/etabli\/realisations-collectif-caradoc\/caradoc-ma-campagne\/#primaryimage\"},\"datePublished\":\"2021-07-30T09:56:11+00:00\",\"dateModified\":\"2023-04-13T23:26:28+00:00\",\"breadcrumb\":{\"@id\":\"https:\/\/florence.voisin.cc\/index.php\/etabli\/realisations-collectif-caradoc\/caradoc-ma-campagne\/#breadcrumb\"},\"inLanguage\":\"fr-FR\",\"potentialAction\":[{\"@type\":\"ReadAction\",\"target\":[\"https:\/\/florence.voisin.cc\/index.php\/etabli\/realisations-collectif-caradoc\/caradoc-ma-campagne\/\"]}]},{\"@type\":\"BreadcrumbList\",\"@id\":\"https:\/\/florence.voisin.cc\/index.php\/etabli\/realisations-collectif-caradoc\/caradoc-ma-campagne\/#breadcrumb\",\"itemListElement\":[{\"@type\":\"ListItem\",\"position\":1,\"name\":\"Accueil\",\"item\":\"https:\/\/florence.voisin.cc\/\"},{\"@type\":\"ListItem\",\"position\":2,\"name\":\"[cr\u00e9ations]\",\"item\":\"https:\/\/florence.voisin.cc\/index.php\/etabli\/\"},{\"@type\":\"ListItem\",\"position\":3,\"name\":\"Caradoc\",\"item\":\"https:\/\/florence.voisin.cc\/index.php\/etabli\/realisations-collectif-caradoc\/\"},{\"@type\":\"ListItem\",\"position\":4,\"name\":\"Caradoc, Ma Campagne\"}]}]}<\/script>\n<!-- \/ Yoast SEO plugin. -->","yoast_head_json":{"title":"Caradoc, Ma Campagne - Y","robots":{"index":"index","follow":"follow","max-snippet":"max-snippet:-1","max-image-preview":"max-image-preview:large","max-video-preview":"max-video-preview:-1"},"canonical":"https:\/\/florence.voisin.cc\/index.php\/etabli\/realisations-collectif-caradoc\/caradoc-ma-campagne\/","og_locale":"fr_FR","og_type":"article","og_title":"Caradoc, Ma Campagne - Y","og_description":"Nous avons install\u00e9 notre caravane sur la place Hildesheim au centre du quartier Ma Campagne \u00e0 Angoul\u00eame et nous avons accompagn\u00e9 les habitant.es dans leurs envies de radio. Nous avons r\u00e9alis\u00e9 une \u00e9mission ensemble \u00e0 la fin de notre semaine de r\u00e9sidence au pied des immeubles. 0:00 &#47; 0:00 Tipi &#8211; Ma Campagne","og_url":"https:\/\/florence.voisin.cc\/index.php\/etabli\/realisations-collectif-caradoc\/caradoc-ma-campagne\/","og_site_name":"Y","article_modified_time":"2023-04-13T23:26:28+00:00","og_image":[{"url":"http:\/\/florence.voisin.cc\/wp-content\/uploads\/2021\/07\/217049341_4715411335153118_572896033981877398_n-1024x683.jpg"}],"twitter_card":"summary_large_image","twitter_misc":{"Dur\u00e9e de lecture estim\u00e9e":"1 minute"},"schema":{"@context":"https:\/\/schema.org","@graph":[{"@type":["Person","Organization"],"@id":"https:\/\/florence.voisin.cc\/#\/schema\/person\/20f8006dfa5919b1c79c978dd1a0f3d7","name":"florence","logo":{"@id":"https:\/\/florence.voisin.cc\/#\/schema\/person\/image\/"}},{"@type":"WebSite","@id":"https:\/\/florence.voisin.cc\/#website","url":"https:\/\/florence.voisin.cc\/","name":"Florence Voisin","description":"","publisher":{"@id":"https:\/\/florence.voisin.cc\/#\/schema\/person\/20f8006dfa5919b1c79c978dd1a0f3d7"},"potentialAction":[{"@type":"SearchAction","target":{"@type":"EntryPoint","urlTemplate":"https:\/\/florence.voisin.cc\/?s={search_term_string}"},"query-input":"required name=search_term_string"}],"inLanguage":"fr-FR"},{"@type":"ImageObject","inLanguage":"fr-FR","@id":"https:\/\/florence.voisin.cc\/index.php\/etabli\/realisations-collectif-caradoc\/caradoc-ma-campagne\/#primaryimage","url":"https:\/\/florence.voisin.cc\/wp-content\/uploads\/2021\/07\/217049341_4715411335153118_572896033981877398_n.jpg","contentUrl":"https:\/\/florence.voisin.cc\/wp-content\/uploads\/2021\/07\/217049341_4715411335153118_572896033981877398_n.jpg","width":1944,"height":1296},{"@type":"WebPage","@id":"https:\/\/florence.voisin.cc\/index.php\/etabli\/realisations-collectif-caradoc\/caradoc-ma-campagne\/#webpage","url":"https:\/\/florence.voisin.cc\/index.php\/etabli\/realisations-collectif-caradoc\/caradoc-ma-campagne\/","name":"Caradoc, Ma Campagne - Y","isPartOf":{"@id":"https:\/\/florence.voisin.cc\/#website"},"primaryImageOfPage":{"@id":"https:\/\/florence.voisin.cc\/index.php\/etabli\/realisations-collectif-caradoc\/caradoc-ma-campagne\/#primaryimage"},"datePublished":"2021-07-30T09:56:11+00:00","dateModified":"2023-04-13T23:26:28+00:00","breadcrumb":{"@id":"https:\/\/florence.voisin.cc\/index.php\/etabli\/realisations-collectif-caradoc\/caradoc-ma-campagne\/#breadcrumb"},"inLanguage":"fr-FR","potentialAction":[{"@type":"ReadAction","target":["https:\/\/florence.voisin.cc\/index.php\/etabli\/realisations-collectif-caradoc\/caradoc-ma-campagne\/"]}]},{"@type":"BreadcrumbList","@id":"https:\/\/florence.voisin.cc\/index.php\/etabli\/realisations-collectif-caradoc\/caradoc-ma-campagne\/#breadcrumb","itemListElement":[{"@type":"ListItem","position":1,"name":"Accueil","item":"https:\/\/florence.voisin.cc\/"},{"@type":"ListItem","position":2,"name":"[cr\u00e9ations]","item":"https:\/\/florence.voisin.cc\/index.php\/etabli\/"},{"@type":"ListItem","position":3,"name":"Caradoc","item":"https:\/\/florence.voisin.cc\/index.php\/etabli\/realisations-collectif-caradoc\/"},{"@type":"ListItem","position":4,"name":"Caradoc, Ma Campagne"}]}]}},"coauthors":[],"author_meta":{"author_link":"https:\/\/florence.voisin.cc\/index.php\/author\/florence\/","display_name":"florence"},"relative_dates":{"created":"Publi\u00e9 5 ans il y a","modified":"Mis \u00e0 jour 3 ans il y a"},"absolute_dates":{"created":"Publi\u00e9 le 30 juillet 2021","modified":"Mise \u00e0 jour le 14 avril 2023"},"absolute_dates_time":{"created":"Publi\u00e9 le 30 juillet 2021 11 h 56 min","modified":"Mise \u00e0 jour le 14 avril 2023 1 h 26 min"},"featured_img_caption":"","featured_img":false,"uagb_featured_image_src":{"full":false,"thumbnail":false,"medium":false,"medium_large":false,"large":false,"1536x1536":false,"2048x2048":false},"uagb_author_info":{"display_name":"florence","author_link":"https:\/\/florence.voisin.cc\/index.php\/author\/florence\/"},"uagb_comment_info":0,"uagb_excerpt":"Nous avons install\u00e9 notre caravane sur la place Hildesheim au centre du quartier Ma Campagne \u00e0 Angoul\u00eame et nous avons accompagn\u00e9 les habitant.es dans leurs envies de radio. Nous avons r\u00e9alis\u00e9 une \u00e9mission ensemble \u00e0 la fin de notre semaine de r\u00e9sidence au pied des immeubles. 0:00 &#47; 0:00 Tipi &#8211; Ma Campagne","_links":{"self":[{"href":"https:\/\/florence.voisin.cc\/index.php\/wp-json\/wp\/v2\/pages\/970"}],"collection":[{"href":"https:\/\/florence.voisin.cc\/index.php\/wp-json\/wp\/v2\/pages"}],"about":[{"href":"https:\/\/florence.voisin.cc\/index.php\/wp-json\/wp\/v2\/types\/page"}],"author":[{"embeddable":true,"href":"https:\/\/florence.voisin.cc\/index.php\/wp-json\/wp\/v2\/users\/1"}],"replies":[{"embeddable":true,"href":"https:\/\/florence.voisin.cc\/index.php\/wp-json\/wp\/v2\/comments?post=970"}],"version-history":[{"count":13,"href":"https:\/\/florence.voisin.cc\/index.php\/wp-json\/wp\/v2\/pages\/970\/revisions"}],"predecessor-version":[{"id":2206,"href":"https:\/\/florence.voisin.cc\/index.php\/wp-json\/wp\/v2\/pages\/970\/revisions\/2206"}],"up":[{"embeddable":true,"href":"https:\/\/florence.voisin.cc\/index.php\/wp-json\/wp\/v2\/pages\/179"}],"wp:attachment":[{"href":"https:\/\/florence.voisin.cc\/index.php\/wp-json\/wp\/v2\/media?parent=970"}],"curies":[{"name":"wp","href":"https:\/\/api.w.org\/{rel}","templated":true}]}}